{"id":6,"date":"2019-08-23T20:02:31","date_gmt":"2019-08-23T20:02:31","guid":{"rendered":"https:\/\/cms.genusplc.com\/absglobal\/?page_id=6"},"modified":"2024-05-16T15:35:29","modified_gmt":"2024-05-16T20:35:29","slug":"home","status":"publish","type":"page","link":"https:\/\/www-test.absglobal.com\/uy\/","title":{"rendered":"Home"},"content":{"rendered":"\n\t<section class=\"latest-news-block alignwide section-wrapper block-background-gray\">\n\n\t\n\t\t<div>\n\t\t<h2 class=\"section-title-main\">\u00daltimas Noticias<\/h2>\n\t<\/div>\n\t\n\t<div class=\"grid-container\">\n\t\t<div class=\"card-row-grid\">\n\t\t\t\t\t\t\t<article id=\"post-3992\" class=\"post-6 page type-page status-publish hentry\">\n\t\t\t\t\t<a href=\"https:\/\/www-test.absglobal.com\/uy\/articles\/abs-anuncia-nuevo-responsable-para-america-latina\/\" class=\"card-row\">\n\t\t\t\t\t\t<div class=\"card-title\">\n\t\t\t\t\t\t\t<h4>ABS anuncia nuevo responsable para Am\u00e9rica Latina<\/h4>\n\t\t\t\t\t\t<\/div>\n\t\t\t\t\t<\/a>\n\t\t\t\t<\/article>\n\t\t\t\t\t\t\t<article id=\"post-3989\" class=\"post-6 page type-page status-publish hentry\">\n\t\t\t\t\t<a href=\"https:\/\/www-test.absglobal.com\/uy\/articles\/lanzamiento-de-la-nueva-aplicacion-de-abs-informacion-disponible-donde-quiera-que-estes\/\" class=\"card-row\">\n\t\t\t\t\t\t<div class=\"card-title\">\n\t\t\t\t\t\t\t<h4>Lanzamiento de la nueva aplicaci\u00f3n de ABS \u00a1Informaci\u00f3n disponible d\u00f3nde quiera que est\u00e9s!<\/h4>\n\t\t\t\t\t\t<\/div>\n\t\t\t\t\t<\/a>\n\t\t\t\t<\/article>\n\t\t\t\t\t\t\t<article id=\"post-3979\" class=\"post-6 page type-page status-publish hentry\">\n\t\t\t\t\t<a href=\"https:\/\/www-test.absglobal.com\/uy\/articles\/dia-mundial-de-la-leche-mejorando-la-calidad-y-cantidad-de-la-leche-con-genetica-abs\/\" class=\"card-row\">\n\t\t\t\t\t\t<div class=\"card-title\">\n\t\t\t\t\t\t\t<h4>D\u00eda Mundial de la Leche: Mejorando la Calidad y Cantidad de la Leche con Gen\u00e9tica ABS<\/h4>\n\t\t\t\t\t\t<\/div>\n\t\t\t\t\t<\/a>\n\t\t\t\t<\/article>\n\t\t\t\t\t\t\t<article id=\"post-3975\" class=\"post-6 page type-page status-publish hentry\">\n\t\t\t\t\t<a href=\"https:\/\/www-test.absglobal.com\/uy\/articles\/abs-global-se-enorgullece-de-anunciar-un-logro-extraordinario-el-programa-rwd-alcanza-un-billon-de-resultados-transformando-la-industria-lechera\/\" class=\"card-row\">\n\t\t\t\t\t\t<div class=\"card-title\">\n\t\t\t\t\t\t\t<h4>ABS Global se enorgullece de anunciar un logro extraordinario: El programa RWD alcanza un mil millones de resultados, transformando la industria lechera<\/h4>\n\t\t\t\t\t\t<\/div>\n\t\t\t\t\t<\/a>\n\t\t\t\t<\/article>\n\t\t\t\t\t\t\t<article id=\"post-3923\" class=\"post-6 page type-page status-publish hentry\">\n\t\t\t\t\t<a href=\"https:\/\/www-test.absglobal.com\/uy\/articles\/catalogo-de-carne-abs-se-lanza-con-grandes-opciones-para-esta-temporada\/\" class=\"card-row\">\n\t\t\t\t\t\t<div class=\"card-title\">\n\t\t\t\t\t\t\t<h4>Cat\u00e1logo de Carne ABS se lanza con grandes opciones para esta temporada<\/h4>\n\t\t\t\t\t\t<\/div>\n\t\t\t\t\t<\/a>\n\t\t\t\t<\/article>\n\t\t\t\n\t\t\t\t\t\t<div class=\"button-wrapper\">\n\t\t\t\t<a class=\"button\" href=\"https:\/\/www-test.absglobal.com\/uy\/articles\/\">\n\t\t\t\t\tMore News\t\t\t\t<\/a>\n\t\t\t<\/div>\n\t\t\t\t\t<\/div>\n\t<\/div>\n\n\t\n\t<\/section>\n\n\n\n\t<section id=\"repFinder\" class=\"alignfull rep-finder\" data-magellan-target=\"repFinder\">\n\t\t<div class=\"section-wrapper\">\n\t\t\t\t\t\t\t<h2 class=\"section-title\">Encuentre a su vendedor local<\/h2>\n\t\t\t\n\t\t\t<div class=\"grid-x grid-margin-x align-justify rep-finder-inner\">\n\t\t\t\t<div class=\"cell medium-large-6\">\n\t\t\t\t\t<button class=\"button rep-finder-cta\" id=\"selectRep\" data-open=\"repFinderModal\">Seleccione su Representante<\/button>\n\t\t\t\t\t<div class=\"rep-finder-selected-rep\" id=\"selectedRep\"><\/div>\n\t\t\t\t<\/div>\n\n\t\t\t\t\t\t\t\t\t<div class=\"cell medium-large-6\">\n\t\t\t\t\t\t<h4>Preguntas Generales<\/h4>\n\t\t\t\t\t\t<hr class=\"rep-finder-divider\">\n\t\t\t\t\t\t\t\t\t\t\t\t\t<ul class=\"rep-finder-details\">\n\t\t\t\t\t\t\t\t\t\t\t\t\t\t\t\t\t<li><a href=\"tel:2606 2036\"><h5><img decoding=\"async\" src=\"https:\/\/www-test.absglobal.com\/uy\/wp-content\/themes\/abs\/dist\/assets\/img\/icons\/phone-icon.svg\" alt=\"Phone icon\"> 2606 2036<\/h5><\/a><\/li>\n\t\t\t\t\t\t\t\t\t\t\t\t\t\t\t\t\t\t<li><a href=\"mailto:yanina.diaz@genusplc.com\"><h5><img decoding=\"async\" src=\"https:\/\/www-test.absglobal.com\/uy\/wp-content\/themes\/abs\/dist\/assets\/img\/icons\/email-icon.svg\" alt=\"Email icon\"> yanina.diaz@genusplc.com<\/h5><\/a><\/li>\n\t\t\t\t\t\t\t\t\t\t\t\t\t\t\t<\/ul>\n\t\t\t\t\t\t\t\t\t\t\t<\/div>\n\t\t\t\t\t\t\t<\/div>\n\t\t<\/div>\n\t<\/section>\n\t","protected":false},"excerpt":{"rendered":"","protected":false},"author":10,"featured_media":0,"parent":0,"menu_order":0,"comment_status":"closed","ping_status":"closed","template":"","meta":{"_acf_changed":false,"content-type":"","footnotes":""},"class_list":["post-6","page","type-page","status-publish","hentry"],"acf":[],"yoast_head":"<!-- This site is optimized with the Yoast SEO Premium plugin v22.1 (Yoast SEO v25.3) - https:\/\/yoast.com\/wordpress\/plugins\/seo\/ -->\n<title>Home - ABS Global Uruguay<\/title>\n<meta name=\"robots\" content=\"index, follow, max-snippet:-1, max-image-preview:large, max-video-preview:-1\" \/>\n<link rel=\"canonical\" href=\"https:\/\/www-test.absglobal.com\/uy\/\" \/>\n<meta property=\"og:locale\" content=\"es_ES\" \/>\n<meta property=\"og:type\" content=\"article\" \/>\n<meta property=\"og:title\" content=\"Home\" \/>\n<meta property=\"og:url\" content=\"https:\/\/www-test.absglobal.com\/uy\/\" \/>\n<meta property=\"og:site_name\" content=\"ABS Global Uruguay\" \/>\n<meta property=\"article:modified_time\" content=\"2024-05-16T20:35:29+00:00\" \/>\n<meta name=\"twitter:card\" content=\"summary_large_image\" \/>\n<script type=\"application\/ld+json\" class=\"yoast-schema-graph\">{\"@context\":\"https:\/\/schema.org\",\"@graph\":[{\"@type\":\"WebPage\",\"@id\":\"https:\/\/www-test.absglobal.com\/uy\/\",\"url\":\"https:\/\/www-test.absglobal.com\/uy\/\",\"name\":\"Home - ABS Global Uruguay\",\"isPartOf\":{\"@id\":\"https:\/\/www-test.absglobal.com\/uy\/#website\"},\"datePublished\":\"2019-08-23T20:02:31+00:00\",\"dateModified\":\"2024-05-16T20:35:29+00:00\",\"breadcrumb\":{\"@id\":\"https:\/\/www-test.absglobal.com\/uy\/#breadcrumb\"},\"inLanguage\":\"es\",\"potentialAction\":[{\"@type\":\"ReadAction\",\"target\":[\"https:\/\/www-test.absglobal.com\/uy\/\"]}]},{\"@type\":\"BreadcrumbList\",\"@id\":\"https:\/\/www-test.absglobal.com\/uy\/#breadcrumb\",\"itemListElement\":[{\"@type\":\"ListItem\",\"position\":1,\"name\":\"Home\",\"item\":\"https:\/\/www-test.absglobal.com\/uy\/\"},{\"@type\":\"ListItem\",\"position\":2,\"name\":\"Home\"}]},{\"@type\":\"WebSite\",\"@id\":\"https:\/\/www-test.absglobal.com\/uy\/#website\",\"url\":\"https:\/\/www-test.absglobal.com\/uy\/\",\"name\":\"ABS Global Uruguay\",\"description\":\"\",\"publisher\":{\"@id\":\"https:\/\/www-test.absglobal.com\/uy\/#organization\"},\"potentialAction\":[{\"@type\":\"SearchAction\",\"target\":{\"@type\":\"EntryPoint\",\"urlTemplate\":\"https:\/\/www-test.absglobal.com\/uy\/?s={search_term_string}\"},\"query-input\":{\"@type\":\"PropertyValueSpecification\",\"valueRequired\":true,\"valueName\":\"search_term_string\"}}],\"inLanguage\":\"es\"},{\"@type\":\"Organization\",\"@id\":\"https:\/\/www-test.absglobal.com\/uy\/#organization\",\"name\":\"ABS Global Uruguay\",\"url\":\"https:\/\/www-test.absglobal.com\/uy\/\",\"logo\":{\"@type\":\"ImageObject\",\"inLanguage\":\"es\",\"@id\":\"https:\/\/www-test.absglobal.com\/uy\/#\/schema\/logo\/image\/\",\"url\":\"https:\/\/www-test.absglobal.com\/uy\/wp-content\/uploads\/sites\/20\/2020\/03\/LogoRGB.png\",\"contentUrl\":\"https:\/\/www-test.absglobal.com\/uy\/wp-content\/uploads\/sites\/20\/2020\/03\/LogoRGB.png\",\"width\":872,\"height\":1080,\"caption\":\"ABS Global Uruguay\"},\"image\":{\"@id\":\"https:\/\/www-test.absglobal.com\/uy\/#\/schema\/logo\/image\/\"}}]}<\/script>\n<!-- \/ Yoast SEO Premium plugin. -->","yoast_head_json":{"title":"Home - ABS Global Uruguay","robots":{"index":"index","follow":"follow","max-snippet":"max-snippet:-1","max-image-preview":"max-image-preview:large","max-video-preview":"max-video-preview:-1"},"canonical":"https:\/\/www-test.absglobal.com\/uy\/","og_locale":"es_ES","og_type":"article","og_title":"Home","og_url":"https:\/\/www-test.absglobal.com\/uy\/","og_site_name":"ABS Global Uruguay","article_modified_time":"2024-05-16T20:35:29+00:00","twitter_card":"summary_large_image","schema":{"@context":"https:\/\/schema.org","@graph":[{"@type":"WebPage","@id":"https:\/\/www-test.absglobal.com\/uy\/","url":"https:\/\/www-test.absglobal.com\/uy\/","name":"Home - ABS Global Uruguay","isPartOf":{"@id":"https:\/\/www-test.absglobal.com\/uy\/#website"},"datePublished":"2019-08-23T20:02:31+00:00","dateModified":"2024-05-16T20:35:29+00:00","breadcrumb":{"@id":"https:\/\/www-test.absglobal.com\/uy\/#breadcrumb"},"inLanguage":"es","potentialAction":[{"@type":"ReadAction","target":["https:\/\/www-test.absglobal.com\/uy\/"]}]},{"@type":"BreadcrumbList","@id":"https:\/\/www-test.absglobal.com\/uy\/#breadcrumb","itemListElement":[{"@type":"ListItem","position":1,"name":"Home","item":"https:\/\/www-test.absglobal.com\/uy\/"},{"@type":"ListItem","position":2,"name":"Home"}]},{"@type":"WebSite","@id":"https:\/\/www-test.absglobal.com\/uy\/#website","url":"https:\/\/www-test.absglobal.com\/uy\/","name":"ABS Global Uruguay","description":"","publisher":{"@id":"https:\/\/www-test.absglobal.com\/uy\/#organization"},"potentialAction":[{"@type":"SearchAction","target":{"@type":"EntryPoint","urlTemplate":"https:\/\/www-test.absglobal.com\/uy\/?s={search_term_string}"},"query-input":{"@type":"PropertyValueSpecification","valueRequired":true,"valueName":"search_term_string"}}],"inLanguage":"es"},{"@type":"Organization","@id":"https:\/\/www-test.absglobal.com\/uy\/#organization","name":"ABS Global Uruguay","url":"https:\/\/www-test.absglobal.com\/uy\/","logo":{"@type":"ImageObject","inLanguage":"es","@id":"https:\/\/www-test.absglobal.com\/uy\/#\/schema\/logo\/image\/","url":"https:\/\/www-test.absglobal.com\/uy\/wp-content\/uploads\/sites\/20\/2020\/03\/LogoRGB.png","contentUrl":"https:\/\/www-test.absglobal.com\/uy\/wp-content\/uploads\/sites\/20\/2020\/03\/LogoRGB.png","width":872,"height":1080,"caption":"ABS Global Uruguay"},"image":{"@id":"https:\/\/www-test.absglobal.com\/uy\/#\/schema\/logo\/image\/"}}]}},"jetpack_sharing_enabled":true,"_links":{"self":[{"href":"https:\/\/www-test.absglobal.com\/uy\/wp-json\/wp\/v2\/pages\/6"}],"collection":[{"href":"https:\/\/www-test.absglobal.com\/uy\/wp-json\/wp\/v2\/pages"}],"about":[{"href":"https:\/\/www-test.absglobal.com\/uy\/wp-json\/wp\/v2\/types\/page"}],"author":[{"embeddable":true,"href":"https:\/\/www-test.absglobal.com\/uy\/wp-json\/wp\/v2\/users\/10"}],"replies":[{"embeddable":true,"href":"https:\/\/www-test.absglobal.com\/uy\/wp-json\/wp\/v2\/comments?post=6"}],"version-history":[{"count":189,"href":"https:\/\/www-test.absglobal.com\/uy\/wp-json\/wp\/v2\/pages\/6\/revisions"}],"predecessor-version":[{"id":3973,"href":"https:\/\/www-test.absglobal.com\/uy\/wp-json\/wp\/v2\/pages\/6\/revisions\/3973"}],"wp:attachment":[{"href":"https:\/\/www-test.absglobal.com\/uy\/wp-json\/wp\/v2\/media?parent=6"}],"curies":[{"name":"wp","href":"https:\/\/api.w.org\/{rel}","templated":true}]}}