{"id":10,"date":"2019-08-23T20:02:59","date_gmt":"2019-08-23T20:02:59","guid":{"rendered":"https:\/\/cms.genusplc.com\/absglobal\/?page_id=10"},"modified":"2021-11-08T04:23:15","modified_gmt":"2021-11-08T09:23:15","slug":"careers","status":"publish","type":"page","link":"https:\/\/www-test.absglobal.com\/pl\/careers\/","title":{"rendered":"Kariera"},"content":{"rendered":"\n<h2 class=\"has-text-align-center is-style-underline wp-block-heading\" id=\"current-opportunities\">Aktualne oferty pracy<\/h2>\n\n\n\n\n\n<h2 class=\"has-text-align-center is-style-underline wp-block-heading\" id=\"current-opportunities\">Og\u00f3lno\u015bwiatowe oferty pracy<\/h2>\n\n\n\t<div id=\"\" class=\"section-wrapper background-light alignfull \" data-magellan-target=\"\">\n\t\t<section class=\"section-wrapper\">\n\t\t\t<article class=\"article\">\n\t\t\t\t<h2 class=\"article-title text-center\"><\/h2>\n\t\t\t\t<div class=\"article-intro\"><p><span style=\"vertical-align: inherit\"><span style=\"vertical-align: inherit\">We operate in 70 countries, our employees are located all over the world.<\/span><\/span><\/p>\n<\/div>\n\t\t\t<\/article>\n\n\t\t\t\t\t<\/section>\n\t<\/div>\n\t\n\n\n<h2 class=\"has-text-align-center is-style-underline wp-block-heading\">Program Absolwent Genus ABS<\/h2>\n\n\n\n<figure class=\"wp-block-image\"><a href=\"https:\/\/www-test.absglobal.com\/pl\/wp-content\/uploads\/sites\/29\/2021\/02\/Program-Absolwent.pdf\"><img fetchpriority=\"high\" decoding=\"async\" width=\"600\" height=\"800\" src=\"https:\/\/www-test.absglobal.com\/pl\/wp-content\/uploads\/sites\/29\/2021\/02\/Program-Absolwent_Strona_01_zoom.jpg?w=600\" alt=\"\" class=\"wp-image-4459\" srcset=\"https:\/\/www-test.absglobal.com\/pl\/wp-content\/uploads\/sites\/29\/2021\/02\/Program-Absolwent_Strona_01_zoom.jpg 600w, https:\/\/www-test.absglobal.com\/pl\/wp-content\/uploads\/sites\/29\/2021\/02\/Program-Absolwent_Strona_01_zoom.jpg?resize=225,300 225w\" sizes=\"(max-width: 600px) 100vw, 600px\" \/><\/a><\/figure>\n\n\n\n<h2 class=\"has-text-align-center is-style-underline wp-block-heading\" id=\"why-work-at-abs\">Dlaczego warto pracowa\u0107 w ABS?<\/h2>\n\n\n\n<div class=\"wp-block-columns alignwide has-2-columns align-middle reverse is-layout-flex wp-container-core-columns-is-layout-1 wp-block-columns-is-layout-flex\">\n<div class=\"wp-block-column is-layout-flow wp-block-column-is-layout-flow\">\n<p>Jako cz\u0119\u015b\u0107 Genus plc, wiod\u0105cej na \u015bwiecie firmy zajmuj\u0105cej si\u0119 genetyk\u0105 i biotechnologi\u0105 zwierz\u0105t, ABS Global pomaga swoim klientom wprowadzi\u0107 &#8211; i maksymalnie wykorzysta\u0107 &#8211; genetyczn\u0105 popraw\u0119 w swoich stadach poprzez zwi\u0119kszenie rentowno\u015bci i zwi\u0119kszenie poda\u017cy bia\u0142ka zwierz\u0119cego w celu od\u017cywiania \u015bwiata.<\/p>\n<\/div>\n\n\n\n<div class=\"wp-block-column is-layout-flow wp-block-column-is-layout-flow\">\n<figure class=\"wp-block-image size-full\"><img decoding=\"async\" width=\"1000\" height=\"1000\" src=\"https:\/\/cms.genusplc.com\/absglobal\/wp-content\/uploads\/sites\/27\/2020\/02\/Careers-05.jpg\" alt=\"\" class=\"wp-image-1184\" srcset=\"https:\/\/www-test.absglobal.com\/pl\/wp-content\/uploads\/sites\/29\/2020\/02\/Careers-05.jpg 1000w, https:\/\/www-test.absglobal.com\/pl\/wp-content\/uploads\/sites\/29\/2020\/02\/Careers-05.jpg?resize=150,150 150w, https:\/\/www-test.absglobal.com\/pl\/wp-content\/uploads\/sites\/29\/2020\/02\/Careers-05.jpg?resize=300,300 300w, https:\/\/www-test.absglobal.com\/pl\/wp-content\/uploads\/sites\/29\/2020\/02\/Careers-05.jpg?resize=768,768 768w\" sizes=\"(max-width: 1000px) 100vw, 1000px\" \/><\/figure>\n<\/div>\n<\/div>\n\n\n\n<div class=\"wp-block-columns alignwide has-2-columns align-middle is-layout-flex wp-container-core-columns-is-layout-2 wp-block-columns-is-layout-flex\">\n<div class=\"wp-block-column is-layout-flow wp-block-column-is-layout-flow\">\n<figure class=\"wp-block-image size-full\"><img decoding=\"async\" width=\"1000\" height=\"1000\" src=\"https:\/\/cms.genusplc.com\/absglobal\/wp-content\/uploads\/sites\/27\/2020\/02\/Careers-03-1.jpg\" alt=\"\" class=\"wp-image-1185\" srcset=\"https:\/\/www-test.absglobal.com\/pl\/wp-content\/uploads\/sites\/29\/2020\/02\/Careers-03-1.jpg 1000w, https:\/\/www-test.absglobal.com\/pl\/wp-content\/uploads\/sites\/29\/2020\/02\/Careers-03-1.jpg?resize=150,150 150w, https:\/\/www-test.absglobal.com\/pl\/wp-content\/uploads\/sites\/29\/2020\/02\/Careers-03-1.jpg?resize=300,300 300w, https:\/\/www-test.absglobal.com\/pl\/wp-content\/uploads\/sites\/29\/2020\/02\/Careers-03-1.jpg?resize=768,768 768w\" sizes=\"(max-width: 1000px) 100vw, 1000px\" \/><\/figure>\n<\/div>\n\n\n\n<div class=\"wp-block-column is-layout-flow wp-block-column-is-layout-flow\">\n<p>Zesp\u00f3\u0142 ABS ds. bada\u0144 i rozwoju (ABS Research &amp; Development) wykorzystuje najnowocze\u015bniejsze techniki i technologie w celu przyspieszenia post\u0119pu genetycznego oraz dostarczania coraz szerszej gamy produkt\u00f3w genetycznych, narz\u0119dzi i us\u0142ug dla naszych klient\u00f3w.<\/p>\n<\/div>\n<\/div>\n\n\n\n<div class=\"wp-block-columns alignwide has-2-columns align-middle reverse is-layout-flex wp-container-core-columns-is-layout-3 wp-block-columns-is-layout-flex\">\n<div class=\"wp-block-column is-layout-flow wp-block-column-is-layout-flow\">\n<p>Nasz zesp\u00f3\u0142 sk\u0142ada sie zar\u00f3wno z naukowc\u00f3w, sprzedawc\u00f3w, jak i za\u0142ogi pracuj\u0105cej przy produkcji i personelu obs\u0142ugi klienta. Wszyscy odgrywaj\u0105 wa\u017cn\u0105 rol\u0119 w pomaganiu naszym klientom w czerpaniu korzy\u015bci z post\u0119pu genetycznego.<\/p>\n<\/div>\n\n\n\n<div class=\"wp-block-column is-layout-flow wp-block-column-is-layout-flow\">\n<figure class=\"wp-block-image size-large\"><img loading=\"lazy\" decoding=\"async\" width=\"800\" height=\"800\" src=\"https:\/\/cms.genusplc.com\/absglobal-gb\/wp-content\/uploads\/sites\/31\/2020\/03\/Careers-04-1.jpg?w=800\" alt=\"\" class=\"wp-image-3185\" srcset=\"https:\/\/www-test.absglobal.com\/pl\/wp-content\/uploads\/sites\/29\/2020\/03\/Careers-04-1.jpg 800w, https:\/\/www-test.absglobal.com\/pl\/wp-content\/uploads\/sites\/29\/2020\/03\/Careers-04-1.jpg?resize=150,150 150w, https:\/\/www-test.absglobal.com\/pl\/wp-content\/uploads\/sites\/29\/2020\/03\/Careers-04-1.jpg?resize=300,300 300w, https:\/\/www-test.absglobal.com\/pl\/wp-content\/uploads\/sites\/29\/2020\/03\/Careers-04-1.jpg?resize=768,768 768w\" sizes=\"(max-width: 800px) 100vw, 800px\" \/><\/figure>\n<\/div>\n<\/div>\n\n\n\t<section id=\"our-offer\" class=\"alignfull section-wrapper section-wrapper-fluid section-wrapper-banner\" data-magellan-target=\"our-offer\">\n\t\t\t\t\t<div class=\"section-wrapper-background\" style=\"background-image: url('https:\/\/www-test.absglobal.com\/pl\/wp-content\/uploads\/sites\/29\/2020\/03\/Careers-02.jpg');\"><\/div>\n\t\t\t\t\t\t\t<div class=\"section-wrapper-overlay\"><\/div>\n\t\t\t\t<div class=\"section-wrapper-inner\">\n\t\t\t<article class=\"article\">\n\t\t\t\t\t\t\t\t\t<h2 class=\"section-title-main\">Nasza oferta<\/h2>\n\t\t\t\t\n\t\t\t\t<p><span style=\"vertical-align: inherit\"><span style=\"vertical-align: inherit\">While the specifics of an individual offer will naturally vary by job title and country, we make several important commitments to each employee. <\/span><span style=\"vertical-align: inherit\">Regardless of the role and place of work, you can count on:<\/span><\/span><\/p>\n<p><strong><span style=\"vertical-align: inherit\"><span style=\"vertical-align: inherit\">Career Development:<\/span><\/span><\/strong><span style=\"vertical-align: inherit\"><span style=\"vertical-align: inherit\"> You can build the career you want in ABS. <\/span><span style=\"vertical-align: inherit\">We will work with you to understand your aspirations and then help you find the path you want and make the progress you need.<\/span><\/span><\/p>\n<p><strong>Uczenie si\u0119 i rozw\u00f3j:<\/strong> Om\u00f3wimy i opracujemy osobisty plan uczenia si\u0119 i rozwoju. Od pomocy w zakresie studi\u00f3w zawodowych, po mentoring i coaching w miejscu pracy, b\u0119dziemy wsp\u00f3\u0142pracowa\u0107 z Tob\u0105, aby zidentyfikowa\u0107 i wykorzysta\u0107 wsparcie potrzebne do rozwoju.<\/p>\n<p><strong>Zarz\u0105dzanie talentami:<\/strong> Nasz program kszta\u0142ci tych, kt\u00f3rzy wykazuj\u0105 wysoki potencja\u0142 do poruszania si\u0119 po organizacji i \/ lub zostania ekspertem w swojej dziedzinie. Pomaga im uzyska\u0107 szanse, wyzwania i wsparcie potrzebne do wykorzystania tego potencja\u0142u.<\/p>\n<p><strong>Zarz\u0105dzanie wydajno\u015bci\u0105:<\/strong> Ka\u017cdy pracownik, na ka\u017cdym poziomie firmy, ma jasne i mierzalne cele roczne z przegl\u0105dami post\u0119p\u00f3w w po\u0142owie i przez ca\u0142y rok. Te wysokiej jako\u015bci, pog\u0142\u0119bione dyskusje z kierownikiem pomagaj\u0105 mierzy\u0107 post\u0119py i wyja\u015bnia\u0107 aspiracje.<\/p>\n<p><strong>Wynagrodzenie i \u015bwiadczenia:<\/strong> Oferujemy konkurencyjne wynagrodzenie i \u015bwiadczenia we wszystkich obszarach firmy. Plany bonusowe s\u0105 dost\u0119pne dla wielu r\u00f3l z pakietami dostosowanymi do rynku pracy w ka\u017cdym kraju.<\/p>\n<p><strong>Technologia i narz\u0119dzia:<\/strong> Jeste\u015bmy firm\u0105, kt\u00f3ra korzysta z technologii, dzi\u0119ki czemu mo\u017cesz liczy\u0107 na narz\u0119dzia i wsparcie potrzebne do odniesienia sukcesu.<\/p>\n<p><strong>R\u00f3wnowaga mi\u0119dzy \u017cyciem zawodowym a prywatnym:<\/strong> Zdajemy sobie spraw\u0119, \u017ce ludzie maj\u0105 \u017cycie poza prac\u0105 i zach\u0119camy ka\u017cdego z naszych pracownik\u00f3w do zachowania odpowiedniej r\u00f3wnowagi, jednocze\u015bnie wspieraj\u0105c innych w ich wysi\u0142kach.<\/p>\n\n\t\t\t\t\t\t\t<\/article>\n\t\t<\/div>\n\t<\/section>\n\t\n\n\n<h2 class=\"is-style-underline wp-block-heading\" id=\"our-culture\">Nasza Kultura<\/h2>\n\n\n\n<p class=\"has-text-align-left\">Jako jedyna firma zajmuj\u0105ca si\u0119 genetyk\u0105 zwierz\u0105t o prawdziwie og\u00f3lno\u015bwiatowym zasi\u0119gu i wyra\u017anie globalnym nastawieniu, zach\u0119camy do codziennej wsp\u00f3\u0142pracy mi\u0119dzy kolegami z r\u00f3\u017cnych firm, kraj\u00f3w i r\u00f3l.<br><br>Rozwijamy si\u0119 dzi\u0119ki temu.<br><br>Do\u0142\u0105czaj\u0105c do ABS Global i zespo\u0142u Genus, pomo\u017cesz rozwin\u0105\u0107 nasz\u0105 wizj\u0119 poprzez wsp\u00f3lne zobowi\u0105zanie wobec siebie i naszych klient\u00f3w.<br><br>W kulturze szacunku, otwarto\u015bci i uczciwo\u015bci mo\u017cesz by\u0107 sob\u0105 i by\u0107 cz\u0119\u015bci\u0105 rosn\u0105cego globalnego zespo\u0142u. Bez wzgl\u0119du na pochodzenie, rol\u0119 lub obszar pracy b\u0119dziesz mie\u0107 szans\u0119 na rozw\u00f3j w \u015brodowisku inspiruj\u0105cym, stawiaj\u0105cym wyzwania i wspieraj\u0105cym Tw\u00f3j sukces.<\/p>\n\n\n\n<div style=\"height:100px\" aria-hidden=\"true\" class=\"wp-block-spacer\"><\/div>\n\n\n\n<figure class=\"wp-block-image alignfull size-full is-style-default\"><img loading=\"lazy\" decoding=\"async\" width=\"3840\" height=\"1280\" src=\"https:\/\/cms.genusplc.com\/absglobal-gb\/wp-content\/uploads\/sites\/31\/2020\/03\/Careers-02.jpeg\" alt=\"\" class=\"wp-image-3191\" srcset=\"https:\/\/www-test.absglobal.com\/pl\/wp-content\/uploads\/sites\/29\/2020\/03\/Careers-02.jpeg 3840w, https:\/\/www-test.absglobal.com\/pl\/wp-content\/uploads\/sites\/29\/2020\/03\/Careers-02.jpeg?resize=300,100 300w, https:\/\/www-test.absglobal.com\/pl\/wp-content\/uploads\/sites\/29\/2020\/03\/Careers-02.jpeg?resize=768,256 768w, https:\/\/www-test.absglobal.com\/pl\/wp-content\/uploads\/sites\/29\/2020\/03\/Careers-02.jpeg?resize=1024,341 1024w, https:\/\/www-test.absglobal.com\/pl\/wp-content\/uploads\/sites\/29\/2020\/03\/Careers-02.jpeg?resize=1536,512 1536w, https:\/\/www-test.absglobal.com\/pl\/wp-content\/uploads\/sites\/29\/2020\/03\/Careers-02.jpeg?resize=2048,683 2048w\" sizes=\"(max-width: 3840px) 100vw, 3840px\" \/><\/figure>\n\n\n\n<div style=\"height:100px\" aria-hidden=\"true\" class=\"wp-block-spacer\"><\/div>\n\n\n\n<h2 class=\"has-text-align-center is-style-underline wp-block-heading\" id=\"our-values\">Nasze Warto\u015bci<\/h2>\n\n\n\n<p>Nasze warto\u015bci okre\u015blaj\u0105 spos\u00f3b, w jaki wsp\u00f3\u0142pracujemy z kolegami, klientami, spo\u0142eczno\u015bciami i zwierz\u0119tami, kt\u00f3rymi si\u0119 opiekujemy. Zosta\u0142y one opracowane przy wsp\u00f3\u0142udziale koleg\u00f3w z ca\u0142ego \u015bwiata i ka\u017cdego dnia dzia\u0142aj\u0105 jako nasz kompas moralny.<\/p>\n\n\n\n\t\t<section id=\"\" class=\"alignwide section-wrapper section-wrapper block-rows \" data-magellan-target=\"\">\n\t\t\t\t\t\t\t\t<div class=\"media-block media-block-small\">\n\t\t\t\t\t\t\t\t\t\t\t\t\t<img decoding=\"async\" class=\"media-block-img\" src=\"https:\/\/www-test.absglobal.com\/pl\/wp-content\/uploads\/sites\/29\/2020\/03\/Careers-06.jpeg\" alt=\"\">\n\t\t\t\t\t\t\t\t\t\t\t\t<div class=\"media-block-content\">\n\t\t\t\t\t\t\t<h4>Koncentracja na kliencie<\/h4>\n<p>Jeste\u015bmy jednym zespo\u0142em, kt\u00f3ry pomaga klientom prowadzi\u0107 dzia\u0142alno\u015b\u0107. Przewidujemy ich potrzeby i pomagamy im wykorzystywa\u0107 okazje, dzia\u0142aj\u0105c jako partnerzy w celu poprawy jako\u015bci, efektywno\u015bci i wydajno\u015bci. Je\u015bli nie zwi\u0119kszamy warto\u015bci dla naszych klient\u00f3w, zatrzymujemy si\u0119 i my\u015blimy jeszcze raz.<\/p>\n\t\t\t\t\t\t<\/div>\n\t\t\t\t\t<\/div>\n\t\t\t\t\t\t\t\t\t\t<div class=\"media-block media-block-small\">\n\t\t\t\t\t\t\t\t\t\t\t\t\t<img decoding=\"async\" class=\"media-block-img\" src=\"https:\/\/www-test.absglobal.com\/pl\/wp-content\/uploads\/sites\/29\/2020\/03\/Careers-07.jpg\" alt=\"\">\n\t\t\t\t\t\t\t\t\t\t\t\t<div class=\"media-block-content\">\n\t\t\t\t\t\t\t<h4>Zorientowanie na wyniki<\/h4>\n<p>Jeste\u015bmy proaktywni, zdeterminowani, aby by\u0107 jak najlepszymi i przekracza\u0107 oczekiwania. Przedefiniowujemy standardy dla siebie, naszych klient\u00f3w i naszej bran\u017cy. Ka\u017cdy z nas jest dumny z zapewniania najwy\u017cszego poziomu wydajno\u015bci. Je\u015bli co\u015b mo\u017cna poprawi\u0107, znajdziemy prostszy, lepszy spos\u00f3b na zrobienie tego.<\/p>\n\t\t\t\t\t\t<\/div>\n\t\t\t\t\t<\/div>\n\t\t\t\t\t\t\t\t\t\t<div class=\"media-block media-block-small\">\n\t\t\t\t\t\t\t\t\t\t\t\t\t<img decoding=\"async\" class=\"media-block-img\" src=\"https:\/\/www-test.absglobal.com\/pl\/wp-content\/uploads\/sites\/29\/2020\/03\/Careers-9.jpg\" alt=\"\">\n\t\t\t\t\t\t\t\t\t\t\t\t<div class=\"media-block-content\">\n\t\t\t\t\t\t\t<h4>Bycie pionierem<\/h4>\n<p>Jeste\u015bmy innowacyjn\u0105, przysz\u0142o\u015bciow\u0105 firm\u0105. Mamy odwag\u0119 i zaufanie do odkrywania nowych pomys\u0142\u00f3w oraz energi\u0119 i entuzjazm do ich realizacji. Jeste\u015bmy kreatywni, wytrwali i zaradni w ka\u017cdym obszarze naszej pracy.<\/p>\n\t\t\t\t\t\t<\/div>\n\t\t\t\t\t<\/div>\n\t\t\t\t\t\t\t\t\t\t<div class=\"media-block media-block-small\">\n\t\t\t\t\t\t\t\t\t\t\t\t\t<img decoding=\"async\" class=\"media-block-img\" src=\"https:\/\/www-test.absglobal.com\/pl\/wp-content\/uploads\/sites\/29\/2020\/03\/Careers-10.jpg\" alt=\"\">\n\t\t\t\t\t\t\t\t\t\t\t\t<div class=\"media-block-content\">\n\t\t\t\t\t\t\t<h4><span style=\"vertical-align: inherit\"><span style=\"vertical-align: inherit\">Focus on people<\/span><\/span><\/h4>\n<p><span style=\"vertical-align: inherit\"><span style=\"vertical-align: inherit\">We are a company rooted in science, but built around our people. <\/span><span style=\"vertical-align: inherit\">We inspire, challenge and support everyone in their work and development. <\/span><span style=\"vertical-align: inherit\">We treat others with respect and encourage you to express views and opinions that will help us become better.<\/span><\/span><\/p>\n\t\t\t\t\t\t<\/div>\n\t\t\t\t\t<\/div>\n\t\t\t\t\t\t\t\t\t\t<div class=\"media-block media-block-small\">\n\t\t\t\t\t\t\t\t\t\t\t\t\t<img decoding=\"async\" class=\"media-block-img\" src=\"https:\/\/www-test.absglobal.com\/pl\/wp-content\/uploads\/sites\/29\/2020\/03\/Careers-08.jpg\" alt=\"\">\n\t\t\t\t\t\t\t\t\t\t\t\t<div class=\"media-block-content\">\n\t\t\t\t\t\t\t<h4><span style=\"vertical-align: inherit\"><span style=\"vertical-align: inherit\">Responsibility<\/span><\/span><\/h4>\n<p><span style=\"vertical-align: inherit\"><span style=\"vertical-align: inherit\">We are an ethical company. <\/span><span style=\"vertical-align: inherit\">We feel deeply responsible for our customers, colleagues, pets, communities and shareholders. <\/span><span style=\"vertical-align: inherit\">We are honest, reliable and trustworthy. <\/span><span style=\"vertical-align: inherit\">We say what we think and we do what we say.<\/span><\/span><\/p>\n\t\t\t\t\t\t<\/div>\n\t\t\t\t\t<\/div>\n\t\t\t\t\t\t\t<\/section>\n\n\t\t","protected":false},"excerpt":{"rendered":"<p>Aktualne oferty pracy Og\u00f3lno\u015bwiatowe oferty pracy Program Absolwent Genus ABS Dlaczego warto pracowa\u0107 w ABS? Jako cz\u0119\u015b\u0107 Genus plc, wiod\u0105cej na \u015bwiecie firmy zajmuj\u0105cej si\u0119 genetyk\u0105 i biotechnologi\u0105 zwierz\u0105t, ABS Global pomaga swoim klientom wprowadzi\u0107 &#8211; i maksymalnie wykorzysta\u0107 &#8211; genetyczn\u0105 popraw\u0119 w swoich stadach poprzez zwi\u0119kszenie rentowno\u015bci i zwi\u0119kszenie poda\u017cy bia\u0142ka zwierz\u0119cego w celu [&hellip;]<\/p>\n","protected":false},"author":10,"featured_media":0,"parent":0,"menu_order":0,"comment_status":"closed","ping_status":"closed","template":"","meta":{"_acf_changed":false,"footnotes":""},"class_list":["post-10","page","type-page","status-publish","hentry"],"acf":[],"yoast_head":"<!-- This site is optimized with the Yoast SEO Premium plugin v22.1 (Yoast SEO v25.3) - https:\/\/yoast.com\/wordpress\/plugins\/seo\/ -->\n<title>Kariera - ABS Global Polska<\/title>\n<meta name=\"robots\" content=\"index, follow, max-snippet:-1, max-image-preview:large, max-video-preview:-1\" \/>\n<link rel=\"canonical\" href=\"https:\/\/www-test.absglobal.com\/pl\/careers\/\" \/>\n<meta property=\"og:locale\" content=\"pl_PL\" \/>\n<meta property=\"og:type\" content=\"article\" \/>\n<meta property=\"og:title\" content=\"Kariera\" \/>\n<meta property=\"og:description\" content=\"Aktualne oferty pracy Og\u00f3lno\u015bwiatowe oferty pracy Program Absolwent Genus ABS Dlaczego warto pracowa\u0107 w ABS? Jako cz\u0119\u015b\u0107 Genus plc, wiod\u0105cej na \u015bwiecie firmy zajmuj\u0105cej si\u0119 genetyk\u0105 i biotechnologi\u0105 zwierz\u0105t, ABS Global pomaga swoim klientom wprowadzi\u0107 &#8211; i maksymalnie wykorzysta\u0107 &#8211; genetyczn\u0105 popraw\u0119 w swoich stadach poprzez zwi\u0119kszenie rentowno\u015bci i zwi\u0119kszenie poda\u017cy bia\u0142ka zwierz\u0119cego w celu [&hellip;]\" \/>\n<meta property=\"og:url\" content=\"https:\/\/www-test.absglobal.com\/pl\/careers\/\" \/>\n<meta property=\"og:site_name\" content=\"ABS Global Polska\" \/>\n<meta property=\"article:modified_time\" content=\"2021-11-08T09:23:15+00:00\" \/>\n<meta property=\"og:image\" content=\"https:\/\/www-test.absglobal.com\/pl\/wp-content\/uploads\/sites\/29\/2021\/02\/Program-Absolwent_Strona_01_zoom.jpg?w=600\" \/>\n<meta name=\"twitter:card\" content=\"summary_large_image\" \/>\n<meta name=\"twitter:label1\" content=\"Est. reading time\" \/>\n\t<meta name=\"twitter:data1\" content=\"3 minuty\" \/>\n<script type=\"application\/ld+json\" class=\"yoast-schema-graph\">{\"@context\":\"https:\/\/schema.org\",\"@graph\":[{\"@type\":\"WebPage\",\"@id\":\"https:\/\/www-test.absglobal.com\/pl\/careers\/\",\"url\":\"https:\/\/www-test.absglobal.com\/pl\/careers\/\",\"name\":\"Kariera - ABS Global Polska\",\"isPartOf\":{\"@id\":\"https:\/\/www-test.absglobal.com\/pl\/#website\"},\"primaryImageOfPage\":{\"@id\":\"https:\/\/www-test.absglobal.com\/pl\/careers\/#primaryimage\"},\"image\":{\"@id\":\"https:\/\/www-test.absglobal.com\/pl\/careers\/#primaryimage\"},\"thumbnailUrl\":\"https:\/\/www-test.absglobal.com\/pl\/wp-content\/uploads\/sites\/29\/2021\/02\/Program-Absolwent_Strona_01_zoom.jpg?w=600\",\"datePublished\":\"2019-08-23T20:02:59+00:00\",\"dateModified\":\"2021-11-08T09:23:15+00:00\",\"breadcrumb\":{\"@id\":\"https:\/\/www-test.absglobal.com\/pl\/careers\/#breadcrumb\"},\"inLanguage\":\"pl-PL\",\"potentialAction\":[{\"@type\":\"ReadAction\",\"target\":[\"https:\/\/www-test.absglobal.com\/pl\/careers\/\"]}]},{\"@type\":\"ImageObject\",\"inLanguage\":\"pl-PL\",\"@id\":\"https:\/\/www-test.absglobal.com\/pl\/careers\/#primaryimage\",\"url\":\"https:\/\/www-test.absglobal.com\/pl\/wp-content\/uploads\/sites\/29\/2021\/02\/Program-Absolwent_Strona_01_zoom.jpg?w=600\",\"contentUrl\":\"https:\/\/www-test.absglobal.com\/pl\/wp-content\/uploads\/sites\/29\/2021\/02\/Program-Absolwent_Strona_01_zoom.jpg?w=600\"},{\"@type\":\"BreadcrumbList\",\"@id\":\"https:\/\/www-test.absglobal.com\/pl\/careers\/#breadcrumb\",\"itemListElement\":[{\"@type\":\"ListItem\",\"position\":1,\"name\":\"Home\",\"item\":\"https:\/\/www-test.absglobal.com\/pl\/\"},{\"@type\":\"ListItem\",\"position\":2,\"name\":\"Kariera\"}]},{\"@type\":\"WebSite\",\"@id\":\"https:\/\/www-test.absglobal.com\/pl\/#website\",\"url\":\"https:\/\/www-test.absglobal.com\/pl\/\",\"name\":\"ABS Global Polska\",\"description\":\"Profit From Genetic Progress\",\"publisher\":{\"@id\":\"https:\/\/www-test.absglobal.com\/pl\/#organization\"},\"potentialAction\":[{\"@type\":\"SearchAction\",\"target\":{\"@type\":\"EntryPoint\",\"urlTemplate\":\"https:\/\/www-test.absglobal.com\/pl\/?s={search_term_string}\"},\"query-input\":{\"@type\":\"PropertyValueSpecification\",\"valueRequired\":true,\"valueName\":\"search_term_string\"}}],\"inLanguage\":\"pl-PL\"},{\"@type\":\"Organization\",\"@id\":\"https:\/\/www-test.absglobal.com\/pl\/#organization\",\"name\":\"ABS Global Polska\",\"url\":\"https:\/\/www-test.absglobal.com\/pl\/\",\"logo\":{\"@type\":\"ImageObject\",\"inLanguage\":\"pl-PL\",\"@id\":\"https:\/\/www-test.absglobal.com\/pl\/#\/schema\/logo\/image\/\",\"url\":\"https:\/\/www-test.absglobal.com\/pl\/wp-content\/uploads\/sites\/29\/2020\/11\/cropped-ABS.png\",\"contentUrl\":\"https:\/\/www-test.absglobal.com\/pl\/wp-content\/uploads\/sites\/29\/2020\/11\/cropped-ABS.png\",\"width\":405,\"height\":405,\"caption\":\"ABS  Global Polska\"},\"image\":{\"@id\":\"https:\/\/www-test.absglobal.com\/pl\/#\/schema\/logo\/image\/\"}}]}<\/script>\n<!-- \/ Yoast SEO Premium plugin. -->","yoast_head_json":{"title":"Kariera - ABS Global Polska","robots":{"index":"index","follow":"follow","max-snippet":"max-snippet:-1","max-image-preview":"max-image-preview:large","max-video-preview":"max-video-preview:-1"},"canonical":"https:\/\/www-test.absglobal.com\/pl\/careers\/","og_locale":"pl_PL","og_type":"article","og_title":"Kariera","og_description":"Aktualne oferty pracy Og\u00f3lno\u015bwiatowe oferty pracy Program Absolwent Genus ABS Dlaczego warto pracowa\u0107 w ABS? Jako cz\u0119\u015b\u0107 Genus plc, wiod\u0105cej na \u015bwiecie firmy zajmuj\u0105cej si\u0119 genetyk\u0105 i biotechnologi\u0105 zwierz\u0105t, ABS Global pomaga swoim klientom wprowadzi\u0107 &#8211; i maksymalnie wykorzysta\u0107 &#8211; genetyczn\u0105 popraw\u0119 w swoich stadach poprzez zwi\u0119kszenie rentowno\u015bci i zwi\u0119kszenie poda\u017cy bia\u0142ka zwierz\u0119cego w celu [&hellip;]","og_url":"https:\/\/www-test.absglobal.com\/pl\/careers\/","og_site_name":"ABS Global Polska","article_modified_time":"2021-11-08T09:23:15+00:00","og_image":[{"url":"https:\/\/www-test.absglobal.com\/pl\/wp-content\/uploads\/sites\/29\/2021\/02\/Program-Absolwent_Strona_01_zoom.jpg?w=600","type":"","width":"","height":""}],"twitter_card":"summary_large_image","twitter_misc":{"Est. reading time":"3 minuty"},"schema":{"@context":"https:\/\/schema.org","@graph":[{"@type":"WebPage","@id":"https:\/\/www-test.absglobal.com\/pl\/careers\/","url":"https:\/\/www-test.absglobal.com\/pl\/careers\/","name":"Kariera - ABS Global Polska","isPartOf":{"@id":"https:\/\/www-test.absglobal.com\/pl\/#website"},"primaryImageOfPage":{"@id":"https:\/\/www-test.absglobal.com\/pl\/careers\/#primaryimage"},"image":{"@id":"https:\/\/www-test.absglobal.com\/pl\/careers\/#primaryimage"},"thumbnailUrl":"https:\/\/www-test.absglobal.com\/pl\/wp-content\/uploads\/sites\/29\/2021\/02\/Program-Absolwent_Strona_01_zoom.jpg?w=600","datePublished":"2019-08-23T20:02:59+00:00","dateModified":"2021-11-08T09:23:15+00:00","breadcrumb":{"@id":"https:\/\/www-test.absglobal.com\/pl\/careers\/#breadcrumb"},"inLanguage":"pl-PL","potentialAction":[{"@type":"ReadAction","target":["https:\/\/www-test.absglobal.com\/pl\/careers\/"]}]},{"@type":"ImageObject","inLanguage":"pl-PL","@id":"https:\/\/www-test.absglobal.com\/pl\/careers\/#primaryimage","url":"https:\/\/www-test.absglobal.com\/pl\/wp-content\/uploads\/sites\/29\/2021\/02\/Program-Absolwent_Strona_01_zoom.jpg?w=600","contentUrl":"https:\/\/www-test.absglobal.com\/pl\/wp-content\/uploads\/sites\/29\/2021\/02\/Program-Absolwent_Strona_01_zoom.jpg?w=600"},{"@type":"BreadcrumbList","@id":"https:\/\/www-test.absglobal.com\/pl\/careers\/#breadcrumb","itemListElement":[{"@type":"ListItem","position":1,"name":"Home","item":"https:\/\/www-test.absglobal.com\/pl\/"},{"@type":"ListItem","position":2,"name":"Kariera"}]},{"@type":"WebSite","@id":"https:\/\/www-test.absglobal.com\/pl\/#website","url":"https:\/\/www-test.absglobal.com\/pl\/","name":"ABS Global Polska","description":"Profit From Genetic Progress","publisher":{"@id":"https:\/\/www-test.absglobal.com\/pl\/#organization"},"potentialAction":[{"@type":"SearchAction","target":{"@type":"EntryPoint","urlTemplate":"https:\/\/www-test.absglobal.com\/pl\/?s={search_term_string}"},"query-input":{"@type":"PropertyValueSpecification","valueRequired":true,"valueName":"search_term_string"}}],"inLanguage":"pl-PL"},{"@type":"Organization","@id":"https:\/\/www-test.absglobal.com\/pl\/#organization","name":"ABS Global Polska","url":"https:\/\/www-test.absglobal.com\/pl\/","logo":{"@type":"ImageObject","inLanguage":"pl-PL","@id":"https:\/\/www-test.absglobal.com\/pl\/#\/schema\/logo\/image\/","url":"https:\/\/www-test.absglobal.com\/pl\/wp-content\/uploads\/sites\/29\/2020\/11\/cropped-ABS.png","contentUrl":"https:\/\/www-test.absglobal.com\/pl\/wp-content\/uploads\/sites\/29\/2020\/11\/cropped-ABS.png","width":405,"height":405,"caption":"ABS  Global Polska"},"image":{"@id":"https:\/\/www-test.absglobal.com\/pl\/#\/schema\/logo\/image\/"}}]}},"jetpack_sharing_enabled":true,"_links":{"self":[{"href":"https:\/\/www-test.absglobal.com\/pl\/wp-json\/wp\/v2\/pages\/10"}],"collection":[{"href":"https:\/\/www-test.absglobal.com\/pl\/wp-json\/wp\/v2\/pages"}],"about":[{"href":"https:\/\/www-test.absglobal.com\/pl\/wp-json\/wp\/v2\/types\/page"}],"author":[{"embeddable":true,"href":"https:\/\/www-test.absglobal.com\/pl\/wp-json\/wp\/v2\/users\/10"}],"replies":[{"embeddable":true,"href":"https:\/\/www-test.absglobal.com\/pl\/wp-json\/wp\/v2\/comments?post=10"}],"version-history":[{"count":283,"href":"https:\/\/www-test.absglobal.com\/pl\/wp-json\/wp\/v2\/pages\/10\/revisions"}],"predecessor-version":[{"id":4633,"href":"https:\/\/www-test.absglobal.com\/pl\/wp-json\/wp\/v2\/pages\/10\/revisions\/4633"}],"wp:attachment":[{"href":"https:\/\/www-test.absglobal.com\/pl\/wp-json\/wp\/v2\/media?parent=10"}],"curies":[{"name":"wp","href":"https:\/\/api.w.org\/{rel}","templated":true}]}}