{"id":5179,"date":"2024-01-12T11:16:45","date_gmt":"2024-01-12T16:16:45","guid":{"rendered":"https:\/\/www-test.absglobal.com\/it\/?page_id=5179"},"modified":"2024-02-05T10:11:05","modified_gmt":"2024-02-05T15:11:05","slug":"rossa-norvegese","status":"publish","type":"page","link":"https:\/\/www-test.absglobal.com\/it\/rossa-norvegese\/","title":{"rendered":"Aumentare il profitto e ridurre i costi con la Rossa Norvegese"},"content":{"rendered":"\n<p>Utilizza la genetica Rossa Norvegese come soluzione che ti d\u00e0 di pi\u00f9 e pi\u00f9 velocemente. Un concetto rivoluzionario creato su misura per te.<\/p>\n\n\n\n<p>Se consideriamo la variet\u00e0 di scenari, ambienti, gestione, nutrizione e richieste del mercato, non esiste una strategia UNICA per tutte le aziende. In ABS, abbiamo le persone e l\u2019esperienza per aiutarti a raggiungere i migliori risultati possibili utilizzando un programma di crossbreeding adatto alle tue esigenze.<\/p>\n\n\n\n<p>Inoltre, in qualit\u00e0 di azienda di genetica, abbiamo prodotti, servizi, strategie e tecnologie all\u2019avanguardia per garantire che il tuo programma riproduttivo offra la massima efficienza e redditivit\u00e0.<\/p>\n\n\n\n<h2 class=\"wp-block-heading\" id=\"h-vantaggi-del-crossbreeding\"><strong>Vantaggi del crossbreeding<\/strong><\/h2>\n\n\n\n<p>Con il nostro aiuto, potrai ottenere una mandria pi\u00f9 efficiente, salute eccellente e una fertilit\u00e0 senza rivali. Tutto ci\u00f2 si tradurr\u00e0 in una riduzione del carico di lavoro e aumento dei profitti.&nbsp;<\/p>\n\n\n\n<ol class=\"wp-block-list\"><li><strong>Trai vantaggio dal meglio di diverse razze<\/strong>&nbsp;<br>Ad esempio la razza Rossa Norvegese ha fertilit\u00e0 e salute eccezionali.\u202fSfruttare genetiche che hanno punti di forza (dimostrati) diversi apporter\u00e0 miglioramenti sostanziali e sostenibili alla tua mandria. Questo viene chiamato \u201ccomplementariet\u00e0\u201d di razza.&nbsp;<\/li><\/ol>\n\n\n\n<ol class=\"wp-block-list\" start=\"2\"><li><strong>Eterosi o Vigore Ibrido un bonus gratuito! <\/strong>&nbsp;<br>L\u2019effetto dell\u2019eterosi avr\u00e0 un impatto positivo sul profitto della tua azienda migliorando i caratteri a bassa ereditabilit\u00e0 come la fertilit\u00e0.&nbsp;Fertilit\u00e0, salute e longevit\u00e0 contribuiscono ad aumentare la redditivit\u00e0 riducendo l&#8217;abbattimento involontario e creando una mandria pi\u00f9 facile da gestire.<\/li><\/ol>\n\n\n\n<ol class=\"wp-block-list\" start=\"3\"><li><strong>Cambia la tua mandria pi\u00f9 velocemente<\/strong>&nbsp;<br>Sfruttando le significative differenze genetiche delle razze potete migliorare la vostra mandria pi\u00f9 rapidamente.<\/li><\/ol>\n\n\n\n<figure class=\"wp-block-pullquote\"><blockquote><p>If you want a cow that not only eats less but is smaller, lasts longer, breeds better, has less days to first service, less calving difficulty, less stillbirths, and better overall general health (less vet bills), then crossbreeding may be a deal for your dairy herd.<\/p><cite><a href=\"https:\/\/www.extension.iastate.edu\/dairyteam\/people\/larry-tranel\" target=\"_blank\" rel=\"noreferrer noopener\"><em>Larry F. Tranel of Iowa State University Extension and Outreach Dairy Team<\/em><\/a><\/cite><\/blockquote><\/figure>\n\n\n\n<figure class=\"wp-block-image size-large\"><img fetchpriority=\"high\" decoding=\"async\" height=\"683\" width=\"1024\" src=\"https:\/\/www-test.absglobal.com\/it\/wp-content\/uploads\/sites\/26\/2024\/01\/Rossa-Norvegese-in-purezza.jpg?w=1024\" alt=\"Rossa Norvegese in purezza\" class=\"wp-image-5202\" srcset=\"https:\/\/www-test.absglobal.com\/it\/wp-content\/uploads\/sites\/26\/2024\/01\/Rossa-Norvegese-in-purezza.jpg 7366w, https:\/\/www-test.absglobal.com\/it\/wp-content\/uploads\/sites\/26\/2024\/01\/Rossa-Norvegese-in-purezza.jpg?resize=300,200 300w, https:\/\/www-test.absglobal.com\/it\/wp-content\/uploads\/sites\/26\/2024\/01\/Rossa-Norvegese-in-purezza.jpg?resize=768,512 768w, https:\/\/www-test.absglobal.com\/it\/wp-content\/uploads\/sites\/26\/2024\/01\/Rossa-Norvegese-in-purezza.jpg?resize=1024,683 1024w, https:\/\/www-test.absglobal.com\/it\/wp-content\/uploads\/sites\/26\/2024\/01\/Rossa-Norvegese-in-purezza.jpg?resize=1536,1024 1536w, https:\/\/www-test.absglobal.com\/it\/wp-content\/uploads\/sites\/26\/2024\/01\/Rossa-Norvegese-in-purezza.jpg?resize=2048,1365 2048w\" sizes=\"(max-width: 1024px) 100vw, 1024px\" \/><\/figure>\n\n\n\n<p><\/p>\n\n\n\n<h2 class=\"wp-block-heading\"><strong>Programma consigliato: Incrocio a 2 vie<\/strong><\/h2>\n\n\n\n<div class=\"wp-block-columns is-layout-flex wp-container-core-columns-is-layout-1 wp-block-columns-is-layout-flex\">\n<div class=\"wp-block-column is-layout-flow wp-block-column-is-layout-flow\">\n<p> <p><em><strong>COS&#8217;\u00c8?<\/strong> <\/em>L&#8217;incrocio a 2 vie consiste nella pratica di ruotare due razze per creare un pedigree.\u00a0\u00a0<span style=\"font-size: revert;color: initial;, sans-serif\">  <\/span><\/p><\/p>\n\n\n\n<p><\/p>\n\n\n\n<p><p><em><strong>PERCHE&#8217; USARLO? <\/strong><\/em>Questo \u00e8 il programma pi\u00f9 semplice di crossbreeding e permette di selezionare rapidamente e correttamente il riproduttore da utilizzare sulle tue vacche.\u202fL\u2019incrocio a due vie garantisce un 66% di eterosi.\u00a0<\/p> <\/p>\n<\/div>\n\n\n\n<div class=\"wp-block-column is-layout-flow wp-block-column-is-layout-flow\">\n<figure class=\"wp-block-image size-large\"><img decoding=\"async\" height=\"991\" width=\"1024\" src=\"https:\/\/www-test.absglobal.com\/it\/wp-content\/uploads\/sites\/26\/2024\/02\/Info-Rossa-Norvegese.png?w=1024\" alt=\"\" class=\"wp-image-5211\" srcset=\"https:\/\/www-test.absglobal.com\/it\/wp-content\/uploads\/sites\/26\/2024\/02\/Info-Rossa-Norvegese.png 2322w, https:\/\/www-test.absglobal.com\/it\/wp-content\/uploads\/sites\/26\/2024\/02\/Info-Rossa-Norvegese.png?resize=300,290 300w, https:\/\/www-test.absglobal.com\/it\/wp-content\/uploads\/sites\/26\/2024\/02\/Info-Rossa-Norvegese.png?resize=768,743 768w, https:\/\/www-test.absglobal.com\/it\/wp-content\/uploads\/sites\/26\/2024\/02\/Info-Rossa-Norvegese.png?resize=1024,991 1024w, https:\/\/www-test.absglobal.com\/it\/wp-content\/uploads\/sites\/26\/2024\/02\/Info-Rossa-Norvegese.png?resize=1536,1486 1536w, https:\/\/www-test.absglobal.com\/it\/wp-content\/uploads\/sites\/26\/2024\/02\/Info-Rossa-Norvegese.png?resize=2048,1982 2048w\" sizes=\"(max-width: 1024px) 100vw, 1024px\" \/><\/figure>\n<\/div>\n<\/div>\n\n\n\n<h2><strong>Perch\u00e9 introdurre la razza Rossa Norvegese nella tua mandria<\/strong><\/h2>\n\n\n\n<p>La Rossa Norvegese \u00e8 conosciuta come la razza leader al mondo per i caratteri di fitness e salute. Le figlie dei tori Rossi Norvegesi tendono ad vere una taglia pi\u00f9 moderata, meno difficolt\u00e0 al parto e dati di fertilit\u00e0 estremi.&nbsp;<\/p>\n\n\n\n<div class=\"wp-block-columns is-layout-flex wp-container-core-columns-is-layout-3 wp-block-columns-is-layout-flex\">\n<div class=\"wp-block-column is-layout-flow wp-block-column-is-layout-flow\">\n<div class=\"wp-block-columns is-layout-flex wp-container-core-columns-is-layout-2 wp-block-columns-is-layout-flex\">\n<div class=\"wp-block-column is-layout-flow wp-block-column-is-layout-flow\">\n<figure class=\"wp-block-image size-large is-resized\"><img decoding=\"async\" src=\"https:\/\/www-test.absglobal.com\/it\/wp-content\/uploads\/sites\/26\/2021\/08\/Improved-resistance.png?w=100\" alt=\"\" class=\"wp-image-4456\" width=\"100\" height=\"100\" \/><figcaption><em>Aumento della soppravvivenza<\/em><\/figcaption><\/figure>\n<\/div>\n\n\n\n<div class=\"wp-block-column is-layout-flow wp-block-column-is-layout-flow\">\n<figure class=\"wp-block-image size-large\"><img loading=\"lazy\" decoding=\"async\" width=\"100\" height=\"100\" src=\"https:\/\/www-test.absglobal.com\/it\/wp-content\/uploads\/sites\/26\/2021\/09\/Hyvig.png?w=100\" alt=\"\" class=\"wp-image-4667\" \/><figcaption><em>Aumento della % di grasso e proteine<\/em><\/figcaption><\/figure>\n<\/div>\n\n\n\n<div class=\"wp-block-column is-layout-flow wp-block-column-is-layout-flow\">\n<figure class=\"wp-block-image size-large\"><img loading=\"lazy\" decoding=\"async\" width=\"100\" height=\"100\" src=\"https:\/\/www-test.absglobal.com\/it\/wp-content\/uploads\/sites\/26\/2021\/08\/Improved-Fertility-1.png?w=100\" alt=\"\" class=\"wp-image-4453\" \/><figcaption><em>Aumento<\/em><br><em> della fertilit\u00e0<\/em><\/figcaption><\/figure>\n<\/div>\n\n\n\n<div class=\"wp-block-column is-layout-flow wp-block-column-is-layout-flow\">\n<figure class=\"wp-block-image size-large\"><img loading=\"lazy\" decoding=\"async\" width=\"100\" height=\"100\" src=\"https:\/\/www-test.absglobal.com\/it\/wp-content\/uploads\/sites\/26\/2021\/09\/Hyvig-2.png?w=100\" alt=\"\" class=\"wp-image-4669\" \/><figcaption><em>Miglioramento resistenza alle mastiti<\/em><\/figcaption><\/figure>\n<\/div>\n\n\n\n<div class=\"wp-block-column is-layout-flow wp-block-column-is-layout-flow\">\n<figure class=\"wp-block-image size-large\"><img loading=\"lazy\" decoding=\"async\" width=\"100\" height=\"100\" src=\"https:\/\/www-test.absglobal.com\/it\/wp-content\/uploads\/sites\/26\/2021\/08\/Improved-percentages.png?w=100\" alt=\"\" class=\"wp-image-4463\" \/><figcaption><em><em>Miglioramento della resistenza ad altre patologie<\/em><\/em><\/figcaption><\/figure>\n<\/div>\n<\/div>\n<\/div>\n<\/div>\n\n\n<div class=\"wp-block-image\">\n<figure class=\"aligncenter size-large is-resized\"><img loading=\"lazy\" decoding=\"async\" src=\"https:\/\/www-test.absglobal.com\/it\/wp-content\/uploads\/sites\/26\/2021\/09\/NR-high-RGB.png?w=1024\" alt=\"Rossa Norvegese\" class=\"wp-image-4770\" width=\"1024\" height=\"1014\" srcset=\"https:\/\/www-test.absglobal.com\/it\/wp-content\/uploads\/sites\/26\/2021\/09\/NR-high-RGB.png 2480w, https:\/\/www-test.absglobal.com\/it\/wp-content\/uploads\/sites\/26\/2021\/09\/NR-high-RGB.png?resize=150,150 150w, https:\/\/www-test.absglobal.com\/it\/wp-content\/uploads\/sites\/26\/2021\/09\/NR-high-RGB.png?resize=300,297 300w, https:\/\/www-test.absglobal.com\/it\/wp-content\/uploads\/sites\/26\/2021\/09\/NR-high-RGB.png?resize=768,760 768w, https:\/\/www-test.absglobal.com\/it\/wp-content\/uploads\/sites\/26\/2021\/09\/NR-high-RGB.png?resize=1024,1014 1024w, https:\/\/www-test.absglobal.com\/it\/wp-content\/uploads\/sites\/26\/2021\/09\/NR-high-RGB.png?resize=1536,1521 1536w, https:\/\/www-test.absglobal.com\/it\/wp-content\/uploads\/sites\/26\/2021\/09\/NR-high-RGB.png?resize=2048,2027 2048w\" sizes=\"(max-width: 1024px) 100vw, 1024px\" \/><\/figure><\/div>\n\n\n<p>Pi\u00f9 del 90% delle vacche da latte in Norvegia sono di razza Rossa Norvegese. La popolazione \u00e8 costituita da circa 200.000 vacche di cui il 98% contribuisce al Norwegian Dairy Herd Recording System (sistema unico nazionale). Tutte le mandrie sono attive nel programma di allevamento e le migliori vacche diventeranno vacche \u00e9lite e potenziali madri di toro.<\/p>\n\n\n\n<figure class=\"wp-block-image size-full\"><img loading=\"lazy\" decoding=\"async\" width=\"1004\" height=\"586\" src=\"https:\/\/www-test.absglobal.com\/it\/wp-content\/uploads\/sites\/26\/2024\/01\/Progresso-genetico-della-razza-Rossa-Norvegese-2010-2020.png\" alt=\"Progresso genetico della razza Rossa Norvegese 2010-2020\" class=\"wp-image-5204\" srcset=\"https:\/\/www-test.absglobal.com\/it\/wp-content\/uploads\/sites\/26\/2024\/01\/Progresso-genetico-della-razza-Rossa-Norvegese-2010-2020.png 1004w, https:\/\/www-test.absglobal.com\/it\/wp-content\/uploads\/sites\/26\/2024\/01\/Progresso-genetico-della-razza-Rossa-Norvegese-2010-2020.png?resize=300,175 300w, https:\/\/www-test.absglobal.com\/it\/wp-content\/uploads\/sites\/26\/2024\/01\/Progresso-genetico-della-razza-Rossa-Norvegese-2010-2020.png?resize=768,448 768w\" sizes=\"(max-width: 1004px) 100vw, 1004px\" \/><\/figure>\n\n\n\n<h2><strong>Cosa rende la Rossa Norvegese unica al mondo?<\/strong><\/h2>\n\n\n\n<ul class=\"wp-block-list\"><li>Un sistema unico di raccolta dati, dove ogni singolo trattamento veterinario viene registrato per tutta la vita di un animale.<\/li><li>Studi e ricerche sulle performance delle figlie di Rossa Norvegese x Holstein in diversi paesi (China, USA, Canada, Israele, Irlanda, Polonia e Inghilterra).<\/li><li>Raccolta dati per fertilit\u00e0 e salute da 12 milioni di bovine e da pi\u00f9 di 50 anni.<\/li><li>Seme (convenzionale e sessato) distribuito in pi\u00f9 di 30 paesi nel mondo.<\/li><li>Vacche di media taglia con fertilit\u00e0, salute, grasso e proteine eccezionali.<\/li><li>Alta frequenza del gene polled e Beta Casein A2A2.<\/li><\/ul>\n\n\n\n<p><\/p>\n\n\n\n<figure class=\"wp-block-embed is-type-video is-provider-youtube wp-block-embed-youtube wp-embed-aspect-16-9 wp-has-aspect-ratio\"><div class=\"wp-block-embed__wrapper\">\n<iframe title=\"\u201cI use 1.1 less straws on my Norwegian Red crossbreds\u201d- M. Vitali, dairy farmer in Lodi, Italy\" width=\"500\" height=\"281\" src=\"https:\/\/www.youtube.com\/embed\/vcEULWVKzVY?feature=oembed\" frameborder=\"0\" allow=\"accelerometer; autoplay; clipboard-write; encrypted-media; gyroscope; picture-in-picture; web-share\" referrerpolicy=\"strict-origin-when-cross-origin\" allowfullscreen><\/iframe>\n<\/div><\/figure>\n\n\n\n<div class=\"wp-block-buttons is-content-justification-center is-layout-flex wp-container-core-buttons-is-layout-1 wp-block-buttons-is-layout-flex\">\n<div class=\"wp-block-button is-style-fill\"><a class=\"wp-block-button__link\" href=\"https:\/\/www-test.absglobal.com\/it\/testimonianze\/\" target=\"_blank\" rel=\"noreferrer noopener\">Leggi altre testimonianze<\/a><\/div>\n<\/div>\n\n\n\n<div class=\"wp-block-columns is-layout-flex wp-container-core-columns-is-layout-4 wp-block-columns-is-layout-flex\">\n<div class=\"wp-block-column is-layout-flow wp-block-column-is-layout-flow\">\n<figure class=\"wp-block-image size-large\"><img loading=\"lazy\" decoding=\"async\" height=\"829\" width=\"1024\" src=\"https:\/\/www-test.absglobal.com\/it\/wp-content\/uploads\/sites\/26\/2021\/08\/IMG-20201009-WA0001.jpg?w=1024\" alt=\"ABS Genetic Product Specialist\" class=\"wp-image-4554\" srcset=\"https:\/\/www-test.absglobal.com\/it\/wp-content\/uploads\/sites\/26\/2021\/08\/IMG-20201009-WA0001.jpg 1927w, https:\/\/www-test.absglobal.com\/it\/wp-content\/uploads\/sites\/26\/2021\/08\/IMG-20201009-WA0001.jpg?resize=300,243 300w, https:\/\/www-test.absglobal.com\/it\/wp-content\/uploads\/sites\/26\/2021\/08\/IMG-20201009-WA0001.jpg?resize=768,622 768w, https:\/\/www-test.absglobal.com\/it\/wp-content\/uploads\/sites\/26\/2021\/08\/IMG-20201009-WA0001.jpg?resize=1024,829 1024w, https:\/\/www-test.absglobal.com\/it\/wp-content\/uploads\/sites\/26\/2021\/08\/IMG-20201009-WA0001.jpg?resize=1536,1243 1536w\" sizes=\"(max-width: 1024px) 100vw, 1024px\" \/><\/figure>\n<\/div>\n\n\n\n<div class=\"wp-block-column is-layout-flow wp-block-column-is-layout-flow\">\n<h3 class=\"wp-block-heading\"><strong>Progetta con noi il tuo programma di crossbreeding con la razza Rossa Norvegese<\/strong>.<\/h3>\n\n\n\n<p>Angela Bressan &#8211; Genetic Product Specialist<\/p>\n\n\n\n<p>Via Bastida 6, 26020 Cremona, Italy<\/p>\n\n\n\n<p>Mobile: +39.392.7746212<\/p>\n\n\n\n<p>Angela.Bressan@genusplc.com<\/p>\n<\/div>\n<\/div>\n\n\n\n<div class=\"wp-block-leadin-hubspot-form-block\">\n\t\t\t\t\t<script>\n\t\t\t\t\t\twindow.hsFormsOnReady = window.hsFormsOnReady || [];\n\t\t\t\t\t\twindow.hsFormsOnReady.push(()=>{\n\t\t\t\t\t\t\thbspt.forms.create({\n\t\t\t\t\t\t\t\tportalId: 25467392,\n\t\t\t\t\t\t\t\tformId: \"1eb077f9-06fe-4d32-a7f9-c684cb46e146\",\n\t\t\t\t\t\t\t\ttarget: \"#hbspt-form-1776208923000-9261411813\",\n\t\t\t\t\t\t\t\tregion: \"eu1\",\n\t\t\t\t\t\t\t\t\n\t\t\t\t\t\t})});\n\t\t\t\t\t<\/script>\n\t\t\t\t\t<div class=\"hbspt-form\" id=\"hbspt-form-1776208923000-9261411813\"><\/div><\/div>\n","protected":false},"excerpt":{"rendered":"<p>Utilizza la genetica Rossa Norvegese come soluzione che ti d\u00e0 di pi\u00f9 e pi\u00f9 velocemente. Un concetto rivoluzionario creato su misura per te. Se consideriamo la variet\u00e0 di scenari, ambienti, gestione, nutrizione e richieste del mercato, non esiste una strategia UNICA per tutte le aziende. In ABS, abbiamo le persone e l\u2019esperienza per aiutarti a [&hellip;]<\/p>\n","protected":false},"author":10528,"featured_media":5181,"parent":0,"menu_order":0,"comment_status":"closed","ping_status":"closed","template":"","meta":{"_acf_changed":false,"content-type":"","footnotes":""},"class_list":["post-5179","page","type-page","status-publish","has-post-thumbnail","hentry"],"acf":[],"yoast_head":"<!-- This site is optimized with the Yoast SEO Premium plugin v22.1 (Yoast SEO v25.3) - https:\/\/yoast.com\/wordpress\/plugins\/seo\/ -->\n<title>Aumentare il profitto e ridurre i costi con la Rossa Norvegese - ABS Global Italia<\/title>\n<meta name=\"description\" content=\"Utilizza la genetica Rossa Norvegese come soluzione che ti d\u00e0 di pi\u00f9 e pi\u00f9 velocemente. Un concetto rivoluzionario creato su misura per te.\" \/>\n<meta name=\"robots\" content=\"index, follow, max-snippet:-1, max-image-preview:large, max-video-preview:-1\" \/>\n<link rel=\"canonical\" href=\"https:\/\/www-test.absglobal.com\/it\/rossa-norvegese\/\" \/>\n<meta property=\"og:locale\" content=\"it_IT\" \/>\n<meta property=\"og:type\" content=\"article\" \/>\n<meta property=\"og:title\" content=\"Aumentare il profitto e ridurre i costi con la Rossa Norvegese\" \/>\n<meta property=\"og:description\" content=\"Utilizza la genetica Rossa Norvegese come soluzione che ti d\u00e0 di pi\u00f9 e pi\u00f9 velocemente. Un concetto rivoluzionario creato su misura per te.\" \/>\n<meta property=\"og:url\" content=\"https:\/\/www-test.absglobal.com\/it\/rossa-norvegese\/\" \/>\n<meta property=\"og:site_name\" content=\"ABS Global Italia\" \/>\n<meta property=\"article:modified_time\" content=\"2024-02-05T15:11:05+00:00\" \/>\n<meta property=\"og:image\" content=\"https:\/\/www-test.absglobal.com\/it\/wp-content\/uploads\/sites\/26\/2024\/01\/Crossbreed-1.webp\" \/>\n\t<meta property=\"og:image:width\" content=\"1200\" \/>\n\t<meta property=\"og:image:height\" content=\"675\" \/>\n\t<meta property=\"og:image:type\" content=\"image\/webp\" \/>\n<meta name=\"twitter:card\" content=\"summary_large_image\" \/>\n<meta name=\"twitter:label1\" content=\"Est. reading time\" \/>\n\t<meta name=\"twitter:data1\" content=\"6 minuti\" \/>\n<script type=\"application\/ld+json\" class=\"yoast-schema-graph\">{\"@context\":\"https:\/\/schema.org\",\"@graph\":[{\"@type\":\"WebPage\",\"@id\":\"https:\/\/www-test.absglobal.com\/it\/rossa-norvegese\/\",\"url\":\"https:\/\/www-test.absglobal.com\/it\/rossa-norvegese\/\",\"name\":\"Aumentare il profitto e ridurre i costi con la Rossa Norvegese - ABS Global Italia\",\"isPartOf\":{\"@id\":\"https:\/\/www-test.absglobal.com\/it\/#website\"},\"primaryImageOfPage\":{\"@id\":\"https:\/\/www-test.absglobal.com\/it\/rossa-norvegese\/#primaryimage\"},\"image\":{\"@id\":\"https:\/\/www-test.absglobal.com\/it\/rossa-norvegese\/#primaryimage\"},\"thumbnailUrl\":\"https:\/\/www-test.absglobal.com\/it\/wp-content\/uploads\/sites\/26\/2024\/01\/Crossbreed-1.webp\",\"datePublished\":\"2024-01-12T16:16:45+00:00\",\"dateModified\":\"2024-02-05T15:11:05+00:00\",\"description\":\"Utilizza la genetica Rossa Norvegese come soluzione che ti d\u00e0 di pi\u00f9 e pi\u00f9 velocemente. Un concetto rivoluzionario creato su misura per te.\",\"breadcrumb\":{\"@id\":\"https:\/\/www-test.absglobal.com\/it\/rossa-norvegese\/#breadcrumb\"},\"inLanguage\":\"it-IT\",\"potentialAction\":[{\"@type\":\"ReadAction\",\"target\":[\"https:\/\/www-test.absglobal.com\/it\/rossa-norvegese\/\"]}]},{\"@type\":\"ImageObject\",\"inLanguage\":\"it-IT\",\"@id\":\"https:\/\/www-test.absglobal.com\/it\/rossa-norvegese\/#primaryimage\",\"url\":\"https:\/\/www-test.absglobal.com\/it\/wp-content\/uploads\/sites\/26\/2024\/01\/Crossbreed-1.webp\",\"contentUrl\":\"https:\/\/www-test.absglobal.com\/it\/wp-content\/uploads\/sites\/26\/2024\/01\/Crossbreed-1.webp\",\"width\":1200,\"height\":675},{\"@type\":\"BreadcrumbList\",\"@id\":\"https:\/\/www-test.absglobal.com\/it\/rossa-norvegese\/#breadcrumb\",\"itemListElement\":[{\"@type\":\"ListItem\",\"position\":1,\"name\":\"Home\",\"item\":\"https:\/\/www-test.absglobal.com\/it\/\"},{\"@type\":\"ListItem\",\"position\":2,\"name\":\"Aumentare il profitto e ridurre i costi con la Rossa Norvegese\"}]},{\"@type\":\"WebSite\",\"@id\":\"https:\/\/www-test.absglobal.com\/it\/#website\",\"url\":\"https:\/\/www-test.absglobal.com\/it\/\",\"name\":\"ABS Global Italia\",\"description\":\"\",\"publisher\":{\"@id\":\"https:\/\/www-test.absglobal.com\/it\/#organization\"},\"potentialAction\":[{\"@type\":\"SearchAction\",\"target\":{\"@type\":\"EntryPoint\",\"urlTemplate\":\"https:\/\/www-test.absglobal.com\/it\/?s={search_term_string}\"},\"query-input\":{\"@type\":\"PropertyValueSpecification\",\"valueRequired\":true,\"valueName\":\"search_term_string\"}}],\"inLanguage\":\"it-IT\"},{\"@type\":\"Organization\",\"@id\":\"https:\/\/www-test.absglobal.com\/it\/#organization\",\"name\":\"ABS Global Italia\",\"url\":\"https:\/\/www-test.absglobal.com\/it\/\",\"logo\":{\"@type\":\"ImageObject\",\"inLanguage\":\"it-IT\",\"@id\":\"https:\/\/www-test.absglobal.com\/it\/#\/schema\/logo\/image\/\",\"url\":\"https:\/\/www-test.absglobal.com\/it\/wp-content\/uploads\/sites\/26\/2020\/04\/LogoRGB.png\",\"contentUrl\":\"https:\/\/www-test.absglobal.com\/it\/wp-content\/uploads\/sites\/26\/2020\/04\/LogoRGB.png\",\"width\":872,\"height\":1080,\"caption\":\"ABS Global Italia\"},\"image\":{\"@id\":\"https:\/\/www-test.absglobal.com\/it\/#\/schema\/logo\/image\/\"}}]}<\/script>\n<!-- \/ Yoast SEO Premium plugin. -->","yoast_head_json":{"title":"Aumentare il profitto e ridurre i costi con la Rossa Norvegese - ABS Global Italia","description":"Utilizza la genetica Rossa Norvegese come soluzione che ti d\u00e0 di pi\u00f9 e pi\u00f9 velocemente. Un concetto rivoluzionario creato su misura per te.","robots":{"index":"index","follow":"follow","max-snippet":"max-snippet:-1","max-image-preview":"max-image-preview:large","max-video-preview":"max-video-preview:-1"},"canonical":"https:\/\/www-test.absglobal.com\/it\/rossa-norvegese\/","og_locale":"it_IT","og_type":"article","og_title":"Aumentare il profitto e ridurre i costi con la Rossa Norvegese","og_description":"Utilizza la genetica Rossa Norvegese come soluzione che ti d\u00e0 di pi\u00f9 e pi\u00f9 velocemente. Un concetto rivoluzionario creato su misura per te.","og_url":"https:\/\/www-test.absglobal.com\/it\/rossa-norvegese\/","og_site_name":"ABS Global Italia","article_modified_time":"2024-02-05T15:11:05+00:00","og_image":[{"width":1200,"height":675,"url":"https:\/\/www-test.absglobal.com\/it\/wp-content\/uploads\/sites\/26\/2024\/01\/Crossbreed-1.webp","type":"image\/webp"}],"twitter_card":"summary_large_image","twitter_misc":{"Est. reading time":"6 minuti"},"schema":{"@context":"https:\/\/schema.org","@graph":[{"@type":"WebPage","@id":"https:\/\/www-test.absglobal.com\/it\/rossa-norvegese\/","url":"https:\/\/www-test.absglobal.com\/it\/rossa-norvegese\/","name":"Aumentare il profitto e ridurre i costi con la Rossa Norvegese - ABS Global Italia","isPartOf":{"@id":"https:\/\/www-test.absglobal.com\/it\/#website"},"primaryImageOfPage":{"@id":"https:\/\/www-test.absglobal.com\/it\/rossa-norvegese\/#primaryimage"},"image":{"@id":"https:\/\/www-test.absglobal.com\/it\/rossa-norvegese\/#primaryimage"},"thumbnailUrl":"https:\/\/www-test.absglobal.com\/it\/wp-content\/uploads\/sites\/26\/2024\/01\/Crossbreed-1.webp","datePublished":"2024-01-12T16:16:45+00:00","dateModified":"2024-02-05T15:11:05+00:00","description":"Utilizza la genetica Rossa Norvegese come soluzione che ti d\u00e0 di pi\u00f9 e pi\u00f9 velocemente. Un concetto rivoluzionario creato su misura per te.","breadcrumb":{"@id":"https:\/\/www-test.absglobal.com\/it\/rossa-norvegese\/#breadcrumb"},"inLanguage":"it-IT","potentialAction":[{"@type":"ReadAction","target":["https:\/\/www-test.absglobal.com\/it\/rossa-norvegese\/"]}]},{"@type":"ImageObject","inLanguage":"it-IT","@id":"https:\/\/www-test.absglobal.com\/it\/rossa-norvegese\/#primaryimage","url":"https:\/\/www-test.absglobal.com\/it\/wp-content\/uploads\/sites\/26\/2024\/01\/Crossbreed-1.webp","contentUrl":"https:\/\/www-test.absglobal.com\/it\/wp-content\/uploads\/sites\/26\/2024\/01\/Crossbreed-1.webp","width":1200,"height":675},{"@type":"BreadcrumbList","@id":"https:\/\/www-test.absglobal.com\/it\/rossa-norvegese\/#breadcrumb","itemListElement":[{"@type":"ListItem","position":1,"name":"Home","item":"https:\/\/www-test.absglobal.com\/it\/"},{"@type":"ListItem","position":2,"name":"Aumentare il profitto e ridurre i costi con la Rossa Norvegese"}]},{"@type":"WebSite","@id":"https:\/\/www-test.absglobal.com\/it\/#website","url":"https:\/\/www-test.absglobal.com\/it\/","name":"ABS Global Italia","description":"","publisher":{"@id":"https:\/\/www-test.absglobal.com\/it\/#organization"},"potentialAction":[{"@type":"SearchAction","target":{"@type":"EntryPoint","urlTemplate":"https:\/\/www-test.absglobal.com\/it\/?s={search_term_string}"},"query-input":{"@type":"PropertyValueSpecification","valueRequired":true,"valueName":"search_term_string"}}],"inLanguage":"it-IT"},{"@type":"Organization","@id":"https:\/\/www-test.absglobal.com\/it\/#organization","name":"ABS Global Italia","url":"https:\/\/www-test.absglobal.com\/it\/","logo":{"@type":"ImageObject","inLanguage":"it-IT","@id":"https:\/\/www-test.absglobal.com\/it\/#\/schema\/logo\/image\/","url":"https:\/\/www-test.absglobal.com\/it\/wp-content\/uploads\/sites\/26\/2020\/04\/LogoRGB.png","contentUrl":"https:\/\/www-test.absglobal.com\/it\/wp-content\/uploads\/sites\/26\/2020\/04\/LogoRGB.png","width":872,"height":1080,"caption":"ABS Global Italia"},"image":{"@id":"https:\/\/www-test.absglobal.com\/it\/#\/schema\/logo\/image\/"}}]}},"jetpack_sharing_enabled":true,"_links":{"self":[{"href":"https:\/\/www-test.absglobal.com\/it\/wp-json\/wp\/v2\/pages\/5179"}],"collection":[{"href":"https:\/\/www-test.absglobal.com\/it\/wp-json\/wp\/v2\/pages"}],"about":[{"href":"https:\/\/www-test.absglobal.com\/it\/wp-json\/wp\/v2\/types\/page"}],"author":[{"embeddable":true,"href":"https:\/\/www-test.absglobal.com\/it\/wp-json\/wp\/v2\/users\/10528"}],"replies":[{"embeddable":true,"href":"https:\/\/www-test.absglobal.com\/it\/wp-json\/wp\/v2\/comments?post=5179"}],"version-history":[{"count":29,"href":"https:\/\/www-test.absglobal.com\/it\/wp-json\/wp\/v2\/pages\/5179\/revisions"}],"predecessor-version":[{"id":5234,"href":"https:\/\/www-test.absglobal.com\/it\/wp-json\/wp\/v2\/pages\/5179\/revisions\/5234"}],"wp:featuredmedia":[{"embeddable":true,"href":"https:\/\/www-test.absglobal.com\/it\/wp-json\/wp\/v2\/media\/5181"}],"wp:attachment":[{"href":"https:\/\/www-test.absglobal.com\/it\/wp-json\/wp\/v2\/media?parent=5179"}],"curies":[{"name":"wp","href":"https:\/\/api.w.org\/{rel}","templated":true}]}}