{"id":1800,"date":"2020-02-24T14:30:17","date_gmt":"2020-02-24T19:30:17","guid":{"rendered":"http:\/\/cms.genusplc.com\/absglobal\/?page_id=1800"},"modified":"2020-05-06T11:32:01","modified_gmt":"2020-05-06T16:32:01","slug":"cow-comfort","status":"publish","type":"page","link":"https:\/\/www-test.absglobal.com\/it\/cow-comfort\/","title":{"rendered":"Cow Comfort"},"content":{"rendered":"\n<p>Il cow comfort \u00e8 direttamente correlato alla salute e al benessere dell&#8217;animale. Il comfort che fornite alle vostre vacche determiner\u00e0 il loro rendimento sia nella produzione che nella riproduzione.<\/p>\n\n\n\n<p>Poich\u00e9 \u00e8 difficile misurare con esattezza i benefici, investire nel cow comfort \u00e8 talvolta visto come una spesa extra. Tuttavia, le conseguenze dell&#8217;ignorare il cow comfort metteranno in ultima analisi a rischio un&#8217;azienda da latte. I costi per i trattamenti e le perdite sulla produzione si accumuleranno rapidamente e l&#8217;intera attivit\u00e0 potrebbe diventare pi\u00f9 dispendiosa.<\/p>\n\n\n\n<p>L&#8217;impatto del cow comfort \u00e8 fondamentale per mantenere un allevamento sostenibile. Prestare attenzione ai segnali delle vacche e soddisfare le esigenze primarie dei vostri animali sar\u00e0 il presupposto per il successo della vostra mandria.<\/p>\n\n\n\n<div style=\"height:50px\" aria-hidden=\"true\" class=\"wp-block-spacer\"><\/div>\n\n\n\n<h2 class=\"is-style-underline wp-block-heading\">Prodotti correlati<\/h2>\n\n\n\t\t<section id=\"\" class=\"alignwide section-wrapper section-wrapper-small-fluid block-product-slider\" data-magellan-target=\"\">\n\t\t\t<div class=\"carousel-card-section owl-carousel owl-theme\">\n\t\t\t\t\t\t\t\t\t\t<div class=\"card\">\n\t\t\t\t\t\t\t\t\t\t\t\t\t\t\t<img decoding=\"async\" class=\"card-img\" src=\"https:\/\/www-test.absglobal.com\/it\/wp-content\/uploads\/sites\/26\/2020\/02\/Breeder-tag-system-uk.jpg?w=1000&#038;resize=375,250\" alt=\"Image of medical devices\">\n\t\t\t\t\t\t\t\t\t\t\t\t\t\t<div class=\"card-section\">\n\t\t\t\t\t\t\t\t<h3 class=\"card-title\">Breeder Tag<\/h3>\n\t\t\t\t\t\t\t\t\t\t\t\t\t\t\t\t\t\t\t\t\t\t\t\t\t<p class=\"card-description\">Dalla ricerca ABS e da anni di esperienza sul campo nasce il SISTEMA ABS BREEDER TAG, un nuovo approccio verso l&#8217;efficienza riproduttiva che Ti aiuter\u00e0 ad aumentare le prestazioni del TUO allevamento: migliorando il rilevamento dei calori per produrre pi\u00f9 gravidanze &#8211; incrementando il TUO progresso genetico con il GMS &#8211; aiutandoTi ad analizzare i [&hellip;]<\/p>\n\t\t\t\t\t\t\t\t\n\t\t\t\t\t\t\t\t<a href=\"https:\/\/www-test.absglobal.com\/it\/soluzioni\/breeder-tag\/\" class=\"card-section-button button\">Per saperne di pi\u00f9<\/a>\n\t\t\t\t\t\t\t<\/div>\n\t\t\t\t\t\t<\/div>\n\t\t\t\t\t\t\t\t\t\t\t\t<div class=\"card\">\n\t\t\t\t\t\t\t\t\t\t\t\t\t\t\t<img decoding=\"async\" class=\"card-img\" src=\"https:\/\/www-test.absglobal.com\/it\/wp-content\/uploads\/sites\/26\/2020\/03\/product-Transitionright-3.jpg?w=1000&#038;resize=375,250\" alt=\"Image of medical devices\">\n\t\t\t\t\t\t\t\t\t\t\t\t\t\t<div class=\"card-section\">\n\t\t\t\t\t\t\t\t<h3 class=\"card-title\">TransitionRight\u00ae<\/h3>\n\t\t\t\t\t\t\t\t\t\t\t\t\t\t\t\t\t\t\t\t\t\t\t\t\t<p class=\"card-description\">Non reagire. Prevenire attraverso la Genetica. I disordini nel periodo di transizione hanno un costo in termini di tempo, denaro e produttivit\u00e0 della vostra mandria. Oggi, tuttavia, \u00e8 possibile ridurre i rischi grazie al migliorato TransitionRight\u00ae di ABS Global. ABS Global, leader mondiale nella genetica bovina, nei servizi di riproduzione e nelle tecnologie, utilizza un [&hellip;]<\/p>\n\t\t\t\t\t\t\t\t\n\t\t\t\t\t\t\t\t<a href=\"https:\/\/www-test.absglobal.com\/it\/soluzioni\/transitionright\/\" class=\"card-section-button button\">Per saperne di pi\u00f9<\/a>\n\t\t\t\t\t\t\t<\/div>\n\t\t\t\t\t\t<\/div>\n\t\t\t\t\t\t\t\t\t\t\t\t<div class=\"card\">\n\t\t\t\t\t\t\t\t\t\t\t\t\t\t\t<img decoding=\"async\" class=\"card-img\" src=\"https:\/\/www-test.absglobal.com\/it\/wp-content\/uploads\/sites\/26\/2020\/03\/product-valiant.jpeg?w=1000&#038;resize=375,250\" alt=\"Image of medical devices\">\n\t\t\t\t\t\t\t\t\t\t\t\t\t\t<div class=\"card-section\">\n\t\t\t\t\t\t\t\t<h3 class=\"card-title\">Valiant\u2122<\/h3>\n\t\t\t\t\t\t\t\t\t\t\t\t\t\t\t\t\t\t\t\t\t\t\t\t\t<p class=\"card-description\">Una procedura di mungitura ben eseguita si basa su un buon ambiente, attrezzature e cura delle mammelle. Se ci sono carenze in una di queste aree principali, il rischio di aumento del tasso di mastite \u00e8 molto pi\u00f9 alto.\nSenza una buona routine di mungitura, le vacche non rilasceranno in modo adeguato il latte e questo influenzer\u00e0 negativamente l&#8217;efficienza di mungitura e il comfort della mandria [&#8230;]<\/p>\n\t\t\t\t\t\t\t\t\n\t\t\t\t\t\t\t\t<a href=\"https:\/\/www-test.absglobal.com\/it\/soluzioni\/valiant\/\" class=\"card-section-button button\">Per saperne di pi\u00f9<\/a>\n\t\t\t\t\t\t\t<\/div>\n\t\t\t\t\t\t<\/div>\n\t\t\t\t\t\t\t\t\t<\/div>\n\t\t<\/section>\n\t\t\n\n","protected":false},"excerpt":{"rendered":"<p>Il cow comfort \u00e8 direttamente correlato alla salute e al benessere dell&#8217;animale. Il comfort che fornite alle vostre vacche determiner\u00e0 il loro rendimento sia nella produzione che nella riproduzione. Poich\u00e9 \u00e8 difficile misurare con esattezza i benefici, investire nel cow comfort \u00e8 talvolta visto come una spesa extra. Tuttavia, le conseguenze dell&#8217;ignorare il cow comfort [&hellip;]<\/p>\n","protected":false},"author":289,"featured_media":0,"parent":0,"menu_order":0,"comment_status":"closed","ping_status":"closed","template":"","meta":{"_acf_changed":false,"content-type":"","footnotes":""},"class_list":["post-1800","page","type-page","status-publish","hentry"],"acf":[],"yoast_head":"<!-- This site is optimized with the Yoast SEO Premium plugin v22.1 (Yoast SEO v25.3) - https:\/\/yoast.com\/wordpress\/plugins\/seo\/ -->\n<title>Cow Comfort - ABS Global Italia<\/title>\n<meta name=\"robots\" content=\"index, follow, max-snippet:-1, max-image-preview:large, max-video-preview:-1\" \/>\n<link rel=\"canonical\" href=\"https:\/\/www-test.absglobal.com\/it\/cow-comfort\/\" \/>\n<meta property=\"og:locale\" content=\"it_IT\" \/>\n<meta property=\"og:type\" content=\"article\" \/>\n<meta property=\"og:title\" content=\"Cow Comfort\" \/>\n<meta property=\"og:description\" content=\"Il cow comfort \u00e8 direttamente correlato alla salute e al benessere dell&#8217;animale. Il comfort che fornite alle vostre vacche determiner\u00e0 il loro rendimento sia nella produzione che nella riproduzione. Poich\u00e9 \u00e8 difficile misurare con esattezza i benefici, investire nel cow comfort \u00e8 talvolta visto come una spesa extra. Tuttavia, le conseguenze dell&#8217;ignorare il cow comfort [&hellip;]\" \/>\n<meta property=\"og:url\" content=\"https:\/\/www-test.absglobal.com\/it\/cow-comfort\/\" \/>\n<meta property=\"og:site_name\" content=\"ABS Global Italia\" \/>\n<meta property=\"article:modified_time\" content=\"2020-05-06T16:32:01+00:00\" \/>\n<meta name=\"twitter:card\" content=\"summary_large_image\" \/>\n<meta name=\"twitter:label1\" content=\"Est. reading time\" \/>\n\t<meta name=\"twitter:data1\" content=\"1 minuto\" \/>\n<script type=\"application\/ld+json\" class=\"yoast-schema-graph\">{\"@context\":\"https:\/\/schema.org\",\"@graph\":[{\"@type\":\"WebPage\",\"@id\":\"https:\/\/www-test.absglobal.com\/it\/cow-comfort\/\",\"url\":\"https:\/\/www-test.absglobal.com\/it\/cow-comfort\/\",\"name\":\"Cow Comfort - ABS Global Italia\",\"isPartOf\":{\"@id\":\"https:\/\/www-test.absglobal.com\/it\/#website\"},\"datePublished\":\"2020-02-24T19:30:17+00:00\",\"dateModified\":\"2020-05-06T16:32:01+00:00\",\"breadcrumb\":{\"@id\":\"https:\/\/www-test.absglobal.com\/it\/cow-comfort\/#breadcrumb\"},\"inLanguage\":\"it-IT\",\"potentialAction\":[{\"@type\":\"ReadAction\",\"target\":[\"https:\/\/www-test.absglobal.com\/it\/cow-comfort\/\"]}]},{\"@type\":\"BreadcrumbList\",\"@id\":\"https:\/\/www-test.absglobal.com\/it\/cow-comfort\/#breadcrumb\",\"itemListElement\":[{\"@type\":\"ListItem\",\"position\":1,\"name\":\"Home\",\"item\":\"https:\/\/www-test.absglobal.com\/it\/\"},{\"@type\":\"ListItem\",\"position\":2,\"name\":\"Cow Comfort\"}]},{\"@type\":\"WebSite\",\"@id\":\"https:\/\/www-test.absglobal.com\/it\/#website\",\"url\":\"https:\/\/www-test.absglobal.com\/it\/\",\"name\":\"ABS Global Italia\",\"description\":\"\",\"publisher\":{\"@id\":\"https:\/\/www-test.absglobal.com\/it\/#organization\"},\"potentialAction\":[{\"@type\":\"SearchAction\",\"target\":{\"@type\":\"EntryPoint\",\"urlTemplate\":\"https:\/\/www-test.absglobal.com\/it\/?s={search_term_string}\"},\"query-input\":{\"@type\":\"PropertyValueSpecification\",\"valueRequired\":true,\"valueName\":\"search_term_string\"}}],\"inLanguage\":\"it-IT\"},{\"@type\":\"Organization\",\"@id\":\"https:\/\/www-test.absglobal.com\/it\/#organization\",\"name\":\"ABS Global Italia\",\"url\":\"https:\/\/www-test.absglobal.com\/it\/\",\"logo\":{\"@type\":\"ImageObject\",\"inLanguage\":\"it-IT\",\"@id\":\"https:\/\/www-test.absglobal.com\/it\/#\/schema\/logo\/image\/\",\"url\":\"https:\/\/www-test.absglobal.com\/it\/wp-content\/uploads\/sites\/26\/2020\/04\/LogoRGB.png\",\"contentUrl\":\"https:\/\/www-test.absglobal.com\/it\/wp-content\/uploads\/sites\/26\/2020\/04\/LogoRGB.png\",\"width\":872,\"height\":1080,\"caption\":\"ABS Global Italia\"},\"image\":{\"@id\":\"https:\/\/www-test.absglobal.com\/it\/#\/schema\/logo\/image\/\"}}]}<\/script>\n<!-- \/ Yoast SEO Premium plugin. -->","yoast_head_json":{"title":"Cow Comfort - ABS Global Italia","robots":{"index":"index","follow":"follow","max-snippet":"max-snippet:-1","max-image-preview":"max-image-preview:large","max-video-preview":"max-video-preview:-1"},"canonical":"https:\/\/www-test.absglobal.com\/it\/cow-comfort\/","og_locale":"it_IT","og_type":"article","og_title":"Cow Comfort","og_description":"Il cow comfort \u00e8 direttamente correlato alla salute e al benessere dell&#8217;animale. Il comfort che fornite alle vostre vacche determiner\u00e0 il loro rendimento sia nella produzione che nella riproduzione. Poich\u00e9 \u00e8 difficile misurare con esattezza i benefici, investire nel cow comfort \u00e8 talvolta visto come una spesa extra. Tuttavia, le conseguenze dell&#8217;ignorare il cow comfort [&hellip;]","og_url":"https:\/\/www-test.absglobal.com\/it\/cow-comfort\/","og_site_name":"ABS Global Italia","article_modified_time":"2020-05-06T16:32:01+00:00","twitter_card":"summary_large_image","twitter_misc":{"Est. reading time":"1 minuto"},"schema":{"@context":"https:\/\/schema.org","@graph":[{"@type":"WebPage","@id":"https:\/\/www-test.absglobal.com\/it\/cow-comfort\/","url":"https:\/\/www-test.absglobal.com\/it\/cow-comfort\/","name":"Cow Comfort - ABS Global Italia","isPartOf":{"@id":"https:\/\/www-test.absglobal.com\/it\/#website"},"datePublished":"2020-02-24T19:30:17+00:00","dateModified":"2020-05-06T16:32:01+00:00","breadcrumb":{"@id":"https:\/\/www-test.absglobal.com\/it\/cow-comfort\/#breadcrumb"},"inLanguage":"it-IT","potentialAction":[{"@type":"ReadAction","target":["https:\/\/www-test.absglobal.com\/it\/cow-comfort\/"]}]},{"@type":"BreadcrumbList","@id":"https:\/\/www-test.absglobal.com\/it\/cow-comfort\/#breadcrumb","itemListElement":[{"@type":"ListItem","position":1,"name":"Home","item":"https:\/\/www-test.absglobal.com\/it\/"},{"@type":"ListItem","position":2,"name":"Cow Comfort"}]},{"@type":"WebSite","@id":"https:\/\/www-test.absglobal.com\/it\/#website","url":"https:\/\/www-test.absglobal.com\/it\/","name":"ABS Global Italia","description":"","publisher":{"@id":"https:\/\/www-test.absglobal.com\/it\/#organization"},"potentialAction":[{"@type":"SearchAction","target":{"@type":"EntryPoint","urlTemplate":"https:\/\/www-test.absglobal.com\/it\/?s={search_term_string}"},"query-input":{"@type":"PropertyValueSpecification","valueRequired":true,"valueName":"search_term_string"}}],"inLanguage":"it-IT"},{"@type":"Organization","@id":"https:\/\/www-test.absglobal.com\/it\/#organization","name":"ABS Global Italia","url":"https:\/\/www-test.absglobal.com\/it\/","logo":{"@type":"ImageObject","inLanguage":"it-IT","@id":"https:\/\/www-test.absglobal.com\/it\/#\/schema\/logo\/image\/","url":"https:\/\/www-test.absglobal.com\/it\/wp-content\/uploads\/sites\/26\/2020\/04\/LogoRGB.png","contentUrl":"https:\/\/www-test.absglobal.com\/it\/wp-content\/uploads\/sites\/26\/2020\/04\/LogoRGB.png","width":872,"height":1080,"caption":"ABS Global Italia"},"image":{"@id":"https:\/\/www-test.absglobal.com\/it\/#\/schema\/logo\/image\/"}}]}},"jetpack_sharing_enabled":true,"_links":{"self":[{"href":"https:\/\/www-test.absglobal.com\/it\/wp-json\/wp\/v2\/pages\/1800"}],"collection":[{"href":"https:\/\/www-test.absglobal.com\/it\/wp-json\/wp\/v2\/pages"}],"about":[{"href":"https:\/\/www-test.absglobal.com\/it\/wp-json\/wp\/v2\/types\/page"}],"author":[{"embeddable":true,"href":"https:\/\/www-test.absglobal.com\/it\/wp-json\/wp\/v2\/users\/289"}],"replies":[{"embeddable":true,"href":"https:\/\/www-test.absglobal.com\/it\/wp-json\/wp\/v2\/comments?post=1800"}],"version-history":[{"count":24,"href":"https:\/\/www-test.absglobal.com\/it\/wp-json\/wp\/v2\/pages\/1800\/revisions"}],"predecessor-version":[{"id":3740,"href":"https:\/\/www-test.absglobal.com\/it\/wp-json\/wp\/v2\/pages\/1800\/revisions\/3740"}],"wp:attachment":[{"href":"https:\/\/www-test.absglobal.com\/it\/wp-json\/wp\/v2\/media?parent=1800"}],"curies":[{"name":"wp","href":"https:\/\/api.w.org\/{rel}","templated":true}]}}