{"id":1757,"date":"2020-02-24T10:47:23","date_gmt":"2020-02-24T15:47:23","guid":{"rendered":"http:\/\/cms.genusplc.com\/absglobal\/?page_id=1757"},"modified":"2020-06-04T16:46:13","modified_gmt":"2020-06-04T21:46:13","slug":"fertility","status":"publish","type":"page","link":"https:\/\/www-test.absglobal.com\/it\/fertility\/","title":{"rendered":"Fertilit\u00e0 della mandria"},"content":{"rendered":"\n<p>L&#8217;efficienza riproduttiva in una mandria \u00e8 correlata alla capacit\u00e0 delle vacche di rimanere gravide in maniera tempestiva. La riproduzione \u00e8 la chiave del successo in una stalla di bovini da latte ed \u00e8 fortemente associata alla redditivit\u00e0.<\/p>\n\n\n\n<p>La relazione tra riproduzione e redditivit\u00e0 pu\u00f2 essere facilmente comprensibile. Un&#8217;azienda da latte che non riesce a produrre costantemente gravidanze sulle vacche, non avr\u00e0 n\u00e9 vacche fresche, n\u00e9 vacche da mungere. Questo, a sua volta, significa, che non produrr\u00e0 reddito.<\/p>\n\n\n\n<p>Sebbene ci\u00f2 possa sembrare un semplice calcolo matematico, il processo diventa pi\u00f9 complesso se si considera l&#8217;efficienza. Sebbene la quantit\u00e0 di latte prodotta sia un punto fondamentale per un&#8217;azienda, anche gli investimenti fatti per produrre una gravidanza e l&#8217;intervallo interparto sono punti da tenere in considerazione.<\/p>\n\n\n\n<p>Un buon modo per approcciare la riproduzione in un allevamento da latte \u00e8 capire che tutte le variabili all&#8217;interno dell&#8217;azienda sono strettamente connesse. Queste variabili possono essere suddivise in cinque pilastri principali: animali, persone, protocolli di gestione, ambiente e seme\/embrioni. Questi punti sono i principali fattori che incidono sulla fertilit\u00e0 della mandria. Classificando le cose in questo modo, ogni volta che un solo punto non \u00e8 performante, potremo identificare rapidamente il problema e risolverlo, evitando che le situazioni si complichino.<\/p>\n\n\n\n<div style=\"height:50px\" aria-hidden=\"true\" class=\"wp-block-spacer\"><\/div>\n\n\n\n<h2 class=\"is-style-underline wp-block-heading\">Le offerte di ABS sulla riproduzione includono:<\/h2>\n\n\n\t\t<section id=\"\" class=\"alignwide section-wrapper section-wrapper-small-fluid block-product-slider\" data-magellan-target=\"\">\n\t\t\t<div class=\"carousel-card-section owl-carousel owl-theme\">\n\t\t\t\t\t\t\t\t\t\t<div class=\"card\">\n\t\t\t\t\t\t\t\t\t\t\t\t\t\t\t<img decoding=\"async\" class=\"card-img\" src=\"https:\/\/www-test.absglobal.com\/it\/wp-content\/uploads\/sites\/26\/2020\/02\/Breeder-tag-system-uk.jpg?w=1000&#038;resize=375,250\" alt=\"Image of medical devices\">\n\t\t\t\t\t\t\t\t\t\t\t\t\t\t<div class=\"card-section\">\n\t\t\t\t\t\t\t\t<h3 class=\"card-title\">Breeder Tag<\/h3>\n\t\t\t\t\t\t\t\t\t\t\t\t\t\t\t\t\t\t\t\t\t\t\t\t\t<p class=\"card-description\">Dalla ricerca ABS e da anni di esperienza sul campo nasce il SISTEMA ABS BREEDER TAG, un nuovo approccio verso l&#8217;efficienza riproduttiva che Ti aiuter\u00e0 ad aumentare le prestazioni del TUO allevamento: migliorando il rilevamento dei calori per produrre pi\u00f9 gravidanze &#8211; incrementando il TUO progresso genetico con il GMS &#8211; aiutandoTi ad analizzare i [&hellip;]<\/p>\n\t\t\t\t\t\t\t\t\n\t\t\t\t\t\t\t\t<a href=\"https:\/\/www-test.absglobal.com\/it\/soluzioni\/breeder-tag\/\" class=\"card-section-button button\">Per saperne di pi\u00f9<\/a>\n\t\t\t\t\t\t\t<\/div>\n\t\t\t\t\t\t<\/div>\n\t\t\t\t\t\t\t\t\t\t\t\t<div class=\"card\">\n\t\t\t\t\t\t\t\t\t\t\t\t\t\t\t<img decoding=\"async\" class=\"card-img\" src=\"https:\/\/www-test.absglobal.com\/it\/wp-content\/uploads\/sites\/26\/2020\/03\/product-sexcel-2.jpg?w=1000&#038;resize=375,250\" alt=\"Image of medical devices\">\n\t\t\t\t\t\t\t\t\t\t\t\t\t\t<div class=\"card-section\">\n\t\t\t\t\t\t\t\t<h3 class=\"card-title\">Sexcel\u00ae<\/h3>\n\t\t\t\t\t\t\t\t\t\t\t\t\t\t\t\t\t\t\t\t\t\t\t\t\t<p class=\"card-description\">Genetica Sexcel\u00ae \u2013 Creare la rimonta dalle vostre vacche migliori Una dose di seme non apporta un valore reale all&#8217;allevatore, a meno che dalla gravidanza non nasca una femmina. Solo producendo una manza sana sar\u00e0 possibile vedere il progresso genetico. \u00c8 qui che sta il valore. In un momento in cui l&#8217;efficienza \u00e8 fondamentale nelle [&hellip;]<\/p>\n\t\t\t\t\t\t\t\t\n\t\t\t\t\t\t\t\t<a href=\"https:\/\/www-test.absglobal.com\/it\/soluzioni\/sexcel\/\" class=\"card-section-button button\">Per saperne di pi\u00f9<\/a>\n\t\t\t\t\t\t\t<\/div>\n\t\t\t\t\t\t<\/div>\n\t\t\t\t\t\t\t\t\t\t\t\t<div class=\"card\">\n\t\t\t\t\t\t\t\t\t\t\t\t\t\t\t<img decoding=\"async\" class=\"card-img\" src=\"https:\/\/www-test.absglobal.com\/it\/wp-content\/uploads\/sites\/26\/2020\/04\/product-AI-technician-service-1.jpg?w=1000&#038;resize=375,250\" alt=\"Image of medical devices\">\n\t\t\t\t\t\t\t\t\t\t\t\t\t\t<div class=\"card-section\">\n\t\t\t\t\t\t\t\t<h3 class=\"card-title\">Reproductive Management System<\/h3>\n\t\t\t\t\t\t\t\t\t\t\t\t\t\t\t\t\t\t\t\t\t\t\t\t\t<p class=\"card-description\">I problemi di fertilit\u00e0 nelle aziende da latte diventano sempre pi\u00f9 grandi e l&#8217;RMS pu\u00f2 aiutare ad affrontare queste sfide estremamente importanti per il futuro profitto aziendale. Attraverso la presenza di un tecnico specializzato, l&#8217;RMS fornisce un paio d&#8217;occhi in pi\u00f9 in stalla per aumentare l&#8217;identificazione dei calori, fecondare e individuare qualsiasi anomalia negli animali, [&hellip;]<\/p>\n\t\t\t\t\t\t\t\t\n\t\t\t\t\t\t\t\t<a href=\"https:\/\/www-test.absglobal.com\/it\/soluzioni\/reproductive-management-system\/\" class=\"card-section-button button\">Per saperne di pi\u00f9<\/a>\n\t\t\t\t\t\t\t<\/div>\n\t\t\t\t\t\t<\/div>\n\t\t\t\t\t\t\t\t\t<\/div>\n\t\t<\/section>\n\t\t\n\n","protected":false},"excerpt":{"rendered":"<p>L&#8217;efficienza riproduttiva in una mandria \u00e8 correlata alla capacit\u00e0 delle vacche di rimanere gravide in maniera tempestiva. La riproduzione \u00e8 la chiave del successo in una stalla di bovini da latte ed \u00e8 fortemente associata alla redditivit\u00e0. La relazione tra riproduzione e redditivit\u00e0 pu\u00f2 essere facilmente comprensibile. Un&#8217;azienda da latte che non riesce a produrre [&hellip;]<\/p>\n","protected":false},"author":289,"featured_media":0,"parent":0,"menu_order":0,"comment_status":"closed","ping_status":"closed","template":"","meta":{"_acf_changed":false,"content-type":"","footnotes":""},"class_list":["post-1757","page","type-page","status-publish","hentry"],"acf":[],"yoast_head":"<!-- This site is optimized with the Yoast SEO Premium plugin v22.1 (Yoast SEO v25.3) - https:\/\/yoast.com\/wordpress\/plugins\/seo\/ -->\n<title>Fertilit\u00e0 della mandria - ABS Global Italia<\/title>\n<meta name=\"robots\" content=\"index, follow, max-snippet:-1, max-image-preview:large, max-video-preview:-1\" \/>\n<link rel=\"canonical\" href=\"https:\/\/www-test.absglobal.com\/it\/fertility\/\" \/>\n<meta property=\"og:locale\" content=\"it_IT\" \/>\n<meta property=\"og:type\" content=\"article\" \/>\n<meta property=\"og:title\" content=\"Fertilit\u00e0 della mandria\" \/>\n<meta property=\"og:description\" content=\"L&#8217;efficienza riproduttiva in una mandria \u00e8 correlata alla capacit\u00e0 delle vacche di rimanere gravide in maniera tempestiva. La riproduzione \u00e8 la chiave del successo in una stalla di bovini da latte ed \u00e8 fortemente associata alla redditivit\u00e0. La relazione tra riproduzione e redditivit\u00e0 pu\u00f2 essere facilmente comprensibile. Un&#8217;azienda da latte che non riesce a produrre [&hellip;]\" \/>\n<meta property=\"og:url\" content=\"https:\/\/www-test.absglobal.com\/it\/fertility\/\" \/>\n<meta property=\"og:site_name\" content=\"ABS Global Italia\" \/>\n<meta property=\"article:modified_time\" content=\"2020-06-04T21:46:13+00:00\" \/>\n<meta name=\"twitter:card\" content=\"summary_large_image\" \/>\n<meta name=\"twitter:label1\" content=\"Est. reading time\" \/>\n\t<meta name=\"twitter:data1\" content=\"1 minuto\" \/>\n<script type=\"application\/ld+json\" class=\"yoast-schema-graph\">{\"@context\":\"https:\/\/schema.org\",\"@graph\":[{\"@type\":\"WebPage\",\"@id\":\"https:\/\/www-test.absglobal.com\/it\/fertility\/\",\"url\":\"https:\/\/www-test.absglobal.com\/it\/fertility\/\",\"name\":\"Fertilit\u00e0 della mandria - ABS Global Italia\",\"isPartOf\":{\"@id\":\"https:\/\/www-test.absglobal.com\/it\/#website\"},\"datePublished\":\"2020-02-24T15:47:23+00:00\",\"dateModified\":\"2020-06-04T21:46:13+00:00\",\"breadcrumb\":{\"@id\":\"https:\/\/www-test.absglobal.com\/it\/fertility\/#breadcrumb\"},\"inLanguage\":\"it-IT\",\"potentialAction\":[{\"@type\":\"ReadAction\",\"target\":[\"https:\/\/www-test.absglobal.com\/it\/fertility\/\"]}]},{\"@type\":\"BreadcrumbList\",\"@id\":\"https:\/\/www-test.absglobal.com\/it\/fertility\/#breadcrumb\",\"itemListElement\":[{\"@type\":\"ListItem\",\"position\":1,\"name\":\"Home\",\"item\":\"https:\/\/www-test.absglobal.com\/it\/\"},{\"@type\":\"ListItem\",\"position\":2,\"name\":\"Fertilit\u00e0 della mandria\"}]},{\"@type\":\"WebSite\",\"@id\":\"https:\/\/www-test.absglobal.com\/it\/#website\",\"url\":\"https:\/\/www-test.absglobal.com\/it\/\",\"name\":\"ABS Global Italia\",\"description\":\"\",\"publisher\":{\"@id\":\"https:\/\/www-test.absglobal.com\/it\/#organization\"},\"potentialAction\":[{\"@type\":\"SearchAction\",\"target\":{\"@type\":\"EntryPoint\",\"urlTemplate\":\"https:\/\/www-test.absglobal.com\/it\/?s={search_term_string}\"},\"query-input\":{\"@type\":\"PropertyValueSpecification\",\"valueRequired\":true,\"valueName\":\"search_term_string\"}}],\"inLanguage\":\"it-IT\"},{\"@type\":\"Organization\",\"@id\":\"https:\/\/www-test.absglobal.com\/it\/#organization\",\"name\":\"ABS Global Italia\",\"url\":\"https:\/\/www-test.absglobal.com\/it\/\",\"logo\":{\"@type\":\"ImageObject\",\"inLanguage\":\"it-IT\",\"@id\":\"https:\/\/www-test.absglobal.com\/it\/#\/schema\/logo\/image\/\",\"url\":\"https:\/\/www-test.absglobal.com\/it\/wp-content\/uploads\/sites\/26\/2020\/04\/LogoRGB.png\",\"contentUrl\":\"https:\/\/www-test.absglobal.com\/it\/wp-content\/uploads\/sites\/26\/2020\/04\/LogoRGB.png\",\"width\":872,\"height\":1080,\"caption\":\"ABS Global Italia\"},\"image\":{\"@id\":\"https:\/\/www-test.absglobal.com\/it\/#\/schema\/logo\/image\/\"}}]}<\/script>\n<!-- \/ Yoast SEO Premium plugin. -->","yoast_head_json":{"title":"Fertilit\u00e0 della mandria - ABS Global Italia","robots":{"index":"index","follow":"follow","max-snippet":"max-snippet:-1","max-image-preview":"max-image-preview:large","max-video-preview":"max-video-preview:-1"},"canonical":"https:\/\/www-test.absglobal.com\/it\/fertility\/","og_locale":"it_IT","og_type":"article","og_title":"Fertilit\u00e0 della mandria","og_description":"L&#8217;efficienza riproduttiva in una mandria \u00e8 correlata alla capacit\u00e0 delle vacche di rimanere gravide in maniera tempestiva. La riproduzione \u00e8 la chiave del successo in una stalla di bovini da latte ed \u00e8 fortemente associata alla redditivit\u00e0. La relazione tra riproduzione e redditivit\u00e0 pu\u00f2 essere facilmente comprensibile. Un&#8217;azienda da latte che non riesce a produrre [&hellip;]","og_url":"https:\/\/www-test.absglobal.com\/it\/fertility\/","og_site_name":"ABS Global Italia","article_modified_time":"2020-06-04T21:46:13+00:00","twitter_card":"summary_large_image","twitter_misc":{"Est. reading time":"1 minuto"},"schema":{"@context":"https:\/\/schema.org","@graph":[{"@type":"WebPage","@id":"https:\/\/www-test.absglobal.com\/it\/fertility\/","url":"https:\/\/www-test.absglobal.com\/it\/fertility\/","name":"Fertilit\u00e0 della mandria - ABS Global Italia","isPartOf":{"@id":"https:\/\/www-test.absglobal.com\/it\/#website"},"datePublished":"2020-02-24T15:47:23+00:00","dateModified":"2020-06-04T21:46:13+00:00","breadcrumb":{"@id":"https:\/\/www-test.absglobal.com\/it\/fertility\/#breadcrumb"},"inLanguage":"it-IT","potentialAction":[{"@type":"ReadAction","target":["https:\/\/www-test.absglobal.com\/it\/fertility\/"]}]},{"@type":"BreadcrumbList","@id":"https:\/\/www-test.absglobal.com\/it\/fertility\/#breadcrumb","itemListElement":[{"@type":"ListItem","position":1,"name":"Home","item":"https:\/\/www-test.absglobal.com\/it\/"},{"@type":"ListItem","position":2,"name":"Fertilit\u00e0 della mandria"}]},{"@type":"WebSite","@id":"https:\/\/www-test.absglobal.com\/it\/#website","url":"https:\/\/www-test.absglobal.com\/it\/","name":"ABS Global Italia","description":"","publisher":{"@id":"https:\/\/www-test.absglobal.com\/it\/#organization"},"potentialAction":[{"@type":"SearchAction","target":{"@type":"EntryPoint","urlTemplate":"https:\/\/www-test.absglobal.com\/it\/?s={search_term_string}"},"query-input":{"@type":"PropertyValueSpecification","valueRequired":true,"valueName":"search_term_string"}}],"inLanguage":"it-IT"},{"@type":"Organization","@id":"https:\/\/www-test.absglobal.com\/it\/#organization","name":"ABS Global Italia","url":"https:\/\/www-test.absglobal.com\/it\/","logo":{"@type":"ImageObject","inLanguage":"it-IT","@id":"https:\/\/www-test.absglobal.com\/it\/#\/schema\/logo\/image\/","url":"https:\/\/www-test.absglobal.com\/it\/wp-content\/uploads\/sites\/26\/2020\/04\/LogoRGB.png","contentUrl":"https:\/\/www-test.absglobal.com\/it\/wp-content\/uploads\/sites\/26\/2020\/04\/LogoRGB.png","width":872,"height":1080,"caption":"ABS Global Italia"},"image":{"@id":"https:\/\/www-test.absglobal.com\/it\/#\/schema\/logo\/image\/"}}]}},"jetpack_sharing_enabled":true,"_links":{"self":[{"href":"https:\/\/www-test.absglobal.com\/it\/wp-json\/wp\/v2\/pages\/1757"}],"collection":[{"href":"https:\/\/www-test.absglobal.com\/it\/wp-json\/wp\/v2\/pages"}],"about":[{"href":"https:\/\/www-test.absglobal.com\/it\/wp-json\/wp\/v2\/types\/page"}],"author":[{"embeddable":true,"href":"https:\/\/www-test.absglobal.com\/it\/wp-json\/wp\/v2\/users\/289"}],"replies":[{"embeddable":true,"href":"https:\/\/www-test.absglobal.com\/it\/wp-json\/wp\/v2\/comments?post=1757"}],"version-history":[{"count":18,"href":"https:\/\/www-test.absglobal.com\/it\/wp-json\/wp\/v2\/pages\/1757\/revisions"}],"predecessor-version":[{"id":3795,"href":"https:\/\/www-test.absglobal.com\/it\/wp-json\/wp\/v2\/pages\/1757\/revisions\/3795"}],"wp:attachment":[{"href":"https:\/\/www-test.absglobal.com\/it\/wp-json\/wp\/v2\/media?parent=1757"}],"curies":[{"name":"wp","href":"https:\/\/api.w.org\/{rel}","templated":true}]}}