{"id":2815,"date":"2020-04-06T22:44:33","date_gmt":"2020-04-07T03:44:33","guid":{"rendered":"http:\/\/www-test.absglobal.com\/es\/?page_id=2815"},"modified":"2023-02-21T04:00:41","modified_gmt":"2023-02-21T09:00:41","slug":"bienvenido","status":"publish","type":"page","link":"https:\/\/www-test.absglobal.com\/es\/bienvenido\/","title":{"rendered":"Bienvenido"},"content":{"rendered":"\n<h2 class=\"has-text-align-center wp-block-heading\" id=\"h-bienvenido-a-la-nueva-pagina-web-de-abssoluciones-para-ganaderos-orientados-en-resultados\">Bienvenido a la nueva p\u00e1gina web de ABS<br>Soluciones para ganaderos orientados en resultados<\/h2>\n\n\n\n<div style=\"height:50px\" aria-hidden=\"true\" class=\"wp-block-spacer\"><\/div>\n\n\n\n<p class=\"has-small-font-size\">Abril 7, 2020<\/p>\n\n\n\n<p>ABS Global se complace en proporcionar a los clientes la principal fuente digital de soluciones gen\u00e9ticas para la rentabilidad a trav\u00e9s del redise\u00f1o y lanzamiento de su sitio web hoy. La mejora integral y extensa se realiz\u00f3 para garantizar la mejor experiencia posible para el cliente.<\/p>\n\n\n\n<p>&#8220;El objetivo con el redise\u00f1o del sitio web de ABS Global es ayudarlo a usted, nuestro cliente, a alcanzar sus objetivos a trav\u00e9s de una experiencia digital mejorada&#8221;, dice Olivier Hiers, Director de Marketing Global de ABS. &#8220;El nuevo sitio web ofrece informaci\u00f3n basada en soluciones para ayudar a los clientes a encontrar la respuesta m\u00e1s adecuada a sus necesidades&#8221;.<\/p>\n\n\n\n<p>El nuevo sitio web presenta recursos de la biblioteca, estudios de casos y experiencias de otros ganaderos para ayudar a los usuarios del sitio a comprender mejor el papel que juega la gen\u00e9tica en la rentabilidad general de la granja.<\/p>\n\n\n\n<p>&#8220;ABS Global sigue dedicado a servir a las granjas lecheras y de carne m\u00e1s avanzadas&#8221;, agrega Nate Zwald, ABS Global COO-Dairy. \u201cNuestro compromiso de proporcionar soluciones sostenibles a largo plazo a trav\u00e9s del progreso gen\u00e9tico ahora se acepta a trav\u00e9s de nuestro nuevo sitio web. Aqu\u00ed encontrar\u00e1 que nos enfocamos en usted, nuestro cliente, al tiempo que le brindamos las soluciones y los recursos necesarios para ayudarlo a beneficiarse del progreso gen\u00e9tico &#8220;.<\/p>\n\n\n\n<p>El sitio web tambi\u00e9n mejora en gran medida la disponibilidad y accesibilidad a herramientas para el \u00e9xito, como Bull Search y el \u00cdndice personalizado de ABS Global.<\/p>\n\n\n\n<p>El sitio contiene enlaces integrados a redes sociales como Facebook, Twitter y LinkedIn para fomentar una mejor comunicaci\u00f3n con los clientes y ayudar a desarrollar una comunidad ABS Global. Actualizaremos constantemente nuestro contenido con informaci\u00f3n \u00fatil, art\u00edculos, blogs, anuncios de la compa\u00f1\u00eda y nuevos productos en la secci\u00f3n de Noticias.<\/p>\n\n\n\n<p><strong>Acerca de ABS<\/strong><\/p>\n\n\n\n<p>Con sede en DeForest, Wisconsin, EE. UU., ABS Global es el proveedor l\u00edder mundial de gen\u00e9tica bovina, servicios de reproducci\u00f3n, tecnolog\u00edas de inseminaci\u00f3n artificial y productos para el cuidado de las ubres. Comercializando en m\u00e1s de 70 pa\u00edses alrededor del mundo, ABS ha estado a la vanguardia de la gen\u00e9tica y tecnolog\u00eda animal desde su fundaci\u00f3n en 1941. ABS Global es una divisi\u00f3n de Genus plc.<\/p>\n\n\n\n<div style=\"height:50px\" aria-hidden=\"true\" class=\"wp-block-spacer\"><\/div>\n","protected":false},"excerpt":{"rendered":"<p>Bienvenido a la nueva p\u00e1gina web de ABSSoluciones para ganaderos orientados en resultados Abril 7, 2020 ABS Global se complace en proporcionar a los clientes la principal fuente digital de soluciones gen\u00e9ticas para la rentabilidad a trav\u00e9s del redise\u00f1o y lanzamiento de su sitio web hoy. La mejora integral y extensa se realiz\u00f3 para garantizar [&hellip;]<\/p>\n","protected":false},"author":289,"featured_media":0,"parent":0,"menu_order":0,"comment_status":"closed","ping_status":"closed","template":"","meta":{"_acf_changed":false,"footnotes":""},"class_list":["post-2815","page","type-page","status-publish","hentry"],"acf":[],"yoast_head":"<!-- This site is optimized with the Yoast SEO Premium plugin v22.1 (Yoast SEO v25.3) - https:\/\/yoast.com\/wordpress\/plugins\/seo\/ -->\n<title>Bienvenido - ABS Global Spain<\/title>\n<meta name=\"robots\" content=\"index, follow, max-snippet:-1, max-image-preview:large, max-video-preview:-1\" \/>\n<link rel=\"canonical\" href=\"https:\/\/www-test.absglobal.com\/es\/bienvenido\/\" \/>\n<meta property=\"og:locale\" content=\"es_ES\" \/>\n<meta property=\"og:type\" content=\"article\" \/>\n<meta property=\"og:title\" content=\"Bienvenido\" \/>\n<meta property=\"og:description\" content=\"Bienvenido a la nueva p\u00e1gina web de ABSSoluciones para ganaderos orientados en resultados Abril 7, 2020 ABS Global se complace en proporcionar a los clientes la principal fuente digital de soluciones gen\u00e9ticas para la rentabilidad a trav\u00e9s del redise\u00f1o y lanzamiento de su sitio web hoy. La mejora integral y extensa se realiz\u00f3 para garantizar [&hellip;]\" \/>\n<meta property=\"og:url\" content=\"https:\/\/www-test.absglobal.com\/es\/bienvenido\/\" \/>\n<meta property=\"og:site_name\" content=\"ABS Global Spain\" \/>\n<meta property=\"article:modified_time\" content=\"2023-02-21T09:00:41+00:00\" \/>\n<meta name=\"twitter:card\" content=\"summary_large_image\" \/>\n<meta name=\"twitter:label1\" content=\"Est. reading time\" \/>\n\t<meta name=\"twitter:data1\" content=\"2 minutos\" \/>\n<script type=\"application\/ld+json\" class=\"yoast-schema-graph\">{\"@context\":\"https:\/\/schema.org\",\"@graph\":[{\"@type\":\"WebPage\",\"@id\":\"https:\/\/www-test.absglobal.com\/es\/bienvenido\/\",\"url\":\"https:\/\/www-test.absglobal.com\/es\/bienvenido\/\",\"name\":\"Bienvenido - ABS Global Spain\",\"isPartOf\":{\"@id\":\"https:\/\/www-test.absglobal.com\/es\/#website\"},\"datePublished\":\"2020-04-07T03:44:33+00:00\",\"dateModified\":\"2023-02-21T09:00:41+00:00\",\"breadcrumb\":{\"@id\":\"https:\/\/www-test.absglobal.com\/es\/bienvenido\/#breadcrumb\"},\"inLanguage\":\"es\",\"potentialAction\":[{\"@type\":\"ReadAction\",\"target\":[\"https:\/\/www-test.absglobal.com\/es\/bienvenido\/\"]}]},{\"@type\":\"BreadcrumbList\",\"@id\":\"https:\/\/www-test.absglobal.com\/es\/bienvenido\/#breadcrumb\",\"itemListElement\":[{\"@type\":\"ListItem\",\"position\":1,\"name\":\"Home\",\"item\":\"https:\/\/www-test.absglobal.com\/es\/\"},{\"@type\":\"ListItem\",\"position\":2,\"name\":\"Bienvenido\"}]},{\"@type\":\"WebSite\",\"@id\":\"https:\/\/www-test.absglobal.com\/es\/#website\",\"url\":\"https:\/\/www-test.absglobal.com\/es\/\",\"name\":\"ABS Global Spain\",\"description\":\"\",\"publisher\":{\"@id\":\"https:\/\/www-test.absglobal.com\/es\/#organization\"},\"potentialAction\":[{\"@type\":\"SearchAction\",\"target\":{\"@type\":\"EntryPoint\",\"urlTemplate\":\"https:\/\/www-test.absglobal.com\/es\/?s={search_term_string}\"},\"query-input\":{\"@type\":\"PropertyValueSpecification\",\"valueRequired\":true,\"valueName\":\"search_term_string\"}}],\"inLanguage\":\"es\"},{\"@type\":\"Organization\",\"@id\":\"https:\/\/www-test.absglobal.com\/es\/#organization\",\"name\":\"ABS Global Spain\",\"url\":\"https:\/\/www-test.absglobal.com\/es\/\",\"logo\":{\"@type\":\"ImageObject\",\"inLanguage\":\"es\",\"@id\":\"https:\/\/www-test.absglobal.com\/es\/#\/schema\/logo\/image\/\",\"url\":\"https:\/\/www-test.absglobal.com\/es\/wp-content\/uploads\/sites\/17\/2020\/04\/Asset-1.png\",\"contentUrl\":\"https:\/\/www-test.absglobal.com\/es\/wp-content\/uploads\/sites\/17\/2020\/04\/Asset-1.png\",\"width\":845,\"height\":1080,\"caption\":\"ABS Global Spain\"},\"image\":{\"@id\":\"https:\/\/www-test.absglobal.com\/es\/#\/schema\/logo\/image\/\"}}]}<\/script>\n<!-- \/ Yoast SEO Premium plugin. -->","yoast_head_json":{"title":"Bienvenido - ABS Global Spain","robots":{"index":"index","follow":"follow","max-snippet":"max-snippet:-1","max-image-preview":"max-image-preview:large","max-video-preview":"max-video-preview:-1"},"canonical":"https:\/\/www-test.absglobal.com\/es\/bienvenido\/","og_locale":"es_ES","og_type":"article","og_title":"Bienvenido","og_description":"Bienvenido a la nueva p\u00e1gina web de ABSSoluciones para ganaderos orientados en resultados Abril 7, 2020 ABS Global se complace en proporcionar a los clientes la principal fuente digital de soluciones gen\u00e9ticas para la rentabilidad a trav\u00e9s del redise\u00f1o y lanzamiento de su sitio web hoy. La mejora integral y extensa se realiz\u00f3 para garantizar [&hellip;]","og_url":"https:\/\/www-test.absglobal.com\/es\/bienvenido\/","og_site_name":"ABS Global Spain","article_modified_time":"2023-02-21T09:00:41+00:00","twitter_card":"summary_large_image","twitter_misc":{"Est. reading time":"2 minutos"},"schema":{"@context":"https:\/\/schema.org","@graph":[{"@type":"WebPage","@id":"https:\/\/www-test.absglobal.com\/es\/bienvenido\/","url":"https:\/\/www-test.absglobal.com\/es\/bienvenido\/","name":"Bienvenido - ABS Global Spain","isPartOf":{"@id":"https:\/\/www-test.absglobal.com\/es\/#website"},"datePublished":"2020-04-07T03:44:33+00:00","dateModified":"2023-02-21T09:00:41+00:00","breadcrumb":{"@id":"https:\/\/www-test.absglobal.com\/es\/bienvenido\/#breadcrumb"},"inLanguage":"es","potentialAction":[{"@type":"ReadAction","target":["https:\/\/www-test.absglobal.com\/es\/bienvenido\/"]}]},{"@type":"BreadcrumbList","@id":"https:\/\/www-test.absglobal.com\/es\/bienvenido\/#breadcrumb","itemListElement":[{"@type":"ListItem","position":1,"name":"Home","item":"https:\/\/www-test.absglobal.com\/es\/"},{"@type":"ListItem","position":2,"name":"Bienvenido"}]},{"@type":"WebSite","@id":"https:\/\/www-test.absglobal.com\/es\/#website","url":"https:\/\/www-test.absglobal.com\/es\/","name":"ABS Global Spain","description":"","publisher":{"@id":"https:\/\/www-test.absglobal.com\/es\/#organization"},"potentialAction":[{"@type":"SearchAction","target":{"@type":"EntryPoint","urlTemplate":"https:\/\/www-test.absglobal.com\/es\/?s={search_term_string}"},"query-input":{"@type":"PropertyValueSpecification","valueRequired":true,"valueName":"search_term_string"}}],"inLanguage":"es"},{"@type":"Organization","@id":"https:\/\/www-test.absglobal.com\/es\/#organization","name":"ABS Global Spain","url":"https:\/\/www-test.absglobal.com\/es\/","logo":{"@type":"ImageObject","inLanguage":"es","@id":"https:\/\/www-test.absglobal.com\/es\/#\/schema\/logo\/image\/","url":"https:\/\/www-test.absglobal.com\/es\/wp-content\/uploads\/sites\/17\/2020\/04\/Asset-1.png","contentUrl":"https:\/\/www-test.absglobal.com\/es\/wp-content\/uploads\/sites\/17\/2020\/04\/Asset-1.png","width":845,"height":1080,"caption":"ABS Global Spain"},"image":{"@id":"https:\/\/www-test.absglobal.com\/es\/#\/schema\/logo\/image\/"}}]}},"jetpack_sharing_enabled":true,"_links":{"self":[{"href":"https:\/\/www-test.absglobal.com\/es\/wp-json\/wp\/v2\/pages\/2815"}],"collection":[{"href":"https:\/\/www-test.absglobal.com\/es\/wp-json\/wp\/v2\/pages"}],"about":[{"href":"https:\/\/www-test.absglobal.com\/es\/wp-json\/wp\/v2\/types\/page"}],"author":[{"embeddable":true,"href":"https:\/\/www-test.absglobal.com\/es\/wp-json\/wp\/v2\/users\/289"}],"replies":[{"embeddable":true,"href":"https:\/\/www-test.absglobal.com\/es\/wp-json\/wp\/v2\/comments?post=2815"}],"version-history":[{"count":3,"href":"https:\/\/www-test.absglobal.com\/es\/wp-json\/wp\/v2\/pages\/2815\/revisions"}],"predecessor-version":[{"id":3695,"href":"https:\/\/www-test.absglobal.com\/es\/wp-json\/wp\/v2\/pages\/2815\/revisions\/3695"}],"wp:attachment":[{"href":"https:\/\/www-test.absglobal.com\/es\/wp-json\/wp\/v2\/media?parent=2815"}],"curies":[{"name":"wp","href":"https:\/\/api.w.org\/{rel}","templated":true}]}}