{"id":2110,"date":"2020-03-10T11:31:17","date_gmt":"2020-03-10T16:31:17","guid":{"rendered":"http:\/\/cms.genusplc.com\/absglobal\/?page_id=2110"},"modified":"2020-04-30T16:08:53","modified_gmt":"2020-04-30T21:08:53","slug":"rendimiento-reproductivo","status":"publish","type":"page","link":"https:\/\/www-test.absglobal.com\/es\/rendimiento-reproductivo\/","title":{"rendered":"Rendimiento Reproductivo"},"content":{"rendered":"\n<p>El rendimiento reproductivo es uno de los rasgos econ\u00f3micos m\u00e1s importantes en la producci\u00f3n ganadera. Los productores de alto rendimiento son siempre los que tienen la mayor tasa de reproducci\u00f3n en el reba\u00f1o. <\/p>\n\n\n\n<p>Es importante manejar el reba\u00f1o de manera que haya tantas hembras concibiendo en los primeros 30 d\u00edas de la temporada de cr\u00eda como sea posible. En ABS Global, nos gusta llamar a esto el Cambiador de Juego de 30 D\u00edas.<\/p>\n\n\n\n<p>Esta ventana de 30 d\u00edas le permite obtener el aumento del valor de los terneros nacidos a principios de la temporada de partos. Por ejemplo, si se tiene una temporada de parto de 75 d\u00edas, que es una duraci\u00f3n aceptable, los terneros nacidos en los primeros 30 d\u00edas superar\u00e1n con toda probabilidad a los nacidos m\u00e1s tarde, ya sea en el destete, en el crecimiento o en la producci\u00f3n.&nbsp;<\/p>\n\n\n\n<p>La inseminaci\u00f3n artificial (IA) combinada con la sincronizaci\u00f3n, tambi\u00e9n conocida como IA de tiempo fijo, puede proporcionar a todas las novillas de reemplazo de un a\u00f1o la oportunidad de quedar pre\u00f1adas el primer d\u00eda de la temporada de cr\u00eda.&nbsp;<\/p>\n\n\n\n<p>Tambi\u00e9n hay muchas herramientas que ayudan a identificar las vacas que no est\u00e1n pre\u00f1adas o que se pre\u00f1an a finales de la temporada de cr\u00eda. Retirar estas vacas del reba\u00f1o ayuda a aumentar el rendimiento reproductivo general porque s\u00f3lo se mantienen las vacas que pueden concebir al principio de la temporada de cr\u00eda.<\/p>\n\n\n\n<p>Al comprender cu\u00e1ndo y c\u00f3mo dejar pre\u00f1adas a sus vacas, ABS ha desarrollado programas y protocolos para ayudar a los criadores de vacas a lograr la mayor eficiencia en el rendimiento reproductivo.<\/p>\n\n\n\n<div style=\"height:50px\" aria-hidden=\"true\" class=\"wp-block-spacer\"><\/div>\n\n\n\n<h2 class=\"is-style-underline wp-block-heading\">Productos Relacionados<\/h2>\n\n\n\t\t<section id=\"\" class=\"alignwide section-wrapper section-wrapper-small-fluid block-product-slider\" data-magellan-target=\"\">\n\t\t\t<div class=\"cards-section grid-x grid-margin-x small-up-1 medium-up-2 medium-large-up-3 show-for-medium\">\n\t\t\t\t\t\t\t\t\t\t<div class=\"cell card\">\n\t\t\t\t\t\t\t\t\t\t\t\t\t\t\t<img decoding=\"async\" class=\"card-img\" src=\"https:\/\/www-test.absglobal.com\/es\/wp-content\/uploads\/sites\/17\/2020\/02\/beef-infocus-product-page2.jpg?w=1000&#038;resize=375,250\" alt=\"Image of medical devices\">\n\t\t\t\t\t\t\t\t\t\t\t\t\t\t<div class=\"card-section\">\n\t\t\t\t\t\t\t\t<h3 class=\"card-title\">Beef InFocus\u2122<\/h3>\n\t\t\t\t\t\t\t\t\t\t\t\t\t\t\t\t\t\t\t\t\t\t\t\t\t<p class=\"card-description\">Beef InFocus\u2122 &#8211; Cruce Industrial, pero no como lo conoce. ABS Beef InFocus\u2122, impulsado por NuEra Genetics\u2122, ofrece gen\u00e9tica de carne de vacuno probada y fiable para que el ganadero pueda maximizar el valor de la producci\u00f3n de terneros a la vez que impulsa la eficiencia de la cadena de suministro de carne de vacuno. [&hellip;]<\/p>\n\t\t\t\t\t\t\t\t\n\t\t\t\t\t\t\t\t<a href=\"https:\/\/www-test.absglobal.com\/es\/services\/beef-infocus\/\" class=\"card-section-button button\">Aprender m\u00e1s<\/a>\n\t\t\t\t\t\t\t<\/div>\n\t\t\t\t\t\t<\/div>\n\t\t\t\t\t\t\t\t\t\t\t\t<div class=\"cell card\">\n\t\t\t\t\t\t\t\t\t\t\t\t\t\t\t<img decoding=\"async\" class=\"card-img\" src=\"https:\/\/www-test.absglobal.com\/es\/wp-content\/uploads\/sites\/17\/2020\/03\/product-nuera-2.jpg?w=1000&#038;resize=375,250\" alt=\"Image of medical devices\">\n\t\t\t\t\t\t\t\t\t\t\t\t\t\t<div class=\"card-section\">\n\t\t\t\t\t\t\t\t<h3 class=\"card-title\">NuEra Genetics\u2122<\/h3>\n\t\t\t\t\t\t\t\t\t\t\t\t\t\t\t\t\t\t\t\t\t\t\t\t\t<p class=\"card-description\">NuEra Genetics\u2122 de ABS Global abarca todos los programas de cr\u00eda de carne de vacuno de propiedad de ABS, evaluaciones e \u00edndices. Lanzado en julio de 2017, NuEra Genetics ofrece una gen\u00e9tica terminal diferenciada y superior para la rentabilidad de la cadena de suministro de carne de vacuno. NuEra Genetics simboliza el siguiente cap\u00edtulo en [&hellip;]<\/p>\n\t\t\t\t\t\t\t\t\n\t\t\t\t\t\t\t\t<a href=\"https:\/\/www-test.absglobal.com\/es\/services\/nuera-genetics\/\" class=\"card-section-button button\">Aprender m\u00e1s<\/a>\n\t\t\t\t\t\t\t<\/div>\n\t\t\t\t\t\t<\/div>\n\t\t\t\t\t\t\t\t\t<\/div>\n\t\t\t<div class=\"carousel-card-section-mobile owl-carousel owl-theme hide-for-medium\">\n\t\t\t\t\t\t\t\t\t\t<div class=\"card\">\n\t\t\t\t\t\t\t\t\t\t\t\t\t\t\t<img decoding=\"async\" class=\"card-img\" src=\"https:\/\/www-test.absglobal.com\/es\/wp-content\/uploads\/sites\/17\/2020\/02\/beef-infocus-product-page2.jpg?w=1000&#038;resize=375,250\" alt=\"Image of medical devices\">\n\t\t\t\t\t\t\t\t\t\t\t\t\t\t<div class=\"card-section\">\n\t\t\t\t\t\t\t\t<h3 class=\"card-title\">Beef InFocus\u2122<\/h3>\n\t\t\t\t\t\t\t\t\t\t\t\t\t\t\t\t\t\t\t\t\t\t\t\t\t<p class=\"card-description\">Beef InFocus\u2122 &#8211; Cruce Industrial, pero no como lo conoce. ABS Beef InFocus\u2122, impulsado por NuEra Genetics\u2122, ofrece gen\u00e9tica de carne de vacuno probada y fiable para que el ganadero pueda maximizar el valor de la producci\u00f3n de terneros a la vez que impulsa la eficiencia de la cadena de suministro de carne de vacuno. [&hellip;]<\/p>\n\t\t\t\t\t\t\t\t\n\t\t\t\t\t\t\t\t<a href=\"https:\/\/www-test.absglobal.com\/es\/services\/beef-infocus\/\" class=\"card-section-button button\">Aprender m\u00e1s<\/a>\n\t\t\t\t\t\t\t<\/div>\n\t\t\t\t\t\t<\/div>\n\t\t\t\t\t\t\t\t\t\t\t\t<div class=\"card\">\n\t\t\t\t\t\t\t\t\t\t\t\t\t\t\t<img decoding=\"async\" class=\"card-img\" src=\"https:\/\/www-test.absglobal.com\/es\/wp-content\/uploads\/sites\/17\/2020\/03\/product-nuera-2.jpg?w=1000&#038;resize=375,250\" alt=\"Image of medical devices\">\n\t\t\t\t\t\t\t\t\t\t\t\t\t\t<div class=\"card-section\">\n\t\t\t\t\t\t\t\t<h3 class=\"card-title\">NuEra Genetics\u2122<\/h3>\n\t\t\t\t\t\t\t\t\t\t\t\t\t\t\t\t\t\t\t\t\t\t\t\t\t<p class=\"card-description\">NuEra Genetics\u2122 de ABS Global abarca todos los programas de cr\u00eda de carne de vacuno de propiedad de ABS, evaluaciones e \u00edndices. Lanzado en julio de 2017, NuEra Genetics ofrece una gen\u00e9tica terminal diferenciada y superior para la rentabilidad de la cadena de suministro de carne de vacuno. NuEra Genetics simboliza el siguiente cap\u00edtulo en [&hellip;]<\/p>\n\t\t\t\t\t\t\t\t\n\t\t\t\t\t\t\t\t<a href=\"https:\/\/www-test.absglobal.com\/es\/services\/nuera-genetics\/\" class=\"card-section-button button\">Aprender m\u00e1s<\/a>\n\t\t\t\t\t\t\t<\/div>\n\t\t\t\t\t\t<\/div>\n\t\t\t\t\t\t\t\t\t<\/div>\n\t\t<\/section>\n\t\t","protected":false},"excerpt":{"rendered":"<p>El rendimiento reproductivo es uno de los rasgos econ\u00f3micos m\u00e1s importantes en la producci\u00f3n ganadera. Los productores de alto rendimiento son siempre los que tienen la mayor tasa de reproducci\u00f3n en el reba\u00f1o. Es importante manejar el reba\u00f1o de manera que haya tantas hembras concibiendo en los primeros 30 d\u00edas de la temporada de cr\u00eda [&hellip;]<\/p>\n","protected":false},"author":289,"featured_media":0,"parent":0,"menu_order":0,"comment_status":"closed","ping_status":"closed","template":"","meta":{"_acf_changed":false,"footnotes":""},"class_list":["post-2110","page","type-page","status-publish","hentry"],"acf":[],"yoast_head":"<!-- This site is optimized with the Yoast SEO Premium plugin v22.1 (Yoast SEO v25.3) - https:\/\/yoast.com\/wordpress\/plugins\/seo\/ -->\n<title>Rendimiento Reproductivo - ABS Global Spain<\/title>\n<meta name=\"robots\" content=\"index, follow, max-snippet:-1, max-image-preview:large, max-video-preview:-1\" \/>\n<link rel=\"canonical\" href=\"https:\/\/www-test.absglobal.com\/es\/rendimiento-reproductivo\/\" \/>\n<meta property=\"og:locale\" content=\"es_ES\" \/>\n<meta property=\"og:type\" content=\"article\" \/>\n<meta property=\"og:title\" content=\"Rendimiento Reproductivo\" \/>\n<meta property=\"og:description\" content=\"El rendimiento reproductivo es uno de los rasgos econ\u00f3micos m\u00e1s importantes en la producci\u00f3n ganadera. Los productores de alto rendimiento son siempre los que tienen la mayor tasa de reproducci\u00f3n en el reba\u00f1o. Es importante manejar el reba\u00f1o de manera que haya tantas hembras concibiendo en los primeros 30 d\u00edas de la temporada de cr\u00eda [&hellip;]\" \/>\n<meta property=\"og:url\" content=\"https:\/\/www-test.absglobal.com\/es\/rendimiento-reproductivo\/\" \/>\n<meta property=\"og:site_name\" content=\"ABS Global Spain\" \/>\n<meta property=\"article:modified_time\" content=\"2020-04-30T21:08:53+00:00\" \/>\n<meta name=\"twitter:card\" content=\"summary_large_image\" \/>\n<meta name=\"twitter:label1\" content=\"Est. reading time\" \/>\n\t<meta name=\"twitter:data1\" content=\"1 minuto\" \/>\n<script type=\"application\/ld+json\" class=\"yoast-schema-graph\">{\"@context\":\"https:\/\/schema.org\",\"@graph\":[{\"@type\":\"WebPage\",\"@id\":\"https:\/\/www-test.absglobal.com\/es\/rendimiento-reproductivo\/\",\"url\":\"https:\/\/www-test.absglobal.com\/es\/rendimiento-reproductivo\/\",\"name\":\"Rendimiento Reproductivo - ABS Global Spain\",\"isPartOf\":{\"@id\":\"https:\/\/www-test.absglobal.com\/es\/#website\"},\"datePublished\":\"2020-03-10T16:31:17+00:00\",\"dateModified\":\"2020-04-30T21:08:53+00:00\",\"breadcrumb\":{\"@id\":\"https:\/\/www-test.absglobal.com\/es\/rendimiento-reproductivo\/#breadcrumb\"},\"inLanguage\":\"es\",\"potentialAction\":[{\"@type\":\"ReadAction\",\"target\":[\"https:\/\/www-test.absglobal.com\/es\/rendimiento-reproductivo\/\"]}]},{\"@type\":\"BreadcrumbList\",\"@id\":\"https:\/\/www-test.absglobal.com\/es\/rendimiento-reproductivo\/#breadcrumb\",\"itemListElement\":[{\"@type\":\"ListItem\",\"position\":1,\"name\":\"Home\",\"item\":\"https:\/\/www-test.absglobal.com\/es\/\"},{\"@type\":\"ListItem\",\"position\":2,\"name\":\"Rendimiento Reproductivo\"}]},{\"@type\":\"WebSite\",\"@id\":\"https:\/\/www-test.absglobal.com\/es\/#website\",\"url\":\"https:\/\/www-test.absglobal.com\/es\/\",\"name\":\"ABS Global Spain\",\"description\":\"\",\"publisher\":{\"@id\":\"https:\/\/www-test.absglobal.com\/es\/#organization\"},\"potentialAction\":[{\"@type\":\"SearchAction\",\"target\":{\"@type\":\"EntryPoint\",\"urlTemplate\":\"https:\/\/www-test.absglobal.com\/es\/?s={search_term_string}\"},\"query-input\":{\"@type\":\"PropertyValueSpecification\",\"valueRequired\":true,\"valueName\":\"search_term_string\"}}],\"inLanguage\":\"es\"},{\"@type\":\"Organization\",\"@id\":\"https:\/\/www-test.absglobal.com\/es\/#organization\",\"name\":\"ABS Global Spain\",\"url\":\"https:\/\/www-test.absglobal.com\/es\/\",\"logo\":{\"@type\":\"ImageObject\",\"inLanguage\":\"es\",\"@id\":\"https:\/\/www-test.absglobal.com\/es\/#\/schema\/logo\/image\/\",\"url\":\"https:\/\/www-test.absglobal.com\/es\/wp-content\/uploads\/sites\/17\/2020\/04\/Asset-1.png\",\"contentUrl\":\"https:\/\/www-test.absglobal.com\/es\/wp-content\/uploads\/sites\/17\/2020\/04\/Asset-1.png\",\"width\":845,\"height\":1080,\"caption\":\"ABS Global Spain\"},\"image\":{\"@id\":\"https:\/\/www-test.absglobal.com\/es\/#\/schema\/logo\/image\/\"}}]}<\/script>\n<!-- \/ Yoast SEO Premium plugin. -->","yoast_head_json":{"title":"Rendimiento Reproductivo - ABS Global Spain","robots":{"index":"index","follow":"follow","max-snippet":"max-snippet:-1","max-image-preview":"max-image-preview:large","max-video-preview":"max-video-preview:-1"},"canonical":"https:\/\/www-test.absglobal.com\/es\/rendimiento-reproductivo\/","og_locale":"es_ES","og_type":"article","og_title":"Rendimiento Reproductivo","og_description":"El rendimiento reproductivo es uno de los rasgos econ\u00f3micos m\u00e1s importantes en la producci\u00f3n ganadera. Los productores de alto rendimiento son siempre los que tienen la mayor tasa de reproducci\u00f3n en el reba\u00f1o. Es importante manejar el reba\u00f1o de manera que haya tantas hembras concibiendo en los primeros 30 d\u00edas de la temporada de cr\u00eda [&hellip;]","og_url":"https:\/\/www-test.absglobal.com\/es\/rendimiento-reproductivo\/","og_site_name":"ABS Global Spain","article_modified_time":"2020-04-30T21:08:53+00:00","twitter_card":"summary_large_image","twitter_misc":{"Est. reading time":"1 minuto"},"schema":{"@context":"https:\/\/schema.org","@graph":[{"@type":"WebPage","@id":"https:\/\/www-test.absglobal.com\/es\/rendimiento-reproductivo\/","url":"https:\/\/www-test.absglobal.com\/es\/rendimiento-reproductivo\/","name":"Rendimiento Reproductivo - ABS Global Spain","isPartOf":{"@id":"https:\/\/www-test.absglobal.com\/es\/#website"},"datePublished":"2020-03-10T16:31:17+00:00","dateModified":"2020-04-30T21:08:53+00:00","breadcrumb":{"@id":"https:\/\/www-test.absglobal.com\/es\/rendimiento-reproductivo\/#breadcrumb"},"inLanguage":"es","potentialAction":[{"@type":"ReadAction","target":["https:\/\/www-test.absglobal.com\/es\/rendimiento-reproductivo\/"]}]},{"@type":"BreadcrumbList","@id":"https:\/\/www-test.absglobal.com\/es\/rendimiento-reproductivo\/#breadcrumb","itemListElement":[{"@type":"ListItem","position":1,"name":"Home","item":"https:\/\/www-test.absglobal.com\/es\/"},{"@type":"ListItem","position":2,"name":"Rendimiento Reproductivo"}]},{"@type":"WebSite","@id":"https:\/\/www-test.absglobal.com\/es\/#website","url":"https:\/\/www-test.absglobal.com\/es\/","name":"ABS Global Spain","description":"","publisher":{"@id":"https:\/\/www-test.absglobal.com\/es\/#organization"},"potentialAction":[{"@type":"SearchAction","target":{"@type":"EntryPoint","urlTemplate":"https:\/\/www-test.absglobal.com\/es\/?s={search_term_string}"},"query-input":{"@type":"PropertyValueSpecification","valueRequired":true,"valueName":"search_term_string"}}],"inLanguage":"es"},{"@type":"Organization","@id":"https:\/\/www-test.absglobal.com\/es\/#organization","name":"ABS Global Spain","url":"https:\/\/www-test.absglobal.com\/es\/","logo":{"@type":"ImageObject","inLanguage":"es","@id":"https:\/\/www-test.absglobal.com\/es\/#\/schema\/logo\/image\/","url":"https:\/\/www-test.absglobal.com\/es\/wp-content\/uploads\/sites\/17\/2020\/04\/Asset-1.png","contentUrl":"https:\/\/www-test.absglobal.com\/es\/wp-content\/uploads\/sites\/17\/2020\/04\/Asset-1.png","width":845,"height":1080,"caption":"ABS Global Spain"},"image":{"@id":"https:\/\/www-test.absglobal.com\/es\/#\/schema\/logo\/image\/"}}]}},"jetpack_sharing_enabled":true,"_links":{"self":[{"href":"https:\/\/www-test.absglobal.com\/es\/wp-json\/wp\/v2\/pages\/2110"}],"collection":[{"href":"https:\/\/www-test.absglobal.com\/es\/wp-json\/wp\/v2\/pages"}],"about":[{"href":"https:\/\/www-test.absglobal.com\/es\/wp-json\/wp\/v2\/types\/page"}],"author":[{"embeddable":true,"href":"https:\/\/www-test.absglobal.com\/es\/wp-json\/wp\/v2\/users\/289"}],"replies":[{"embeddable":true,"href":"https:\/\/www-test.absglobal.com\/es\/wp-json\/wp\/v2\/comments?post=2110"}],"version-history":[{"count":11,"href":"https:\/\/www-test.absglobal.com\/es\/wp-json\/wp\/v2\/pages\/2110\/revisions"}],"predecessor-version":[{"id":2825,"href":"https:\/\/www-test.absglobal.com\/es\/wp-json\/wp\/v2\/pages\/2110\/revisions\/2825"}],"wp:attachment":[{"href":"https:\/\/www-test.absglobal.com\/es\/wp-json\/wp\/v2\/media?parent=2110"}],"curies":[{"name":"wp","href":"https:\/\/api.w.org\/{rel}","templated":true}]}}