{"id":1800,"date":"2020-02-24T14:30:17","date_gmt":"2020-02-24T19:30:17","guid":{"rendered":"http:\/\/cms.genusplc.com\/absglobal\/?page_id=1800"},"modified":"2020-04-30T16:06:07","modified_gmt":"2020-04-30T21:06:07","slug":"confort-de-la-vaca","status":"publish","type":"page","link":"https:\/\/www-test.absglobal.com\/es\/confort-de-la-vaca\/","title":{"rendered":"Confort de la Vaca"},"content":{"rendered":"\n<p>El confort de la vaca est\u00e1 directamente relacionado con la salud y el bienestar del animal. El confort que le proporcione a sus vacas determinar\u00e1 lo bien que se desempe\u00f1ar\u00e1n tanto en la producci\u00f3n como en la reproducci\u00f3n.<\/p>\n\n\n\n<p>Como es dif\u00edcil medir los beneficios exactos, la inversi\u00f3n en el confort de las vacas se ve a veces como un gasto extra. Sin embargo, las consecuencias de ignorar el confort de las vacas pondr\u00e1 en \u00faltima instancia la operaci\u00f3n lechera en riesgo. Los costes de los tratamientos y las p\u00e9rdidas de producci\u00f3n se acumular\u00e1n r\u00e1pidamente y toda la operaci\u00f3n podr\u00eda resultar m\u00e1s cara.<\/p>\n\n\n\n<p>El impacto del confort de la vaca es crucial para el mantenimiento de una explotaci\u00f3n lechera sostenible. Prestar atenci\u00f3n a las se\u00f1ales de las vacas y satisfacer las necesidades b\u00e1sicas de sus animales, configurar\u00e1 su operaci\u00f3n para el \u00e9xito.<\/p>\n\n\n\n<div style=\"height:50px\" aria-hidden=\"true\" class=\"wp-block-spacer\"><\/div>\n\n\n\n<h2 class=\"wp-block-heading\">Learn more through these ABS cow comfort solutions:<\/h2>\n\n\n\t\t<section id=\"\" class=\"alignwide section-wrapper section-wrapper-small-fluid block-product-slider\" data-magellan-target=\"\">\n\t\t\t<div class=\"carousel-card-section owl-carousel owl-theme\">\n\t\t\t\t\t\t\t\t\t\t<div class=\"card\">\n\t\t\t\t\t\t\t\t\t\t\t\t\t\t\t<img decoding=\"async\" class=\"card-img\" src=\"https:\/\/www-test.absglobal.com\/es\/wp-content\/uploads\/sites\/17\/2020\/03\/product-Transitionright-3.jpg?w=1000&#038;resize=375,250\" alt=\"Image of medical devices\">\n\t\t\t\t\t\t\t\t\t\t\t\t\t\t<div class=\"card-section\">\n\t\t\t\t\t\t\t\t<h3 class=\"card-title\">TransitionRight\u00ae<\/h3>\n\t\t\t\t\t\t\t\t\t\t\t\t\t\t\t\t\t\t\t\t\t\t\t\t\t<p class=\"card-description\">No reaccione. Prevenir a trav\u00e9s de la gen\u00e9tica. Los trastornos de salud durante el per\u00edodo de transici\u00f3n cobran un peaje en su tiempo, dinero y la productividad de su ganado. Hoy en d\u00eda, sin embargo, es posible reducir los riesgos con TransitionRight\u00ae de ABS Global. ABS Global, l\u00edder mundial en gen\u00e9tica bovina, servicios de reproducci\u00f3n [&hellip;]<\/p>\n\t\t\t\t\t\t\t\t\n\t\t\t\t\t\t\t\t<a href=\"https:\/\/www-test.absglobal.com\/es\/services\/transitionright\/\" class=\"card-section-button button\">Aprender m\u00e1s<\/a>\n\t\t\t\t\t\t\t<\/div>\n\t\t\t\t\t\t<\/div>\n\t\t\t\t\t\t\t\t\t\t\t\t<div class=\"card\">\n\t\t\t\t\t\t\t\t\t\t\t\t\t\t\t<img decoding=\"async\" class=\"card-img\" src=\"https:\/\/www-test.absglobal.com\/es\/wp-content\/uploads\/sites\/17\/2020\/02\/product-genetic-audit-1.jpg?w=1000&#038;resize=375,250\" alt=\"Image of medical devices\">\n\t\t\t\t\t\t\t\t\t\t\t\t\t\t<div class=\"card-section\">\n\t\t\t\t\t\t\t\t<h3 class=\"card-title\">Auditor\u00eda Gen\u00e9tica<\/h3>\n\t\t\t\t\t\t\t\t\t\t\t\t\t\t\t\t\t\t\t\t\t\t\t\t\t<p class=\"card-description\">La herramienta m\u00e1s reciente de la cartera de servicios gen\u00e9ticos &#8211; la auditor\u00eda gen\u00e9tica de la ABS &#8211; complementa perfectamente la GMS 2.0 para obtener el mayor rendimiento de su inversi\u00f3n gen\u00e9tica. Similar a un informe, esta auditor\u00eda anual proporciona una visi\u00f3n general de la gen\u00e9tica de su reba\u00f1o. Con esta l\u00ednea de base, puede [&hellip;]<\/p>\n\t\t\t\t\t\t\t\t\n\t\t\t\t\t\t\t\t<a href=\"https:\/\/www-test.absglobal.com\/es\/services\/auditoria-genetica\/\" class=\"card-section-button button\">Aprender m\u00e1s<\/a>\n\t\t\t\t\t\t\t<\/div>\n\t\t\t\t\t\t<\/div>\n\t\t\t\t\t\t\t\t\t\t\t\t<div class=\"card\">\n\t\t\t\t\t\t\t\t\t\t\t\t\t\t\t<img decoding=\"async\" class=\"card-img\" src=\"https:\/\/www-test.absglobal.com\/es\/wp-content\/uploads\/sites\/17\/2020\/03\/product-sexcel-2.jpg?w=1000&#038;resize=375,250\" alt=\"Image of medical devices\">\n\t\t\t\t\t\t\t\t\t\t\t\t\t\t<div class=\"card-section\">\n\t\t\t\t\t\t\t\t<h3 class=\"card-title\">Sexcel\u00ae<\/h3>\n\t\t\t\t\t\t\t\t\t\t\t\t\t\t\t\t\t\t\t\t\t\t\t\t\t<p class=\"card-description\">Sexcel\u00ae Sexed Genetics &#8211; Obtenga sus novillas de reemplazo de sus mejores vacas Una unidad de semen no aporta ning\u00fan valor real a un ganadero, a menos que resulte en una vaca pre\u00f1ada con un ternero hembra. De igual manera, es preciso que nazca una ternera sana y s\u00f3lo entonces se podr\u00e1 observar el progreso [&hellip;]<\/p>\n\t\t\t\t\t\t\t\t\n\t\t\t\t\t\t\t\t<a href=\"https:\/\/www-test.absglobal.com\/es\/services\/sexcel\/\" class=\"card-section-button button\">Aprender m\u00e1s<\/a>\n\t\t\t\t\t\t\t<\/div>\n\t\t\t\t\t\t<\/div>\n\t\t\t\t\t\t\t\t\t<\/div>\n\t\t<\/section>\n\t\t","protected":false},"excerpt":{"rendered":"<p>El confort de la vaca est\u00e1 directamente relacionado con la salud y el bienestar del animal. El confort que le proporcione a sus vacas determinar\u00e1 lo bien que se desempe\u00f1ar\u00e1n tanto en la producci\u00f3n como en la reproducci\u00f3n. Como es dif\u00edcil medir los beneficios exactos, la inversi\u00f3n en el confort de las vacas se ve [&hellip;]<\/p>\n","protected":false},"author":289,"featured_media":0,"parent":0,"menu_order":0,"comment_status":"closed","ping_status":"closed","template":"","meta":{"_acf_changed":false,"footnotes":""},"class_list":["post-1800","page","type-page","status-publish","hentry"],"acf":[],"yoast_head":"<!-- This site is optimized with the Yoast SEO Premium plugin v22.1 (Yoast SEO v25.3) - https:\/\/yoast.com\/wordpress\/plugins\/seo\/ -->\n<title>Confort de la Vaca - ABS Global Spain<\/title>\n<meta name=\"robots\" content=\"index, follow, max-snippet:-1, max-image-preview:large, max-video-preview:-1\" \/>\n<link rel=\"canonical\" href=\"https:\/\/www-test.absglobal.com\/es\/confort-de-la-vaca\/\" \/>\n<meta property=\"og:locale\" content=\"es_ES\" \/>\n<meta property=\"og:type\" content=\"article\" \/>\n<meta property=\"og:title\" content=\"Confort de la Vaca\" \/>\n<meta property=\"og:description\" content=\"El confort de la vaca est\u00e1 directamente relacionado con la salud y el bienestar del animal. El confort que le proporcione a sus vacas determinar\u00e1 lo bien que se desempe\u00f1ar\u00e1n tanto en la producci\u00f3n como en la reproducci\u00f3n. Como es dif\u00edcil medir los beneficios exactos, la inversi\u00f3n en el confort de las vacas se ve [&hellip;]\" \/>\n<meta property=\"og:url\" content=\"https:\/\/www-test.absglobal.com\/es\/confort-de-la-vaca\/\" \/>\n<meta property=\"og:site_name\" content=\"ABS Global Spain\" \/>\n<meta property=\"article:modified_time\" content=\"2020-04-30T21:06:07+00:00\" \/>\n<meta name=\"twitter:card\" content=\"summary_large_image\" \/>\n<meta name=\"twitter:label1\" content=\"Est. reading time\" \/>\n\t<meta name=\"twitter:data1\" content=\"1 minuto\" \/>\n<script type=\"application\/ld+json\" class=\"yoast-schema-graph\">{\"@context\":\"https:\/\/schema.org\",\"@graph\":[{\"@type\":\"WebPage\",\"@id\":\"https:\/\/www-test.absglobal.com\/es\/confort-de-la-vaca\/\",\"url\":\"https:\/\/www-test.absglobal.com\/es\/confort-de-la-vaca\/\",\"name\":\"Confort de la Vaca - ABS Global Spain\",\"isPartOf\":{\"@id\":\"https:\/\/www-test.absglobal.com\/es\/#website\"},\"datePublished\":\"2020-02-24T19:30:17+00:00\",\"dateModified\":\"2020-04-30T21:06:07+00:00\",\"breadcrumb\":{\"@id\":\"https:\/\/www-test.absglobal.com\/es\/confort-de-la-vaca\/#breadcrumb\"},\"inLanguage\":\"es\",\"potentialAction\":[{\"@type\":\"ReadAction\",\"target\":[\"https:\/\/www-test.absglobal.com\/es\/confort-de-la-vaca\/\"]}]},{\"@type\":\"BreadcrumbList\",\"@id\":\"https:\/\/www-test.absglobal.com\/es\/confort-de-la-vaca\/#breadcrumb\",\"itemListElement\":[{\"@type\":\"ListItem\",\"position\":1,\"name\":\"Home\",\"item\":\"https:\/\/www-test.absglobal.com\/es\/\"},{\"@type\":\"ListItem\",\"position\":2,\"name\":\"Confort de la Vaca\"}]},{\"@type\":\"WebSite\",\"@id\":\"https:\/\/www-test.absglobal.com\/es\/#website\",\"url\":\"https:\/\/www-test.absglobal.com\/es\/\",\"name\":\"ABS Global Spain\",\"description\":\"\",\"publisher\":{\"@id\":\"https:\/\/www-test.absglobal.com\/es\/#organization\"},\"potentialAction\":[{\"@type\":\"SearchAction\",\"target\":{\"@type\":\"EntryPoint\",\"urlTemplate\":\"https:\/\/www-test.absglobal.com\/es\/?s={search_term_string}\"},\"query-input\":{\"@type\":\"PropertyValueSpecification\",\"valueRequired\":true,\"valueName\":\"search_term_string\"}}],\"inLanguage\":\"es\"},{\"@type\":\"Organization\",\"@id\":\"https:\/\/www-test.absglobal.com\/es\/#organization\",\"name\":\"ABS Global Spain\",\"url\":\"https:\/\/www-test.absglobal.com\/es\/\",\"logo\":{\"@type\":\"ImageObject\",\"inLanguage\":\"es\",\"@id\":\"https:\/\/www-test.absglobal.com\/es\/#\/schema\/logo\/image\/\",\"url\":\"https:\/\/www-test.absglobal.com\/es\/wp-content\/uploads\/sites\/17\/2020\/04\/Asset-1.png\",\"contentUrl\":\"https:\/\/www-test.absglobal.com\/es\/wp-content\/uploads\/sites\/17\/2020\/04\/Asset-1.png\",\"width\":845,\"height\":1080,\"caption\":\"ABS Global Spain\"},\"image\":{\"@id\":\"https:\/\/www-test.absglobal.com\/es\/#\/schema\/logo\/image\/\"}}]}<\/script>\n<!-- \/ Yoast SEO Premium plugin. -->","yoast_head_json":{"title":"Confort de la Vaca - ABS Global Spain","robots":{"index":"index","follow":"follow","max-snippet":"max-snippet:-1","max-image-preview":"max-image-preview:large","max-video-preview":"max-video-preview:-1"},"canonical":"https:\/\/www-test.absglobal.com\/es\/confort-de-la-vaca\/","og_locale":"es_ES","og_type":"article","og_title":"Confort de la Vaca","og_description":"El confort de la vaca est\u00e1 directamente relacionado con la salud y el bienestar del animal. El confort que le proporcione a sus vacas determinar\u00e1 lo bien que se desempe\u00f1ar\u00e1n tanto en la producci\u00f3n como en la reproducci\u00f3n. Como es dif\u00edcil medir los beneficios exactos, la inversi\u00f3n en el confort de las vacas se ve [&hellip;]","og_url":"https:\/\/www-test.absglobal.com\/es\/confort-de-la-vaca\/","og_site_name":"ABS Global Spain","article_modified_time":"2020-04-30T21:06:07+00:00","twitter_card":"summary_large_image","twitter_misc":{"Est. reading time":"1 minuto"},"schema":{"@context":"https:\/\/schema.org","@graph":[{"@type":"WebPage","@id":"https:\/\/www-test.absglobal.com\/es\/confort-de-la-vaca\/","url":"https:\/\/www-test.absglobal.com\/es\/confort-de-la-vaca\/","name":"Confort de la Vaca - ABS Global Spain","isPartOf":{"@id":"https:\/\/www-test.absglobal.com\/es\/#website"},"datePublished":"2020-02-24T19:30:17+00:00","dateModified":"2020-04-30T21:06:07+00:00","breadcrumb":{"@id":"https:\/\/www-test.absglobal.com\/es\/confort-de-la-vaca\/#breadcrumb"},"inLanguage":"es","potentialAction":[{"@type":"ReadAction","target":["https:\/\/www-test.absglobal.com\/es\/confort-de-la-vaca\/"]}]},{"@type":"BreadcrumbList","@id":"https:\/\/www-test.absglobal.com\/es\/confort-de-la-vaca\/#breadcrumb","itemListElement":[{"@type":"ListItem","position":1,"name":"Home","item":"https:\/\/www-test.absglobal.com\/es\/"},{"@type":"ListItem","position":2,"name":"Confort de la Vaca"}]},{"@type":"WebSite","@id":"https:\/\/www-test.absglobal.com\/es\/#website","url":"https:\/\/www-test.absglobal.com\/es\/","name":"ABS Global Spain","description":"","publisher":{"@id":"https:\/\/www-test.absglobal.com\/es\/#organization"},"potentialAction":[{"@type":"SearchAction","target":{"@type":"EntryPoint","urlTemplate":"https:\/\/www-test.absglobal.com\/es\/?s={search_term_string}"},"query-input":{"@type":"PropertyValueSpecification","valueRequired":true,"valueName":"search_term_string"}}],"inLanguage":"es"},{"@type":"Organization","@id":"https:\/\/www-test.absglobal.com\/es\/#organization","name":"ABS Global Spain","url":"https:\/\/www-test.absglobal.com\/es\/","logo":{"@type":"ImageObject","inLanguage":"es","@id":"https:\/\/www-test.absglobal.com\/es\/#\/schema\/logo\/image\/","url":"https:\/\/www-test.absglobal.com\/es\/wp-content\/uploads\/sites\/17\/2020\/04\/Asset-1.png","contentUrl":"https:\/\/www-test.absglobal.com\/es\/wp-content\/uploads\/sites\/17\/2020\/04\/Asset-1.png","width":845,"height":1080,"caption":"ABS Global Spain"},"image":{"@id":"https:\/\/www-test.absglobal.com\/es\/#\/schema\/logo\/image\/"}}]}},"jetpack_sharing_enabled":true,"_links":{"self":[{"href":"https:\/\/www-test.absglobal.com\/es\/wp-json\/wp\/v2\/pages\/1800"}],"collection":[{"href":"https:\/\/www-test.absglobal.com\/es\/wp-json\/wp\/v2\/pages"}],"about":[{"href":"https:\/\/www-test.absglobal.com\/es\/wp-json\/wp\/v2\/types\/page"}],"author":[{"embeddable":true,"href":"https:\/\/www-test.absglobal.com\/es\/wp-json\/wp\/v2\/users\/289"}],"replies":[{"embeddable":true,"href":"https:\/\/www-test.absglobal.com\/es\/wp-json\/wp\/v2\/comments?post=1800"}],"version-history":[{"count":9,"href":"https:\/\/www-test.absglobal.com\/es\/wp-json\/wp\/v2\/pages\/1800\/revisions"}],"predecessor-version":[{"id":2834,"href":"https:\/\/www-test.absglobal.com\/es\/wp-json\/wp\/v2\/pages\/1800\/revisions\/2834"}],"wp:attachment":[{"href":"https:\/\/www-test.absglobal.com\/es\/wp-json\/wp\/v2\/media?parent=1800"}],"curies":[{"name":"wp","href":"https:\/\/api.w.org\/{rel}","templated":true}]}}