{"id":1757,"date":"2020-02-24T10:47:23","date_gmt":"2020-02-24T15:47:23","guid":{"rendered":"http:\/\/cms.genusplc.com\/absglobal\/?page_id=1757"},"modified":"2020-04-30T16:07:10","modified_gmt":"2020-04-30T21:07:10","slug":"fertilidad-del-rebano","status":"publish","type":"page","link":"https:\/\/www-test.absglobal.com\/es\/fertilidad-del-rebano\/","title":{"rendered":"Fertilidad del reba\u00f1o"},"content":{"rendered":"\n<p>La eficiencia reproductiva en un reba\u00f1o est\u00e1 relacionada con la capacidad de conseguir que las vacas se pre\u00f1en a tiempo. La reproducci\u00f3n es clave para el \u00e9xito en una granja lechera y est\u00e1 altamente asociada con la rentabilidad. <\/p>\n\n\n\n<p>La relaci\u00f3n entre la reproducci\u00f3n y la rentabilidad puede entenderse f\u00e1cilmente. Una granja lechera que no consigue que las vacas se pre\u00f1en de forma consistente no tendr\u00e1 vacas de reemplazo, ni tampoco vacas que se orde\u00f1en. Esto, a su vez, significa que no entrar\u00e1 dinero. <\/p>\n\n\n\n<p>Aunque esto puede parecer una operaci\u00f3n matem\u00e1tica sencilla, el proceso se vuelve m\u00e1s complejo cuando se considera la eficiencia. As\u00ed como la producci\u00f3n de leche es crucial para una granja lechera, las inversiones realizadas para conseguir que una vaca quede pre\u00f1ada y el tiempo que transcurre entre los partos tambi\u00e9n determinan si una operaci\u00f3n es sostenible.<\/p>\n\n\n\n<p>Una buena forma de abordar la reproducci\u00f3n en una granja lechera es entender que todas las variables dentro de la granja est\u00e1n relacionadas. Estas variables pueden dividirse en cinco pilares principales: animales, personas, protocolos de manejo, medio ambiente y semen\/embriones. Esto cubre la mayor parte de las \u00e1reas que pueden afectar la fertilidad del reba\u00f1o. Al categorizar las cosas de esta manera, siempre que uno de los lotes tenga un bajo rendimiento, podemos identificar y mitigar r\u00e1pidamente los problemas, evitando situaciones complicadas cuando un problema del reba\u00f1o se mantiene en el punto ciego.<\/p>\n\n\n\n<div style=\"height:50px\" aria-hidden=\"true\" class=\"wp-block-spacer\"><\/div>\n\n\n\n<h2 class=\"is-style-underline wp-block-heading\">ABS offerings on reproduction include:<\/h2>\n\n\n\n<div style=\"height:50px\" aria-hidden=\"true\" class=\"wp-block-spacer\"><\/div>\n\n\n\t\t<section id=\"\" class=\"alignwide section-wrapper section-wrapper-small-fluid block-product-slider\" data-magellan-target=\"\">\n\t\t\t<div class=\"carousel-card-section owl-carousel owl-theme\">\n\t\t\t\t\t\t\t\t\t\t<div class=\"card\">\n\t\t\t\t\t\t\t\t\t\t\t\t\t\t\t<img decoding=\"async\" class=\"card-img\" src=\"https:\/\/www-test.absglobal.com\/es\/wp-content\/uploads\/sites\/17\/2020\/02\/product-genetic-audit-1.jpg?w=1000&#038;resize=375,250\" alt=\"Image of medical devices\">\n\t\t\t\t\t\t\t\t\t\t\t\t\t\t<div class=\"card-section\">\n\t\t\t\t\t\t\t\t<h3 class=\"card-title\">Auditor\u00eda Gen\u00e9tica<\/h3>\n\t\t\t\t\t\t\t\t\t\t\t\t\t\t\t\t\t\t\t\t\t\t\t\t\t<p class=\"card-description\">La herramienta m\u00e1s reciente de la cartera de servicios gen\u00e9ticos &#8211; la auditor\u00eda gen\u00e9tica de la ABS &#8211; complementa perfectamente la GMS 2.0 para obtener el mayor rendimiento de su inversi\u00f3n gen\u00e9tica. Similar a un informe, esta auditor\u00eda anual proporciona una visi\u00f3n general de la gen\u00e9tica de su reba\u00f1o. Con esta l\u00ednea de base, puede [&hellip;]<\/p>\n\t\t\t\t\t\t\t\t\n\t\t\t\t\t\t\t\t<a href=\"https:\/\/www-test.absglobal.com\/es\/services\/auditoria-genetica\/\" class=\"card-section-button button\">Aprender m\u00e1s<\/a>\n\t\t\t\t\t\t\t<\/div>\n\t\t\t\t\t\t<\/div>\n\t\t\t\t\t\t\t\t\t\t\t\t<div class=\"card\">\n\t\t\t\t\t\t\t\t\t\t\t\t\t\t\t<img decoding=\"async\" class=\"card-img\" src=\"https:\/\/www-test.absglobal.com\/es\/wp-content\/uploads\/sites\/17\/2020\/02\/beef-infocus-product-page2.jpg?w=1000&#038;resize=375,250\" alt=\"Image of medical devices\">\n\t\t\t\t\t\t\t\t\t\t\t\t\t\t<div class=\"card-section\">\n\t\t\t\t\t\t\t\t<h3 class=\"card-title\">Beef InFocus\u2122<\/h3>\n\t\t\t\t\t\t\t\t\t\t\t\t\t\t\t\t\t\t\t\t\t\t\t\t\t<p class=\"card-description\">Beef InFocus\u2122 &#8211; Cruce Industrial, pero no como lo conoce. ABS Beef InFocus\u2122, impulsado por NuEra Genetics\u2122, ofrece gen\u00e9tica de carne de vacuno probada y fiable para que el ganadero pueda maximizar el valor de la producci\u00f3n de terneros a la vez que impulsa la eficiencia de la cadena de suministro de carne de vacuno. [&hellip;]<\/p>\n\t\t\t\t\t\t\t\t\n\t\t\t\t\t\t\t\t<a href=\"https:\/\/www-test.absglobal.com\/es\/services\/beef-infocus\/\" class=\"card-section-button button\">Aprender m\u00e1s<\/a>\n\t\t\t\t\t\t\t<\/div>\n\t\t\t\t\t\t<\/div>\n\t\t\t\t\t\t\t\t\t\t\t\t<div class=\"card\">\n\t\t\t\t\t\t\t\t\t\t\t\t\t\t\t<img decoding=\"async\" class=\"card-img\" src=\"https:\/\/www-test.absglobal.com\/es\/wp-content\/uploads\/sites\/17\/2020\/03\/product-sexcel-2.jpg?w=1000&#038;resize=375,250\" alt=\"Image of medical devices\">\n\t\t\t\t\t\t\t\t\t\t\t\t\t\t<div class=\"card-section\">\n\t\t\t\t\t\t\t\t<h3 class=\"card-title\">Sexcel\u00ae<\/h3>\n\t\t\t\t\t\t\t\t\t\t\t\t\t\t\t\t\t\t\t\t\t\t\t\t\t<p class=\"card-description\">Sexcel\u00ae Sexed Genetics &#8211; Obtenga sus novillas de reemplazo de sus mejores vacas Una unidad de semen no aporta ning\u00fan valor real a un ganadero, a menos que resulte en una vaca pre\u00f1ada con un ternero hembra. De igual manera, es preciso que nazca una ternera sana y s\u00f3lo entonces se podr\u00e1 observar el progreso [&hellip;]<\/p>\n\t\t\t\t\t\t\t\t\n\t\t\t\t\t\t\t\t<a href=\"https:\/\/www-test.absglobal.com\/es\/services\/sexcel\/\" class=\"card-section-button button\">Aprender m\u00e1s<\/a>\n\t\t\t\t\t\t\t<\/div>\n\t\t\t\t\t\t<\/div>\n\t\t\t\t\t\t\t\t\t\t\t\t<div class=\"card\">\n\t\t\t\t\t\t\t\t\t\t\t\t\t\t\t<img decoding=\"async\" class=\"card-img\" src=\"https:\/\/www-test.absglobal.com\/es\/wp-content\/uploads\/sites\/17\/2020\/02\/product-de-novo.jpg?w=1000&#038;resize=375,250\" alt=\"Image of medical devices\">\n\t\t\t\t\t\t\t\t\t\t\t\t\t\t<div class=\"card-section\">\n\t\t\t\t\t\t\t\t<h3 class=\"card-title\">De Novo Genetics<\/h3>\n\t\t\t\t\t\t\t\t\t\t\t\t\t\t\t\t\t\t\t\t\t\t\t\t\t<p class=\"card-description\">Aumentar la productividad del reba\u00f1o y la rentabilidad de los clientes. La Gen\u00e9tica De Novo tiene una misi\u00f3n clara: Desarrollar gen\u00e9tica Holstein de \u00e9lite y diferenciada para los clientes de ABS Global en todo el mundo. Lanzada en 2016, ABS Global dirige esta empresa conjunta con De-Su Holsteins, el criador independiente l\u00edder de Norteam\u00e9rica de [&hellip;]<\/p>\n\t\t\t\t\t\t\t\t\n\t\t\t\t\t\t\t\t<a href=\"https:\/\/www-test.absglobal.com\/es\/services\/de-novo-genetics\/\" class=\"card-section-button button\">Aprender m\u00e1s<\/a>\n\t\t\t\t\t\t\t<\/div>\n\t\t\t\t\t\t<\/div>\n\t\t\t\t\t\t\t\t\t<\/div>\n\t\t<\/section>\n\t\t","protected":false},"excerpt":{"rendered":"<p>La eficiencia reproductiva en un reba\u00f1o est\u00e1 relacionada con la capacidad de conseguir que las vacas se pre\u00f1en a tiempo. La reproducci\u00f3n es clave para el \u00e9xito en una granja lechera y est\u00e1 altamente asociada con la rentabilidad. La relaci\u00f3n entre la reproducci\u00f3n y la rentabilidad puede entenderse f\u00e1cilmente. Una granja lechera que no consigue [&hellip;]<\/p>\n","protected":false},"author":289,"featured_media":0,"parent":0,"menu_order":0,"comment_status":"closed","ping_status":"closed","template":"","meta":{"_acf_changed":false,"footnotes":""},"class_list":["post-1757","page","type-page","status-publish","hentry"],"acf":[],"yoast_head":"<!-- This site is optimized with the Yoast SEO Premium plugin v22.1 (Yoast SEO v25.3) - https:\/\/yoast.com\/wordpress\/plugins\/seo\/ -->\n<title>Fertilidad del reba\u00f1o - ABS Global Spain<\/title>\n<meta name=\"robots\" content=\"index, follow, max-snippet:-1, max-image-preview:large, max-video-preview:-1\" \/>\n<link rel=\"canonical\" href=\"https:\/\/www-test.absglobal.com\/es\/fertilidad-del-rebano\/\" \/>\n<meta property=\"og:locale\" content=\"es_ES\" \/>\n<meta property=\"og:type\" content=\"article\" \/>\n<meta property=\"og:title\" content=\"Fertilidad del reba\u00f1o\" \/>\n<meta property=\"og:description\" content=\"La eficiencia reproductiva en un reba\u00f1o est\u00e1 relacionada con la capacidad de conseguir que las vacas se pre\u00f1en a tiempo. La reproducci\u00f3n es clave para el \u00e9xito en una granja lechera y est\u00e1 altamente asociada con la rentabilidad. La relaci\u00f3n entre la reproducci\u00f3n y la rentabilidad puede entenderse f\u00e1cilmente. Una granja lechera que no consigue [&hellip;]\" \/>\n<meta property=\"og:url\" content=\"https:\/\/www-test.absglobal.com\/es\/fertilidad-del-rebano\/\" \/>\n<meta property=\"og:site_name\" content=\"ABS Global Spain\" \/>\n<meta property=\"article:modified_time\" content=\"2020-04-30T21:07:10+00:00\" \/>\n<meta name=\"twitter:card\" content=\"summary_large_image\" \/>\n<meta name=\"twitter:label1\" content=\"Est. reading time\" \/>\n\t<meta name=\"twitter:data1\" content=\"1 minuto\" \/>\n<script type=\"application\/ld+json\" class=\"yoast-schema-graph\">{\"@context\":\"https:\/\/schema.org\",\"@graph\":[{\"@type\":\"WebPage\",\"@id\":\"https:\/\/www-test.absglobal.com\/es\/fertilidad-del-rebano\/\",\"url\":\"https:\/\/www-test.absglobal.com\/es\/fertilidad-del-rebano\/\",\"name\":\"Fertilidad del reba\u00f1o - ABS Global Spain\",\"isPartOf\":{\"@id\":\"https:\/\/www-test.absglobal.com\/es\/#website\"},\"datePublished\":\"2020-02-24T15:47:23+00:00\",\"dateModified\":\"2020-04-30T21:07:10+00:00\",\"breadcrumb\":{\"@id\":\"https:\/\/www-test.absglobal.com\/es\/fertilidad-del-rebano\/#breadcrumb\"},\"inLanguage\":\"es\",\"potentialAction\":[{\"@type\":\"ReadAction\",\"target\":[\"https:\/\/www-test.absglobal.com\/es\/fertilidad-del-rebano\/\"]}]},{\"@type\":\"BreadcrumbList\",\"@id\":\"https:\/\/www-test.absglobal.com\/es\/fertilidad-del-rebano\/#breadcrumb\",\"itemListElement\":[{\"@type\":\"ListItem\",\"position\":1,\"name\":\"Home\",\"item\":\"https:\/\/www-test.absglobal.com\/es\/\"},{\"@type\":\"ListItem\",\"position\":2,\"name\":\"Fertilidad del reba\u00f1o\"}]},{\"@type\":\"WebSite\",\"@id\":\"https:\/\/www-test.absglobal.com\/es\/#website\",\"url\":\"https:\/\/www-test.absglobal.com\/es\/\",\"name\":\"ABS Global Spain\",\"description\":\"\",\"publisher\":{\"@id\":\"https:\/\/www-test.absglobal.com\/es\/#organization\"},\"potentialAction\":[{\"@type\":\"SearchAction\",\"target\":{\"@type\":\"EntryPoint\",\"urlTemplate\":\"https:\/\/www-test.absglobal.com\/es\/?s={search_term_string}\"},\"query-input\":{\"@type\":\"PropertyValueSpecification\",\"valueRequired\":true,\"valueName\":\"search_term_string\"}}],\"inLanguage\":\"es\"},{\"@type\":\"Organization\",\"@id\":\"https:\/\/www-test.absglobal.com\/es\/#organization\",\"name\":\"ABS Global Spain\",\"url\":\"https:\/\/www-test.absglobal.com\/es\/\",\"logo\":{\"@type\":\"ImageObject\",\"inLanguage\":\"es\",\"@id\":\"https:\/\/www-test.absglobal.com\/es\/#\/schema\/logo\/image\/\",\"url\":\"https:\/\/www-test.absglobal.com\/es\/wp-content\/uploads\/sites\/17\/2020\/04\/Asset-1.png\",\"contentUrl\":\"https:\/\/www-test.absglobal.com\/es\/wp-content\/uploads\/sites\/17\/2020\/04\/Asset-1.png\",\"width\":845,\"height\":1080,\"caption\":\"ABS Global Spain\"},\"image\":{\"@id\":\"https:\/\/www-test.absglobal.com\/es\/#\/schema\/logo\/image\/\"}}]}<\/script>\n<!-- \/ Yoast SEO Premium plugin. -->","yoast_head_json":{"title":"Fertilidad del reba\u00f1o - ABS Global Spain","robots":{"index":"index","follow":"follow","max-snippet":"max-snippet:-1","max-image-preview":"max-image-preview:large","max-video-preview":"max-video-preview:-1"},"canonical":"https:\/\/www-test.absglobal.com\/es\/fertilidad-del-rebano\/","og_locale":"es_ES","og_type":"article","og_title":"Fertilidad del reba\u00f1o","og_description":"La eficiencia reproductiva en un reba\u00f1o est\u00e1 relacionada con la capacidad de conseguir que las vacas se pre\u00f1en a tiempo. La reproducci\u00f3n es clave para el \u00e9xito en una granja lechera y est\u00e1 altamente asociada con la rentabilidad. La relaci\u00f3n entre la reproducci\u00f3n y la rentabilidad puede entenderse f\u00e1cilmente. Una granja lechera que no consigue [&hellip;]","og_url":"https:\/\/www-test.absglobal.com\/es\/fertilidad-del-rebano\/","og_site_name":"ABS Global Spain","article_modified_time":"2020-04-30T21:07:10+00:00","twitter_card":"summary_large_image","twitter_misc":{"Est. reading time":"1 minuto"},"schema":{"@context":"https:\/\/schema.org","@graph":[{"@type":"WebPage","@id":"https:\/\/www-test.absglobal.com\/es\/fertilidad-del-rebano\/","url":"https:\/\/www-test.absglobal.com\/es\/fertilidad-del-rebano\/","name":"Fertilidad del reba\u00f1o - ABS Global Spain","isPartOf":{"@id":"https:\/\/www-test.absglobal.com\/es\/#website"},"datePublished":"2020-02-24T15:47:23+00:00","dateModified":"2020-04-30T21:07:10+00:00","breadcrumb":{"@id":"https:\/\/www-test.absglobal.com\/es\/fertilidad-del-rebano\/#breadcrumb"},"inLanguage":"es","potentialAction":[{"@type":"ReadAction","target":["https:\/\/www-test.absglobal.com\/es\/fertilidad-del-rebano\/"]}]},{"@type":"BreadcrumbList","@id":"https:\/\/www-test.absglobal.com\/es\/fertilidad-del-rebano\/#breadcrumb","itemListElement":[{"@type":"ListItem","position":1,"name":"Home","item":"https:\/\/www-test.absglobal.com\/es\/"},{"@type":"ListItem","position":2,"name":"Fertilidad del reba\u00f1o"}]},{"@type":"WebSite","@id":"https:\/\/www-test.absglobal.com\/es\/#website","url":"https:\/\/www-test.absglobal.com\/es\/","name":"ABS Global Spain","description":"","publisher":{"@id":"https:\/\/www-test.absglobal.com\/es\/#organization"},"potentialAction":[{"@type":"SearchAction","target":{"@type":"EntryPoint","urlTemplate":"https:\/\/www-test.absglobal.com\/es\/?s={search_term_string}"},"query-input":{"@type":"PropertyValueSpecification","valueRequired":true,"valueName":"search_term_string"}}],"inLanguage":"es"},{"@type":"Organization","@id":"https:\/\/www-test.absglobal.com\/es\/#organization","name":"ABS Global Spain","url":"https:\/\/www-test.absglobal.com\/es\/","logo":{"@type":"ImageObject","inLanguage":"es","@id":"https:\/\/www-test.absglobal.com\/es\/#\/schema\/logo\/image\/","url":"https:\/\/www-test.absglobal.com\/es\/wp-content\/uploads\/sites\/17\/2020\/04\/Asset-1.png","contentUrl":"https:\/\/www-test.absglobal.com\/es\/wp-content\/uploads\/sites\/17\/2020\/04\/Asset-1.png","width":845,"height":1080,"caption":"ABS Global Spain"},"image":{"@id":"https:\/\/www-test.absglobal.com\/es\/#\/schema\/logo\/image\/"}}]}},"jetpack_sharing_enabled":true,"_links":{"self":[{"href":"https:\/\/www-test.absglobal.com\/es\/wp-json\/wp\/v2\/pages\/1757"}],"collection":[{"href":"https:\/\/www-test.absglobal.com\/es\/wp-json\/wp\/v2\/pages"}],"about":[{"href":"https:\/\/www-test.absglobal.com\/es\/wp-json\/wp\/v2\/types\/page"}],"author":[{"embeddable":true,"href":"https:\/\/www-test.absglobal.com\/es\/wp-json\/wp\/v2\/users\/289"}],"replies":[{"embeddable":true,"href":"https:\/\/www-test.absglobal.com\/es\/wp-json\/wp\/v2\/comments?post=1757"}],"version-history":[{"count":8,"href":"https:\/\/www-test.absglobal.com\/es\/wp-json\/wp\/v2\/pages\/1757\/revisions"}],"predecessor-version":[{"id":2852,"href":"https:\/\/www-test.absglobal.com\/es\/wp-json\/wp\/v2\/pages\/1757\/revisions\/2852"}],"wp:attachment":[{"href":"https:\/\/www-test.absglobal.com\/es\/wp-json\/wp\/v2\/media?parent=1757"}],"curies":[{"name":"wp","href":"https:\/\/api.w.org\/{rel}","templated":true}]}}