{"id":1745,"date":"2020-02-24T10:43:15","date_gmt":"2020-02-24T15:43:15","guid":{"rendered":"http:\/\/cms.genusplc.com\/absglobal\/?page_id=1745"},"modified":"2023-07-24T01:39:38","modified_gmt":"2023-07-24T06:39:38","slug":"evaluacion-genetica","status":"publish","type":"page","link":"https:\/\/www-test.absglobal.com\/es\/evaluacion-genetica\/","title":{"rendered":"Evaluaci\u00f3n gen\u00e9tica"},"content":{"rendered":"\n<h2 class=\"wp-block-heading\" id=\"h-validaci-n-orientaci-n-e-inteligencia-para-el-progreso-gen-tico\">Validaci\u00f3n, orientaci\u00f3n e inteligencia para el progreso gen\u00e9tico <\/h2>\n\n\n\n<div style=\"height:50px\" aria-hidden=\"true\" class=\"wp-block-spacer\"><\/div>\n\n\n\n<p>Por mucho que nos gustar\u00eda que fuera de otra manera, el progreso gen\u00e9tico no puede verse de la noche a la ma\u00f1ana. Debido a esto, puede ser dif\u00edcil ver la mejora en su reba\u00f1o en el d\u00eda a d\u00eda. <\/p>\n\n\n\n<p>La evaluaci\u00f3n gen\u00e9tica es una forma de validar que la gen\u00e9tica se est\u00e1 moviendo en la direcci\u00f3n correcta. Este proceso se realiza analizando el pedigr\u00ed o la informaci\u00f3n gen\u00f3mica de un animal. Es una forma de asegurar que la pr\u00f3xima generaci\u00f3n es mejor que la \u00faltima al comparar los rasgos determinados en su plan gen\u00e9tico inicial. <\/p>\n\n\n\n<p>Sabiendo que no todas las vacas son creadas iguales, tambi\u00e9n nos permite ayudarles a clasificar sus animales de mejor a peor. Esto puede ayudarle a segmentar el reba\u00f1o e identificar qu\u00e9 hembras ser\u00e1n utilizadas para hacer su pr\u00f3xima generaci\u00f3n.&nbsp;<\/p>\n\n\n\n<p>Independientemente de que est\u00e9 evaluando su reba\u00f1o por su cuenta o confiando en un asesor gen\u00e9tico, la evaluaci\u00f3n gen\u00e9tica es un paso crucial para mantenerlo en el camino de sus objetivos gen\u00e9ticos. <\/p>\n\n\n\n<div style=\"height:50px\" aria-hidden=\"true\" class=\"wp-block-spacer\"><\/div>\n\n\n\n<h2 class=\"is-style-underline wp-block-heading\" id=\"h-la-soluci-n-de-abs-para-la-evaluaci-n-gen-tica\"><a href=\"https:\/\/www-test.absglobal.com\/es\/services\/auditoria-genetica\/\">La soluci\u00f3n de ABS para la evaluaci\u00f3n gen\u00e9tica.<\/a> <\/h2>\n\n\n\n<p><\/p>\n","protected":false},"excerpt":{"rendered":"<p>Validaci\u00f3n, orientaci\u00f3n e inteligencia para el progreso gen\u00e9tico Por mucho que nos gustar\u00eda que fuera de otra manera, el progreso gen\u00e9tico no puede verse de la noche a la ma\u00f1ana. Debido a esto, puede ser dif\u00edcil ver la mejora en su reba\u00f1o en el d\u00eda a d\u00eda. La evaluaci\u00f3n gen\u00e9tica es una forma de validar [&hellip;]<\/p>\n","protected":false},"author":289,"featured_media":0,"parent":0,"menu_order":0,"comment_status":"closed","ping_status":"closed","template":"","meta":{"_acf_changed":false,"footnotes":""},"class_list":["post-1745","page","type-page","status-publish","hentry"],"acf":[],"yoast_head":"<!-- This site is optimized with the Yoast SEO Premium plugin v22.1 (Yoast SEO v25.3) - https:\/\/yoast.com\/wordpress\/plugins\/seo\/ -->\n<title>Evaluaci\u00f3n gen\u00e9tica - ABS Global Spain<\/title>\n<meta name=\"robots\" content=\"index, follow, max-snippet:-1, max-image-preview:large, max-video-preview:-1\" \/>\n<link rel=\"canonical\" href=\"https:\/\/www-test.absglobal.com\/es\/evaluacion-genetica\/\" \/>\n<meta property=\"og:locale\" content=\"es_ES\" \/>\n<meta property=\"og:type\" content=\"article\" \/>\n<meta property=\"og:title\" content=\"Evaluaci\u00f3n gen\u00e9tica\" \/>\n<meta property=\"og:description\" content=\"Validaci\u00f3n, orientaci\u00f3n e inteligencia para el progreso gen\u00e9tico Por mucho que nos gustar\u00eda que fuera de otra manera, el progreso gen\u00e9tico no puede verse de la noche a la ma\u00f1ana. Debido a esto, puede ser dif\u00edcil ver la mejora en su reba\u00f1o en el d\u00eda a d\u00eda. La evaluaci\u00f3n gen\u00e9tica es una forma de validar [&hellip;]\" \/>\n<meta property=\"og:url\" content=\"https:\/\/www-test.absglobal.com\/es\/evaluacion-genetica\/\" \/>\n<meta property=\"og:site_name\" content=\"ABS Global Spain\" \/>\n<meta property=\"article:modified_time\" content=\"2023-07-24T06:39:38+00:00\" \/>\n<meta name=\"twitter:card\" content=\"summary_large_image\" \/>\n<meta name=\"twitter:label1\" content=\"Est. reading time\" \/>\n\t<meta name=\"twitter:data1\" content=\"1 minuto\" \/>\n<script type=\"application\/ld+json\" class=\"yoast-schema-graph\">{\"@context\":\"https:\/\/schema.org\",\"@graph\":[{\"@type\":\"WebPage\",\"@id\":\"https:\/\/www-test.absglobal.com\/es\/evaluacion-genetica\/\",\"url\":\"https:\/\/www-test.absglobal.com\/es\/evaluacion-genetica\/\",\"name\":\"Evaluaci\u00f3n gen\u00e9tica - ABS Global Spain\",\"isPartOf\":{\"@id\":\"https:\/\/www-test.absglobal.com\/es\/#website\"},\"datePublished\":\"2020-02-24T15:43:15+00:00\",\"dateModified\":\"2023-07-24T06:39:38+00:00\",\"breadcrumb\":{\"@id\":\"https:\/\/www-test.absglobal.com\/es\/evaluacion-genetica\/#breadcrumb\"},\"inLanguage\":\"es\",\"potentialAction\":[{\"@type\":\"ReadAction\",\"target\":[\"https:\/\/www-test.absglobal.com\/es\/evaluacion-genetica\/\"]}]},{\"@type\":\"BreadcrumbList\",\"@id\":\"https:\/\/www-test.absglobal.com\/es\/evaluacion-genetica\/#breadcrumb\",\"itemListElement\":[{\"@type\":\"ListItem\",\"position\":1,\"name\":\"Home\",\"item\":\"https:\/\/www-test.absglobal.com\/es\/\"},{\"@type\":\"ListItem\",\"position\":2,\"name\":\"Evaluaci\u00f3n gen\u00e9tica\"}]},{\"@type\":\"WebSite\",\"@id\":\"https:\/\/www-test.absglobal.com\/es\/#website\",\"url\":\"https:\/\/www-test.absglobal.com\/es\/\",\"name\":\"ABS Global Spain\",\"description\":\"\",\"publisher\":{\"@id\":\"https:\/\/www-test.absglobal.com\/es\/#organization\"},\"potentialAction\":[{\"@type\":\"SearchAction\",\"target\":{\"@type\":\"EntryPoint\",\"urlTemplate\":\"https:\/\/www-test.absglobal.com\/es\/?s={search_term_string}\"},\"query-input\":{\"@type\":\"PropertyValueSpecification\",\"valueRequired\":true,\"valueName\":\"search_term_string\"}}],\"inLanguage\":\"es\"},{\"@type\":\"Organization\",\"@id\":\"https:\/\/www-test.absglobal.com\/es\/#organization\",\"name\":\"ABS Global Spain\",\"url\":\"https:\/\/www-test.absglobal.com\/es\/\",\"logo\":{\"@type\":\"ImageObject\",\"inLanguage\":\"es\",\"@id\":\"https:\/\/www-test.absglobal.com\/es\/#\/schema\/logo\/image\/\",\"url\":\"https:\/\/www-test.absglobal.com\/es\/wp-content\/uploads\/sites\/17\/2020\/04\/Asset-1.png\",\"contentUrl\":\"https:\/\/www-test.absglobal.com\/es\/wp-content\/uploads\/sites\/17\/2020\/04\/Asset-1.png\",\"width\":845,\"height\":1080,\"caption\":\"ABS Global Spain\"},\"image\":{\"@id\":\"https:\/\/www-test.absglobal.com\/es\/#\/schema\/logo\/image\/\"}}]}<\/script>\n<!-- \/ Yoast SEO Premium plugin. -->","yoast_head_json":{"title":"Evaluaci\u00f3n gen\u00e9tica - ABS Global Spain","robots":{"index":"index","follow":"follow","max-snippet":"max-snippet:-1","max-image-preview":"max-image-preview:large","max-video-preview":"max-video-preview:-1"},"canonical":"https:\/\/www-test.absglobal.com\/es\/evaluacion-genetica\/","og_locale":"es_ES","og_type":"article","og_title":"Evaluaci\u00f3n gen\u00e9tica","og_description":"Validaci\u00f3n, orientaci\u00f3n e inteligencia para el progreso gen\u00e9tico Por mucho que nos gustar\u00eda que fuera de otra manera, el progreso gen\u00e9tico no puede verse de la noche a la ma\u00f1ana. Debido a esto, puede ser dif\u00edcil ver la mejora en su reba\u00f1o en el d\u00eda a d\u00eda. La evaluaci\u00f3n gen\u00e9tica es una forma de validar [&hellip;]","og_url":"https:\/\/www-test.absglobal.com\/es\/evaluacion-genetica\/","og_site_name":"ABS Global Spain","article_modified_time":"2023-07-24T06:39:38+00:00","twitter_card":"summary_large_image","twitter_misc":{"Est. reading time":"1 minuto"},"schema":{"@context":"https:\/\/schema.org","@graph":[{"@type":"WebPage","@id":"https:\/\/www-test.absglobal.com\/es\/evaluacion-genetica\/","url":"https:\/\/www-test.absglobal.com\/es\/evaluacion-genetica\/","name":"Evaluaci\u00f3n gen\u00e9tica - ABS Global Spain","isPartOf":{"@id":"https:\/\/www-test.absglobal.com\/es\/#website"},"datePublished":"2020-02-24T15:43:15+00:00","dateModified":"2023-07-24T06:39:38+00:00","breadcrumb":{"@id":"https:\/\/www-test.absglobal.com\/es\/evaluacion-genetica\/#breadcrumb"},"inLanguage":"es","potentialAction":[{"@type":"ReadAction","target":["https:\/\/www-test.absglobal.com\/es\/evaluacion-genetica\/"]}]},{"@type":"BreadcrumbList","@id":"https:\/\/www-test.absglobal.com\/es\/evaluacion-genetica\/#breadcrumb","itemListElement":[{"@type":"ListItem","position":1,"name":"Home","item":"https:\/\/www-test.absglobal.com\/es\/"},{"@type":"ListItem","position":2,"name":"Evaluaci\u00f3n gen\u00e9tica"}]},{"@type":"WebSite","@id":"https:\/\/www-test.absglobal.com\/es\/#website","url":"https:\/\/www-test.absglobal.com\/es\/","name":"ABS Global Spain","description":"","publisher":{"@id":"https:\/\/www-test.absglobal.com\/es\/#organization"},"potentialAction":[{"@type":"SearchAction","target":{"@type":"EntryPoint","urlTemplate":"https:\/\/www-test.absglobal.com\/es\/?s={search_term_string}"},"query-input":{"@type":"PropertyValueSpecification","valueRequired":true,"valueName":"search_term_string"}}],"inLanguage":"es"},{"@type":"Organization","@id":"https:\/\/www-test.absglobal.com\/es\/#organization","name":"ABS Global Spain","url":"https:\/\/www-test.absglobal.com\/es\/","logo":{"@type":"ImageObject","inLanguage":"es","@id":"https:\/\/www-test.absglobal.com\/es\/#\/schema\/logo\/image\/","url":"https:\/\/www-test.absglobal.com\/es\/wp-content\/uploads\/sites\/17\/2020\/04\/Asset-1.png","contentUrl":"https:\/\/www-test.absglobal.com\/es\/wp-content\/uploads\/sites\/17\/2020\/04\/Asset-1.png","width":845,"height":1080,"caption":"ABS Global Spain"},"image":{"@id":"https:\/\/www-test.absglobal.com\/es\/#\/schema\/logo\/image\/"}}]}},"jetpack_sharing_enabled":true,"_links":{"self":[{"href":"https:\/\/www-test.absglobal.com\/es\/wp-json\/wp\/v2\/pages\/1745"}],"collection":[{"href":"https:\/\/www-test.absglobal.com\/es\/wp-json\/wp\/v2\/pages"}],"about":[{"href":"https:\/\/www-test.absglobal.com\/es\/wp-json\/wp\/v2\/types\/page"}],"author":[{"embeddable":true,"href":"https:\/\/www-test.absglobal.com\/es\/wp-json\/wp\/v2\/users\/289"}],"replies":[{"embeddable":true,"href":"https:\/\/www-test.absglobal.com\/es\/wp-json\/wp\/v2\/comments?post=1745"}],"version-history":[{"count":18,"href":"https:\/\/www-test.absglobal.com\/es\/wp-json\/wp\/v2\/pages\/1745\/revisions"}],"predecessor-version":[{"id":4101,"href":"https:\/\/www-test.absglobal.com\/es\/wp-json\/wp\/v2\/pages\/1745\/revisions\/4101"}],"wp:attachment":[{"href":"https:\/\/www-test.absglobal.com\/es\/wp-json\/wp\/v2\/media?parent=1745"}],"curies":[{"name":"wp","href":"https:\/\/api.w.org\/{rel}","templated":true}]}}