{"id":628,"date":"2018-02-19T03:53:44","date_gmt":"2018-02-19T03:53:44","guid":{"rendered":"http:\/\/absglobal.flywheelsites.com\/us\/?page_id=628"},"modified":"2020-04-03T01:52:28","modified_gmt":"2020-04-03T01:52:28","slug":"genetic-defect-testing","status":"publish","type":"page","link":"https:\/\/www-test.absglobal.com\/ca-fr\/beef\/beef-information\/genetic-defect-testing\/","title":{"rendered":"\u0116preuves G\u0117n\u0117tique en Conformation"},"content":{"rendered":"\n\t\t\t<h2>Utilisation des GTS pour la s\u00e9lection de taureaux<\/h2>\t\t\t\n\t\t\t\t<p><strong>Les GTS permettent aux \u00e9leveurs de prendre la d\u00e9cision la plus inform\u00e9e de l\u2019industrie.<\/strong><\/p>\n<p>Le programme GTS de ABS d\u00e9crit pr\u00e9cis\u00e9ment et objectivement les diff\u00e9rences pour les traits physiques entre la prog\u00e9niture de chaque taureau individuellement. En utilisant les STA (Habilit\u00e9 de transmission standardis\u00e9e) les \u00e9leveurs de bovins de boucherie peuvent pr\u00e9voir la conformation, ou les caract\u00e9ristiques physiques, qu\u2019un taureau transmettra \u00e0 sa prog\u00e9niture. Les STA pour chaque trait sont calcul\u00e9s en comparant les contemporaines dans un m\u00eame troupeau pour un grand nombre de prog\u00e9nitures d\u2019un m\u00eame taureau, en utilisant un syst\u00e8me d\u2019\u00e9valuations lin\u00e9aires.<\/p>\n<p>Ces \u00e9preuves lin\u00e9aires sont calcul\u00e9es en utilisant des proc\u00e9dures statistiques similaires \u00e0 celles utilis\u00e9es pour calculer les EPD. Les STA indiquent comment les taureaux se comparent entre eux pour chaque trait inclus dans l\u2019\u00e9valuation.<\/p>\n<p>Les STA permettent \u00e9galement aux \u00e9leveurs de d\u00e9terminer le classement d\u2019un taureau dans une population donn\u00e9e, et ce pour chaque trait. Un taureau avec un STA de 0.0 est moyen pour ce trait compar\u00e9 \u00e0 tous les autres taureaux \u00e9valu\u00e9s. Pour tous les traits, la majorit\u00e9 des STA pour tous les taureaux \u00e9valu\u00e9s sera autour de 0.0. En fait, approximativement 68% des STA pour les taureaux devraient \u00eatre entre -1.0 et +1.0 avec plus de 99% entre -3.0 et +3.0. Rappelez-vous que la population incluse dans ces analyses de GTS n\u2019inclue pas la race en entier, mais plut\u00f4t un groupe d\u2019animaux relativement s\u00e9lect qui ont principalement \u00e9t\u00e9 con\u00e7us par ins\u00e9mination artificielle.<\/p>\n\t\t\t\t<img decoding=\"async\" src=\"http:\/\/cms.genusplc.com\/absglobal\/ca-fr\/wp-content\/uploads\/sites\/9\/2018\/02\/Genetic-Type-Summary_Fr.jpg\" alt=\"Genetic-Type-Summary_Fr\" title=\"Genetic-Type-Summary_Fr\" \/>\n\t\t\t\t<img decoding=\"async\" src=\"http:\/\/cms.genusplc.com\/absglobal\/ca-fr\/wp-content\/uploads\/sites\/9\/2018\/02\/Bell-Graph295_EP-copy.jpg\" alt=\"Bell Graph295_EP copy\" title=\"Bell Graph295_EP copy\" \/>\n\t\t\t<a href=\"https:\/\/www-test.absglobal.com\/ca-fr\/wp-content\/uploads\/sites\/23\/2020\/04\/Fall-2008-GTS-Sire-Summary.pdf\" target=\"_blank\" rel=\"noopener noreferrer\" role=\"button\">\n\t\t\t\t\t\t\tClick here for the Fall 2008 ABS GTS Sire Summary\n\t\t<\/a>\n","protected":false},"excerpt":{"rendered":"<p>Utilisation des GTS pour la s\u00e9lection de taureaux Les GTS permettent aux \u00e9leveurs de prendre la d\u00e9cision la plus inform\u00e9e de l\u2019industrie. Le programme GTS de ABS d\u00e9crit pr\u00e9cis\u00e9ment et objectivement les diff\u00e9rences pour les traits physiques entre la prog\u00e9niture de chaque taureau individuellement. En utilisant les STA (Habilit\u00e9 de transmission standardis\u00e9e) les \u00e9leveurs de&hellip;<\/p>\n","protected":false},"author":20,"featured_media":1559,"parent":936,"menu_order":0,"comment_status":"closed","ping_status":"closed","template":"","meta":{"_acf_changed":false,"footnotes":""},"class_list":["post-628","page","type-page","status-publish","has-post-thumbnail","hentry"],"acf":[],"yoast_head":"<!-- This site is optimized with the Yoast SEO Premium plugin v22.1 (Yoast SEO v25.3) - https:\/\/yoast.com\/wordpress\/plugins\/seo\/ -->\n<title>\u0116preuves G\u0117n\u0117tique en Conformation - ABS Global Canada (ca-fr)<\/title>\n<meta name=\"robots\" content=\"index, follow, max-snippet:-1, max-image-preview:large, max-video-preview:-1\" \/>\n<link rel=\"canonical\" href=\"https:\/\/www-test.absglobal.com\/ca-fr\/beef\/beef-information\/genetic-defect-testing\/\" \/>\n<meta property=\"og:locale\" content=\"fr_CA\" \/>\n<meta property=\"og:type\" content=\"article\" \/>\n<meta property=\"og:title\" content=\"\u0116preuves G\u0117n\u0117tique en Conformation\" \/>\n<meta property=\"og:description\" content=\"Utilisation des GTS pour la s\u00e9lection de taureaux Les GTS permettent aux \u00e9leveurs de prendre la d\u00e9cision la plus inform\u00e9e de l\u2019industrie. Le programme GTS de ABS d\u00e9crit pr\u00e9cis\u00e9ment et objectivement les diff\u00e9rences pour les traits physiques entre la prog\u00e9niture de chaque taureau individuellement. En utilisant les STA (Habilit\u00e9 de transmission standardis\u00e9e) les \u00e9leveurs de&hellip;\" \/>\n<meta property=\"og:url\" content=\"https:\/\/www-test.absglobal.com\/ca-fr\/beef\/beef-information\/genetic-defect-testing\/\" \/>\n<meta property=\"og:site_name\" content=\"ABS Global Canada (ca-fr)\" \/>\n<meta property=\"article:modified_time\" content=\"2020-04-03T01:52:28+00:00\" \/>\n<meta property=\"og:image\" content=\"https:\/\/www-test.absglobal.com\/ca-fr\/wp-content\/uploads\/sites\/23\/2018\/03\/abs-can-fr-beef.jpg?fit=1920%2C500\" \/>\n\t<meta property=\"og:image:width\" content=\"1920\" \/>\n\t<meta property=\"og:image:height\" content=\"500\" \/>\n\t<meta property=\"og:image:type\" content=\"image\/jpeg\" \/>\n<meta name=\"twitter:card\" content=\"summary_large_image\" \/>\n<meta name=\"twitter:label1\" content=\"Est. reading time\" \/>\n\t<meta name=\"twitter:data1\" content=\"1 minute\" \/>\n<script type=\"application\/ld+json\" class=\"yoast-schema-graph\">{\"@context\":\"https:\/\/schema.org\",\"@graph\":[{\"@type\":\"WebPage\",\"@id\":\"https:\/\/www-test.absglobal.com\/ca-fr\/beef\/beef-information\/genetic-defect-testing\/\",\"url\":\"https:\/\/www-test.absglobal.com\/ca-fr\/beef\/beef-information\/genetic-defect-testing\/\",\"name\":\"\u0116preuves G\u0117n\u0117tique en Conformation - ABS Global Canada (ca-fr)\",\"isPartOf\":{\"@id\":\"https:\/\/www-test.absglobal.com\/ca-fr\/#website\"},\"primaryImageOfPage\":{\"@id\":\"https:\/\/www-test.absglobal.com\/ca-fr\/beef\/beef-information\/genetic-defect-testing\/#primaryimage\"},\"image\":{\"@id\":\"https:\/\/www-test.absglobal.com\/ca-fr\/beef\/beef-information\/genetic-defect-testing\/#primaryimage\"},\"thumbnailUrl\":\"https:\/\/www-test.absglobal.com\/ca-fr\/wp-content\/uploads\/sites\/23\/2018\/03\/abs-can-fr-beef.jpg\",\"datePublished\":\"2018-02-19T03:53:44+00:00\",\"dateModified\":\"2020-04-03T01:52:28+00:00\",\"breadcrumb\":{\"@id\":\"https:\/\/www-test.absglobal.com\/ca-fr\/beef\/beef-information\/genetic-defect-testing\/#breadcrumb\"},\"inLanguage\":\"fr-CA\",\"potentialAction\":[{\"@type\":\"ReadAction\",\"target\":[\"https:\/\/www-test.absglobal.com\/ca-fr\/beef\/beef-information\/genetic-defect-testing\/\"]}]},{\"@type\":\"ImageObject\",\"inLanguage\":\"fr-CA\",\"@id\":\"https:\/\/www-test.absglobal.com\/ca-fr\/beef\/beef-information\/genetic-defect-testing\/#primaryimage\",\"url\":\"https:\/\/www-test.absglobal.com\/ca-fr\/wp-content\/uploads\/sites\/23\/2018\/03\/abs-can-fr-beef.jpg\",\"contentUrl\":\"https:\/\/www-test.absglobal.com\/ca-fr\/wp-content\/uploads\/sites\/23\/2018\/03\/abs-can-fr-beef.jpg\",\"width\":1920,\"height\":500},{\"@type\":\"BreadcrumbList\",\"@id\":\"https:\/\/www-test.absglobal.com\/ca-fr\/beef\/beef-information\/genetic-defect-testing\/#breadcrumb\",\"itemListElement\":[{\"@type\":\"ListItem\",\"position\":1,\"name\":\"Home\",\"item\":\"https:\/\/www-test.absglobal.com\/ca-fr\/\"},{\"@type\":\"ListItem\",\"position\":2,\"name\":\"Boucherie\",\"item\":\"https:\/\/www-test.absglobal.com\/ca-fr\/beef\/\"},{\"@type\":\"ListItem\",\"position\":3,\"name\":\"Information Sur Le Bovins de Boucherie\",\"item\":\"https:\/\/www-test.absglobal.com\/ca-fr\/beef\/beef-information\/\"},{\"@type\":\"ListItem\",\"position\":4,\"name\":\"\u0116preuves G\u0117n\u0117tique en Conformation\"}]},{\"@type\":\"WebSite\",\"@id\":\"https:\/\/www-test.absglobal.com\/ca-fr\/#website\",\"url\":\"https:\/\/www-test.absglobal.com\/ca-fr\/\",\"name\":\"ABS Global Canada (ca-fr)\",\"description\":\"\",\"potentialAction\":[{\"@type\":\"SearchAction\",\"target\":{\"@type\":\"EntryPoint\",\"urlTemplate\":\"https:\/\/www-test.absglobal.com\/ca-fr\/?s={search_term_string}\"},\"query-input\":{\"@type\":\"PropertyValueSpecification\",\"valueRequired\":true,\"valueName\":\"search_term_string\"}}],\"inLanguage\":\"fr-CA\"}]}<\/script>\n<!-- \/ Yoast SEO Premium plugin. -->","yoast_head_json":{"title":"\u0116preuves G\u0117n\u0117tique en Conformation - ABS Global Canada (ca-fr)","robots":{"index":"index","follow":"follow","max-snippet":"max-snippet:-1","max-image-preview":"max-image-preview:large","max-video-preview":"max-video-preview:-1"},"canonical":"https:\/\/www-test.absglobal.com\/ca-fr\/beef\/beef-information\/genetic-defect-testing\/","og_locale":"fr_CA","og_type":"article","og_title":"\u0116preuves G\u0117n\u0117tique en Conformation","og_description":"Utilisation des GTS pour la s\u00e9lection de taureaux Les GTS permettent aux \u00e9leveurs de prendre la d\u00e9cision la plus inform\u00e9e de l\u2019industrie. Le programme GTS de ABS d\u00e9crit pr\u00e9cis\u00e9ment et objectivement les diff\u00e9rences pour les traits physiques entre la prog\u00e9niture de chaque taureau individuellement. En utilisant les STA (Habilit\u00e9 de transmission standardis\u00e9e) les \u00e9leveurs de&hellip;","og_url":"https:\/\/www-test.absglobal.com\/ca-fr\/beef\/beef-information\/genetic-defect-testing\/","og_site_name":"ABS Global Canada (ca-fr)","article_modified_time":"2020-04-03T01:52:28+00:00","og_image":[{"width":1920,"height":500,"url":"https:\/\/www-test.absglobal.com\/ca-fr\/wp-content\/uploads\/sites\/23\/2018\/03\/abs-can-fr-beef.jpg?fit=1920%2C500","type":"image\/jpeg"}],"twitter_card":"summary_large_image","twitter_misc":{"Est. reading time":"1 minute"},"schema":{"@context":"https:\/\/schema.org","@graph":[{"@type":"WebPage","@id":"https:\/\/www-test.absglobal.com\/ca-fr\/beef\/beef-information\/genetic-defect-testing\/","url":"https:\/\/www-test.absglobal.com\/ca-fr\/beef\/beef-information\/genetic-defect-testing\/","name":"\u0116preuves G\u0117n\u0117tique en Conformation - ABS Global Canada (ca-fr)","isPartOf":{"@id":"https:\/\/www-test.absglobal.com\/ca-fr\/#website"},"primaryImageOfPage":{"@id":"https:\/\/www-test.absglobal.com\/ca-fr\/beef\/beef-information\/genetic-defect-testing\/#primaryimage"},"image":{"@id":"https:\/\/www-test.absglobal.com\/ca-fr\/beef\/beef-information\/genetic-defect-testing\/#primaryimage"},"thumbnailUrl":"https:\/\/www-test.absglobal.com\/ca-fr\/wp-content\/uploads\/sites\/23\/2018\/03\/abs-can-fr-beef.jpg","datePublished":"2018-02-19T03:53:44+00:00","dateModified":"2020-04-03T01:52:28+00:00","breadcrumb":{"@id":"https:\/\/www-test.absglobal.com\/ca-fr\/beef\/beef-information\/genetic-defect-testing\/#breadcrumb"},"inLanguage":"fr-CA","potentialAction":[{"@type":"ReadAction","target":["https:\/\/www-test.absglobal.com\/ca-fr\/beef\/beef-information\/genetic-defect-testing\/"]}]},{"@type":"ImageObject","inLanguage":"fr-CA","@id":"https:\/\/www-test.absglobal.com\/ca-fr\/beef\/beef-information\/genetic-defect-testing\/#primaryimage","url":"https:\/\/www-test.absglobal.com\/ca-fr\/wp-content\/uploads\/sites\/23\/2018\/03\/abs-can-fr-beef.jpg","contentUrl":"https:\/\/www-test.absglobal.com\/ca-fr\/wp-content\/uploads\/sites\/23\/2018\/03\/abs-can-fr-beef.jpg","width":1920,"height":500},{"@type":"BreadcrumbList","@id":"https:\/\/www-test.absglobal.com\/ca-fr\/beef\/beef-information\/genetic-defect-testing\/#breadcrumb","itemListElement":[{"@type":"ListItem","position":1,"name":"Home","item":"https:\/\/www-test.absglobal.com\/ca-fr\/"},{"@type":"ListItem","position":2,"name":"Boucherie","item":"https:\/\/www-test.absglobal.com\/ca-fr\/beef\/"},{"@type":"ListItem","position":3,"name":"Information Sur Le Bovins de Boucherie","item":"https:\/\/www-test.absglobal.com\/ca-fr\/beef\/beef-information\/"},{"@type":"ListItem","position":4,"name":"\u0116preuves G\u0117n\u0117tique en Conformation"}]},{"@type":"WebSite","@id":"https:\/\/www-test.absglobal.com\/ca-fr\/#website","url":"https:\/\/www-test.absglobal.com\/ca-fr\/","name":"ABS Global Canada (ca-fr)","description":"","potentialAction":[{"@type":"SearchAction","target":{"@type":"EntryPoint","urlTemplate":"https:\/\/www-test.absglobal.com\/ca-fr\/?s={search_term_string}"},"query-input":{"@type":"PropertyValueSpecification","valueRequired":true,"valueName":"search_term_string"}}],"inLanguage":"fr-CA"}]}},"jetpack_sharing_enabled":true,"_links":{"self":[{"href":"https:\/\/www-test.absglobal.com\/ca-fr\/wp-json\/wp\/v2\/pages\/628"}],"collection":[{"href":"https:\/\/www-test.absglobal.com\/ca-fr\/wp-json\/wp\/v2\/pages"}],"about":[{"href":"https:\/\/www-test.absglobal.com\/ca-fr\/wp-json\/wp\/v2\/types\/page"}],"author":[{"embeddable":true,"href":"https:\/\/www-test.absglobal.com\/ca-fr\/wp-json\/wp\/v2\/users\/20"}],"replies":[{"embeddable":true,"href":"https:\/\/www-test.absglobal.com\/ca-fr\/wp-json\/wp\/v2\/comments?post=628"}],"version-history":[{"count":3,"href":"https:\/\/www-test.absglobal.com\/ca-fr\/wp-json\/wp\/v2\/pages\/628\/revisions"}],"predecessor-version":[{"id":2561,"href":"https:\/\/www-test.absglobal.com\/ca-fr\/wp-json\/wp\/v2\/pages\/628\/revisions\/2561"}],"up":[{"embeddable":true,"href":"https:\/\/www-test.absglobal.com\/ca-fr\/wp-json\/wp\/v2\/pages\/936"}],"wp:featuredmedia":[{"embeddable":true,"href":"https:\/\/www-test.absglobal.com\/ca-fr\/wp-json\/wp\/v2\/media\/1559"}],"wp:attachment":[{"href":"https:\/\/www-test.absglobal.com\/ca-fr\/wp-json\/wp\/v2\/media?parent=628"}],"curies":[{"name":"wp","href":"https:\/\/api.w.org\/{rel}","templated":true}]}}