{"id":625,"date":"2018-02-19T03:53:10","date_gmt":"2018-02-19T03:53:10","guid":{"rendered":"http:\/\/absglobal.flywheelsites.com\/us\/?page_id=625"},"modified":"2020-04-03T01:50:37","modified_gmt":"2020-04-03T01:50:37","slug":"synchronization-protocols","status":"publish","type":"page","link":"https:\/\/www-test.absglobal.com\/ca-fr\/beef\/beef-information\/synchronization-protocols\/","title":{"rendered":"Protocoles de Synchronisation"},"content":{"rendered":"\n\t\t\t\t<p>Les programmes d\u2019I.A. et de synchronisation permettent aux producteurs de b\u0153uf d\u2019am\u00e9liorer leur taux de gestation pendant la saison des saillies gr\u00e2ce \u00e0 un taux plus \u00e9lev\u00e9 d\u2019animaux disponibles \u00e0 saillir. Les protocoles impliquent MGA, CIDR \u00ae, prostaglandines et \/ ou une hormone lib\u00e9rant la gonadatropine. S\u00e9lectionnez un programme de synchronisation:<\/p>\n<p><strong>S\u00e9lectionnez un protocole (2017) pour vos besoins:<\/strong>\u00a0 \u00a0 \u00a0 \u00a0<a href=\"https:\/\/www-test.absglobal.com\/ca-fr\/wp-content\/uploads\/sites\/23\/2020\/04\/Protocols-for-Sire-Directories-2018-1.pdf\" target=\"_blank\" rel=\"noopener noreferrer\">Vache<\/a>\u00a0 \u00a0 \u00a0\u00a0<a href=\"https:\/\/www-test.absglobal.com\/ca-fr\/wp-content\/uploads\/sites\/23\/2020\/04\/Protocols-for-Sire-Directories-2018-2.pdf\" target=\"_blank\" rel=\"noopener noreferrer\">G\u00e9nisse<\/a><\/p>\n\t\t\t\t<img fetchpriority=\"high\" decoding=\"async\" src=\"https:\/\/www-test.absglobal.com\/ca-fr\/wp-content\/uploads\/sites\/23\/2018\/02\/Protocols-for-Sire-Directories-2018_Page_2.jpg\" alt=\"Protocols for Sire Directories 2018_Page_2\" height=\"1920\" width=\"1440\" title=\"Protocols for Sire Directories 2018_Page_2\" \/>\n\t\t\t\t<img decoding=\"async\" src=\"https:\/\/www-test.absglobal.com\/ca-fr\/wp-content\/uploads\/sites\/23\/2018\/02\/Protocols-for-Sire-Directories-2018_Page_1.png\" alt=\"Protocols for Sire Directories 2018_Page_1\" height=\"1200\" width=\"900\" title=\"Protocols for Sire Directories 2018_Page_1\" \/>\n","protected":false},"excerpt":{"rendered":"<p>Les programmes d\u2019I.A. et de synchronisation permettent aux producteurs de b\u0153uf d\u2019am\u00e9liorer leur taux de gestation pendant la saison des saillies gr\u00e2ce \u00e0 un taux plus \u00e9lev\u00e9 d\u2019animaux disponibles \u00e0 saillir. Les protocoles impliquent MGA, CIDR \u00ae, prostaglandines et \/ ou une hormone lib\u00e9rant la gonadatropine. S\u00e9lectionnez un programme de synchronisation: S\u00e9lectionnez un protocole (2017)&hellip;<\/p>\n","protected":false},"author":20,"featured_media":1559,"parent":936,"menu_order":0,"comment_status":"closed","ping_status":"closed","template":"","meta":{"_acf_changed":false,"footnotes":""},"class_list":["post-625","page","type-page","status-publish","has-post-thumbnail","hentry"],"acf":[],"yoast_head":"<!-- This site is optimized with the Yoast SEO Premium plugin v22.1 (Yoast SEO v25.3) - https:\/\/yoast.com\/wordpress\/plugins\/seo\/ -->\n<title>Protocoles de Synchronisation - ABS Global Canada (ca-fr)<\/title>\n<meta name=\"robots\" content=\"index, follow, max-snippet:-1, max-image-preview:large, max-video-preview:-1\" \/>\n<link rel=\"canonical\" href=\"https:\/\/www-test.absglobal.com\/ca-fr\/beef\/beef-information\/synchronization-protocols\/\" \/>\n<meta property=\"og:locale\" content=\"fr_CA\" \/>\n<meta property=\"og:type\" content=\"article\" \/>\n<meta property=\"og:title\" content=\"Protocoles de Synchronisation\" \/>\n<meta property=\"og:description\" content=\"Les programmes d\u2019I.A. et de synchronisation permettent aux producteurs de b\u0153uf d\u2019am\u00e9liorer leur taux de gestation pendant la saison des saillies gr\u00e2ce \u00e0 un taux plus \u00e9lev\u00e9 d\u2019animaux disponibles \u00e0 saillir. Les protocoles impliquent MGA, CIDR \u00ae, prostaglandines et \/ ou une hormone lib\u00e9rant la gonadatropine. S\u00e9lectionnez un programme de synchronisation: S\u00e9lectionnez un protocole (2017)&hellip;\" \/>\n<meta property=\"og:url\" content=\"https:\/\/www-test.absglobal.com\/ca-fr\/beef\/beef-information\/synchronization-protocols\/\" \/>\n<meta property=\"og:site_name\" content=\"ABS Global Canada (ca-fr)\" \/>\n<meta property=\"article:modified_time\" content=\"2020-04-03T01:50:37+00:00\" \/>\n<meta property=\"og:image\" content=\"https:\/\/www-test.absglobal.com\/ca-fr\/wp-content\/uploads\/sites\/23\/2018\/03\/abs-can-fr-beef.jpg?fit=1920%2C500\" \/>\n\t<meta property=\"og:image:width\" content=\"1920\" \/>\n\t<meta property=\"og:image:height\" content=\"500\" \/>\n\t<meta property=\"og:image:type\" content=\"image\/jpeg\" \/>\n<meta name=\"twitter:card\" content=\"summary_large_image\" \/>\n<script type=\"application\/ld+json\" class=\"yoast-schema-graph\">{\"@context\":\"https:\/\/schema.org\",\"@graph\":[{\"@type\":\"WebPage\",\"@id\":\"https:\/\/www-test.absglobal.com\/ca-fr\/beef\/beef-information\/synchronization-protocols\/\",\"url\":\"https:\/\/www-test.absglobal.com\/ca-fr\/beef\/beef-information\/synchronization-protocols\/\",\"name\":\"Protocoles de Synchronisation - ABS Global Canada (ca-fr)\",\"isPartOf\":{\"@id\":\"https:\/\/www-test.absglobal.com\/ca-fr\/#website\"},\"primaryImageOfPage\":{\"@id\":\"https:\/\/www-test.absglobal.com\/ca-fr\/beef\/beef-information\/synchronization-protocols\/#primaryimage\"},\"image\":{\"@id\":\"https:\/\/www-test.absglobal.com\/ca-fr\/beef\/beef-information\/synchronization-protocols\/#primaryimage\"},\"thumbnailUrl\":\"https:\/\/www-test.absglobal.com\/ca-fr\/wp-content\/uploads\/sites\/23\/2018\/03\/abs-can-fr-beef.jpg\",\"datePublished\":\"2018-02-19T03:53:10+00:00\",\"dateModified\":\"2020-04-03T01:50:37+00:00\",\"breadcrumb\":{\"@id\":\"https:\/\/www-test.absglobal.com\/ca-fr\/beef\/beef-information\/synchronization-protocols\/#breadcrumb\"},\"inLanguage\":\"fr-CA\",\"potentialAction\":[{\"@type\":\"ReadAction\",\"target\":[\"https:\/\/www-test.absglobal.com\/ca-fr\/beef\/beef-information\/synchronization-protocols\/\"]}]},{\"@type\":\"ImageObject\",\"inLanguage\":\"fr-CA\",\"@id\":\"https:\/\/www-test.absglobal.com\/ca-fr\/beef\/beef-information\/synchronization-protocols\/#primaryimage\",\"url\":\"https:\/\/www-test.absglobal.com\/ca-fr\/wp-content\/uploads\/sites\/23\/2018\/03\/abs-can-fr-beef.jpg\",\"contentUrl\":\"https:\/\/www-test.absglobal.com\/ca-fr\/wp-content\/uploads\/sites\/23\/2018\/03\/abs-can-fr-beef.jpg\",\"width\":1920,\"height\":500},{\"@type\":\"BreadcrumbList\",\"@id\":\"https:\/\/www-test.absglobal.com\/ca-fr\/beef\/beef-information\/synchronization-protocols\/#breadcrumb\",\"itemListElement\":[{\"@type\":\"ListItem\",\"position\":1,\"name\":\"Home\",\"item\":\"https:\/\/www-test.absglobal.com\/ca-fr\/\"},{\"@type\":\"ListItem\",\"position\":2,\"name\":\"Boucherie\",\"item\":\"https:\/\/www-test.absglobal.com\/ca-fr\/beef\/\"},{\"@type\":\"ListItem\",\"position\":3,\"name\":\"Information Sur Le Bovins de Boucherie\",\"item\":\"https:\/\/www-test.absglobal.com\/ca-fr\/beef\/beef-information\/\"},{\"@type\":\"ListItem\",\"position\":4,\"name\":\"Protocoles de Synchronisation\"}]},{\"@type\":\"WebSite\",\"@id\":\"https:\/\/www-test.absglobal.com\/ca-fr\/#website\",\"url\":\"https:\/\/www-test.absglobal.com\/ca-fr\/\",\"name\":\"ABS Global Canada (ca-fr)\",\"description\":\"\",\"potentialAction\":[{\"@type\":\"SearchAction\",\"target\":{\"@type\":\"EntryPoint\",\"urlTemplate\":\"https:\/\/www-test.absglobal.com\/ca-fr\/?s={search_term_string}\"},\"query-input\":{\"@type\":\"PropertyValueSpecification\",\"valueRequired\":true,\"valueName\":\"search_term_string\"}}],\"inLanguage\":\"fr-CA\"}]}<\/script>\n<!-- \/ Yoast SEO Premium plugin. -->","yoast_head_json":{"title":"Protocoles de Synchronisation - ABS Global Canada (ca-fr)","robots":{"index":"index","follow":"follow","max-snippet":"max-snippet:-1","max-image-preview":"max-image-preview:large","max-video-preview":"max-video-preview:-1"},"canonical":"https:\/\/www-test.absglobal.com\/ca-fr\/beef\/beef-information\/synchronization-protocols\/","og_locale":"fr_CA","og_type":"article","og_title":"Protocoles de Synchronisation","og_description":"Les programmes d\u2019I.A. et de synchronisation permettent aux producteurs de b\u0153uf d\u2019am\u00e9liorer leur taux de gestation pendant la saison des saillies gr\u00e2ce \u00e0 un taux plus \u00e9lev\u00e9 d\u2019animaux disponibles \u00e0 saillir. Les protocoles impliquent MGA, CIDR \u00ae, prostaglandines et \/ ou une hormone lib\u00e9rant la gonadatropine. S\u00e9lectionnez un programme de synchronisation: S\u00e9lectionnez un protocole (2017)&hellip;","og_url":"https:\/\/www-test.absglobal.com\/ca-fr\/beef\/beef-information\/synchronization-protocols\/","og_site_name":"ABS Global Canada (ca-fr)","article_modified_time":"2020-04-03T01:50:37+00:00","og_image":[{"width":1920,"height":500,"url":"https:\/\/www-test.absglobal.com\/ca-fr\/wp-content\/uploads\/sites\/23\/2018\/03\/abs-can-fr-beef.jpg?fit=1920%2C500","type":"image\/jpeg"}],"twitter_card":"summary_large_image","schema":{"@context":"https:\/\/schema.org","@graph":[{"@type":"WebPage","@id":"https:\/\/www-test.absglobal.com\/ca-fr\/beef\/beef-information\/synchronization-protocols\/","url":"https:\/\/www-test.absglobal.com\/ca-fr\/beef\/beef-information\/synchronization-protocols\/","name":"Protocoles de Synchronisation - ABS Global Canada (ca-fr)","isPartOf":{"@id":"https:\/\/www-test.absglobal.com\/ca-fr\/#website"},"primaryImageOfPage":{"@id":"https:\/\/www-test.absglobal.com\/ca-fr\/beef\/beef-information\/synchronization-protocols\/#primaryimage"},"image":{"@id":"https:\/\/www-test.absglobal.com\/ca-fr\/beef\/beef-information\/synchronization-protocols\/#primaryimage"},"thumbnailUrl":"https:\/\/www-test.absglobal.com\/ca-fr\/wp-content\/uploads\/sites\/23\/2018\/03\/abs-can-fr-beef.jpg","datePublished":"2018-02-19T03:53:10+00:00","dateModified":"2020-04-03T01:50:37+00:00","breadcrumb":{"@id":"https:\/\/www-test.absglobal.com\/ca-fr\/beef\/beef-information\/synchronization-protocols\/#breadcrumb"},"inLanguage":"fr-CA","potentialAction":[{"@type":"ReadAction","target":["https:\/\/www-test.absglobal.com\/ca-fr\/beef\/beef-information\/synchronization-protocols\/"]}]},{"@type":"ImageObject","inLanguage":"fr-CA","@id":"https:\/\/www-test.absglobal.com\/ca-fr\/beef\/beef-information\/synchronization-protocols\/#primaryimage","url":"https:\/\/www-test.absglobal.com\/ca-fr\/wp-content\/uploads\/sites\/23\/2018\/03\/abs-can-fr-beef.jpg","contentUrl":"https:\/\/www-test.absglobal.com\/ca-fr\/wp-content\/uploads\/sites\/23\/2018\/03\/abs-can-fr-beef.jpg","width":1920,"height":500},{"@type":"BreadcrumbList","@id":"https:\/\/www-test.absglobal.com\/ca-fr\/beef\/beef-information\/synchronization-protocols\/#breadcrumb","itemListElement":[{"@type":"ListItem","position":1,"name":"Home","item":"https:\/\/www-test.absglobal.com\/ca-fr\/"},{"@type":"ListItem","position":2,"name":"Boucherie","item":"https:\/\/www-test.absglobal.com\/ca-fr\/beef\/"},{"@type":"ListItem","position":3,"name":"Information Sur Le Bovins de Boucherie","item":"https:\/\/www-test.absglobal.com\/ca-fr\/beef\/beef-information\/"},{"@type":"ListItem","position":4,"name":"Protocoles de Synchronisation"}]},{"@type":"WebSite","@id":"https:\/\/www-test.absglobal.com\/ca-fr\/#website","url":"https:\/\/www-test.absglobal.com\/ca-fr\/","name":"ABS Global Canada (ca-fr)","description":"","potentialAction":[{"@type":"SearchAction","target":{"@type":"EntryPoint","urlTemplate":"https:\/\/www-test.absglobal.com\/ca-fr\/?s={search_term_string}"},"query-input":{"@type":"PropertyValueSpecification","valueRequired":true,"valueName":"search_term_string"}}],"inLanguage":"fr-CA"}]}},"jetpack_sharing_enabled":true,"_links":{"self":[{"href":"https:\/\/www-test.absglobal.com\/ca-fr\/wp-json\/wp\/v2\/pages\/625"}],"collection":[{"href":"https:\/\/www-test.absglobal.com\/ca-fr\/wp-json\/wp\/v2\/pages"}],"about":[{"href":"https:\/\/www-test.absglobal.com\/ca-fr\/wp-json\/wp\/v2\/types\/page"}],"author":[{"embeddable":true,"href":"https:\/\/www-test.absglobal.com\/ca-fr\/wp-json\/wp\/v2\/users\/20"}],"replies":[{"embeddable":true,"href":"https:\/\/www-test.absglobal.com\/ca-fr\/wp-json\/wp\/v2\/comments?post=625"}],"version-history":[{"count":3,"href":"https:\/\/www-test.absglobal.com\/ca-fr\/wp-json\/wp\/v2\/pages\/625\/revisions"}],"predecessor-version":[{"id":2557,"href":"https:\/\/www-test.absglobal.com\/ca-fr\/wp-json\/wp\/v2\/pages\/625\/revisions\/2557"}],"up":[{"embeddable":true,"href":"https:\/\/www-test.absglobal.com\/ca-fr\/wp-json\/wp\/v2\/pages\/936"}],"wp:featuredmedia":[{"embeddable":true,"href":"https:\/\/www-test.absglobal.com\/ca-fr\/wp-json\/wp\/v2\/media\/1559"}],"wp:attachment":[{"href":"https:\/\/www-test.absglobal.com\/ca-fr\/wp-json\/wp\/v2\/media?parent=625"}],"curies":[{"name":"wp","href":"https:\/\/api.w.org\/{rel}","templated":true}]}}