{"id":4497,"date":"2020-12-02T11:17:02","date_gmt":"2020-12-02T16:17:02","guid":{"rendered":"http:\/\/www-test.absglobal.com\/br\/?page_id=4497"},"modified":"2022-04-27T07:30:57","modified_gmt":"2022-04-27T12:30:57","slug":"visita-central-abs","status":"publish","type":"page","link":"https:\/\/www-test.absglobal.com\/br\/visita-central-abs\/","title":{"rendered":"Visita\u00e7\u00e3o \u00e0 Central ABS"},"content":{"rendered":"\n<p class=\"has-text-align-justify is-style-default\">Al\u00e9m das medidas de biosseguran\u00e7a em vigor na ABS desde 2014, que incluem a preven\u00e7\u00e3o e a minimiza\u00e7\u00e3o de riscos relativos \u00e0s atividades de produ\u00e7\u00e3o de s\u00eamen e desenvolvimento tecnol\u00f3gico para a prote\u00e7\u00e3o ambiental e a qualidade dos produtos, a nossa equipe implantou normas de preven\u00e7\u00e3o \u00e0 Covid-19, em conformidade \u00e0s determina\u00e7\u00f5es dos \u00f3rg\u00e3os p\u00fablicos de sa\u00fade.<\/p>\n\n\n\n<p class=\"has-text-align-justify is-style-default\"><strong><strong>Confira o funcionamento das visitas:<\/strong><\/strong><\/p>\n\n\n\n<ul class=\"wp-block-list\"><li>O agendamento das visitas \u00e9 feito pelo site da ABS. <\/li><li>Os hor\u00e1rios seguem a disponibilidade dos Coordenadores de Produtos e Atendimento ao Cliente, respons\u00e1veis pelas visitas;<\/li><li>\u00c9 preciso preencher o formul\u00e1rio de cadastro e a assinatura do Termo de Aceite das Normas de Preven\u00e7\u00e3o da Covid-19 (<a href=\"https:\/\/www-test.absglobal.com\/br\/wp-content\/uploads\/sites\/16\/2020\/12\/Termo-de-Aceite-Visita-ABS.pdf\" rel=\"noreferrer noopener\" target=\"_blank\">Termo<\/a>);<\/li><li>\u00c9 obrigat\u00f3rio o uso botas pl\u00e1sticas em visita\u00e7\u00e3o aos touros;<\/li><li>Somente \u00e9 permitido visitar os piquetes dos touros; os laborat\u00f3rios e demais depend\u00eancias seguem com a visita\u00e7\u00e3o proibida temporariamente.<\/li><\/ul>\n\n\n\n<div style=\"height:24px\" aria-hidden=\"true\" class=\"wp-block-spacer\"><\/div>\n\n\n\n<h2 class=\"has-text-align-center wp-block-heading\" id=\"h-agendamento-de-visitas\"><strong>Agendamento de Visitas  <\/strong><\/h2>\n\n\n\n<p class=\"has-text-align-center\"><\/p>\n\n\n\n<div class=\"wp-block-buttons is-content-justification-center is-layout-flex wp-block-buttons-is-layout-flex\">\n<div class=\"wp-block-button is-style-fill\"><a class=\"wp-block-button__link\" href=\"https:\/\/api.whatsapp.com\/send?phone=553433195400&amp;text=Ol%C3%A1!%20Gostaria%20de%20agendar%20uma%20visita%20na%20ABS\" target=\"_blank\" rel=\"noreferrer noopener\"><strong>Clique aqui<\/strong><\/a><\/div>\n<\/div>\n\n\n\n<p><\/p>\n\n\n\n<p class=\"is-style-lead\"><\/p>\n","protected":false},"excerpt":{"rendered":"<p>Al\u00e9m das medidas de biosseguran\u00e7a em vigor na ABS desde 2014, que incluem a preven\u00e7\u00e3o e a minimiza\u00e7\u00e3o de riscos relativos \u00e0s atividades de produ\u00e7\u00e3o de s\u00eamen e desenvolvimento tecnol\u00f3gico para a prote\u00e7\u00e3o ambiental e a qualidade dos produtos, a nossa equipe implantou normas de preven\u00e7\u00e3o \u00e0 Covid-19, em conformidade \u00e0s determina\u00e7\u00f5es dos \u00f3rg\u00e3os p\u00fablicos [&hellip;]<\/p>\n","protected":false},"author":271,"featured_media":0,"parent":0,"menu_order":0,"comment_status":"closed","ping_status":"closed","template":"","meta":{"_acf_changed":false,"content-type":"","footnotes":""},"class_list":["post-4497","page","type-page","status-publish","hentry"],"acf":[],"yoast_head":"<!-- This site is optimized with the Yoast SEO Premium plugin v22.1 (Yoast SEO v25.3) - https:\/\/yoast.com\/wordpress\/plugins\/seo\/ -->\n<title>Visita\u00e7\u00e3o \u00e0 Central ABS - ABS Global Brasil<\/title>\n<meta name=\"robots\" content=\"index, follow, max-snippet:-1, max-image-preview:large, max-video-preview:-1\" \/>\n<link rel=\"canonical\" href=\"https:\/\/www-test.absglobal.com\/br\/visita-central-abs\/\" \/>\n<meta property=\"og:locale\" content=\"pt_BR\" \/>\n<meta property=\"og:type\" content=\"article\" \/>\n<meta property=\"og:title\" content=\"Visita\u00e7\u00e3o \u00e0 Central ABS\" \/>\n<meta property=\"og:description\" content=\"Al\u00e9m das medidas de biosseguran\u00e7a em vigor na ABS desde 2014, que incluem a preven\u00e7\u00e3o e a minimiza\u00e7\u00e3o de riscos relativos \u00e0s atividades de produ\u00e7\u00e3o de s\u00eamen e desenvolvimento tecnol\u00f3gico para a prote\u00e7\u00e3o ambiental e a qualidade dos produtos, a nossa equipe implantou normas de preven\u00e7\u00e3o \u00e0 Covid-19, em conformidade \u00e0s determina\u00e7\u00f5es dos \u00f3rg\u00e3os p\u00fablicos [&hellip;]\" \/>\n<meta property=\"og:url\" content=\"https:\/\/www-test.absglobal.com\/br\/visita-central-abs\/\" \/>\n<meta property=\"og:site_name\" content=\"ABS Global Brasil\" \/>\n<meta property=\"article:modified_time\" content=\"2022-04-27T12:30:57+00:00\" \/>\n<meta name=\"twitter:card\" content=\"summary_large_image\" \/>\n<meta name=\"twitter:label1\" content=\"Est. reading time\" \/>\n\t<meta name=\"twitter:data1\" content=\"1 minuto\" \/>\n<script type=\"application\/ld+json\" class=\"yoast-schema-graph\">{\"@context\":\"https:\/\/schema.org\",\"@graph\":[{\"@type\":\"WebPage\",\"@id\":\"https:\/\/www-test.absglobal.com\/br\/visita-central-abs\/\",\"url\":\"https:\/\/www-test.absglobal.com\/br\/visita-central-abs\/\",\"name\":\"Visita\u00e7\u00e3o \u00e0 Central ABS - ABS Global Brasil\",\"isPartOf\":{\"@id\":\"https:\/\/www-test.absglobal.com\/br\/#website\"},\"datePublished\":\"2020-12-02T16:17:02+00:00\",\"dateModified\":\"2022-04-27T12:30:57+00:00\",\"breadcrumb\":{\"@id\":\"https:\/\/www-test.absglobal.com\/br\/visita-central-abs\/#breadcrumb\"},\"inLanguage\":\"pt-BR\",\"potentialAction\":[{\"@type\":\"ReadAction\",\"target\":[\"https:\/\/www-test.absglobal.com\/br\/visita-central-abs\/\"]}]},{\"@type\":\"BreadcrumbList\",\"@id\":\"https:\/\/www-test.absglobal.com\/br\/visita-central-abs\/#breadcrumb\",\"itemListElement\":[{\"@type\":\"ListItem\",\"position\":1,\"name\":\"Home\",\"item\":\"https:\/\/www-test.absglobal.com\/br\/\"},{\"@type\":\"ListItem\",\"position\":2,\"name\":\"Visita\u00e7\u00e3o \u00e0 Central ABS\"}]},{\"@type\":\"WebSite\",\"@id\":\"https:\/\/www-test.absglobal.com\/br\/#website\",\"url\":\"https:\/\/www-test.absglobal.com\/br\/\",\"name\":\"ABS Global Brasil\",\"description\":\"\",\"publisher\":{\"@id\":\"https:\/\/www-test.absglobal.com\/br\/#organization\"},\"potentialAction\":[{\"@type\":\"SearchAction\",\"target\":{\"@type\":\"EntryPoint\",\"urlTemplate\":\"https:\/\/www-test.absglobal.com\/br\/?s={search_term_string}\"},\"query-input\":{\"@type\":\"PropertyValueSpecification\",\"valueRequired\":true,\"valueName\":\"search_term_string\"}}],\"inLanguage\":\"pt-BR\"},{\"@type\":\"Organization\",\"@id\":\"https:\/\/www-test.absglobal.com\/br\/#organization\",\"name\":\"ABS Global Brasil\",\"url\":\"https:\/\/www-test.absglobal.com\/br\/\",\"logo\":{\"@type\":\"ImageObject\",\"inLanguage\":\"pt-BR\",\"@id\":\"https:\/\/www-test.absglobal.com\/br\/#\/schema\/logo\/image\/\",\"url\":\"https:\/\/www-test.absglobal.com\/br\/wp-content\/uploads\/sites\/16\/2020\/03\/LogoRGB.png\",\"contentUrl\":\"https:\/\/www-test.absglobal.com\/br\/wp-content\/uploads\/sites\/16\/2020\/03\/LogoRGB.png\",\"width\":872,\"height\":1080,\"caption\":\"ABS Global Brasil \"},\"image\":{\"@id\":\"https:\/\/www-test.absglobal.com\/br\/#\/schema\/logo\/image\/\"}}]}<\/script>\n<!-- \/ Yoast SEO Premium plugin. -->","yoast_head_json":{"title":"Visita\u00e7\u00e3o \u00e0 Central ABS - ABS Global Brasil","robots":{"index":"index","follow":"follow","max-snippet":"max-snippet:-1","max-image-preview":"max-image-preview:large","max-video-preview":"max-video-preview:-1"},"canonical":"https:\/\/www-test.absglobal.com\/br\/visita-central-abs\/","og_locale":"pt_BR","og_type":"article","og_title":"Visita\u00e7\u00e3o \u00e0 Central ABS","og_description":"Al\u00e9m das medidas de biosseguran\u00e7a em vigor na ABS desde 2014, que incluem a preven\u00e7\u00e3o e a minimiza\u00e7\u00e3o de riscos relativos \u00e0s atividades de produ\u00e7\u00e3o de s\u00eamen e desenvolvimento tecnol\u00f3gico para a prote\u00e7\u00e3o ambiental e a qualidade dos produtos, a nossa equipe implantou normas de preven\u00e7\u00e3o \u00e0 Covid-19, em conformidade \u00e0s determina\u00e7\u00f5es dos \u00f3rg\u00e3os p\u00fablicos [&hellip;]","og_url":"https:\/\/www-test.absglobal.com\/br\/visita-central-abs\/","og_site_name":"ABS Global Brasil","article_modified_time":"2022-04-27T12:30:57+00:00","twitter_card":"summary_large_image","twitter_misc":{"Est. reading time":"1 minuto"},"schema":{"@context":"https:\/\/schema.org","@graph":[{"@type":"WebPage","@id":"https:\/\/www-test.absglobal.com\/br\/visita-central-abs\/","url":"https:\/\/www-test.absglobal.com\/br\/visita-central-abs\/","name":"Visita\u00e7\u00e3o \u00e0 Central ABS - ABS Global Brasil","isPartOf":{"@id":"https:\/\/www-test.absglobal.com\/br\/#website"},"datePublished":"2020-12-02T16:17:02+00:00","dateModified":"2022-04-27T12:30:57+00:00","breadcrumb":{"@id":"https:\/\/www-test.absglobal.com\/br\/visita-central-abs\/#breadcrumb"},"inLanguage":"pt-BR","potentialAction":[{"@type":"ReadAction","target":["https:\/\/www-test.absglobal.com\/br\/visita-central-abs\/"]}]},{"@type":"BreadcrumbList","@id":"https:\/\/www-test.absglobal.com\/br\/visita-central-abs\/#breadcrumb","itemListElement":[{"@type":"ListItem","position":1,"name":"Home","item":"https:\/\/www-test.absglobal.com\/br\/"},{"@type":"ListItem","position":2,"name":"Visita\u00e7\u00e3o \u00e0 Central ABS"}]},{"@type":"WebSite","@id":"https:\/\/www-test.absglobal.com\/br\/#website","url":"https:\/\/www-test.absglobal.com\/br\/","name":"ABS Global Brasil","description":"","publisher":{"@id":"https:\/\/www-test.absglobal.com\/br\/#organization"},"potentialAction":[{"@type":"SearchAction","target":{"@type":"EntryPoint","urlTemplate":"https:\/\/www-test.absglobal.com\/br\/?s={search_term_string}"},"query-input":{"@type":"PropertyValueSpecification","valueRequired":true,"valueName":"search_term_string"}}],"inLanguage":"pt-BR"},{"@type":"Organization","@id":"https:\/\/www-test.absglobal.com\/br\/#organization","name":"ABS Global Brasil","url":"https:\/\/www-test.absglobal.com\/br\/","logo":{"@type":"ImageObject","inLanguage":"pt-BR","@id":"https:\/\/www-test.absglobal.com\/br\/#\/schema\/logo\/image\/","url":"https:\/\/www-test.absglobal.com\/br\/wp-content\/uploads\/sites\/16\/2020\/03\/LogoRGB.png","contentUrl":"https:\/\/www-test.absglobal.com\/br\/wp-content\/uploads\/sites\/16\/2020\/03\/LogoRGB.png","width":872,"height":1080,"caption":"ABS Global Brasil "},"image":{"@id":"https:\/\/www-test.absglobal.com\/br\/#\/schema\/logo\/image\/"}}]}},"jetpack_sharing_enabled":true,"_links":{"self":[{"href":"https:\/\/www-test.absglobal.com\/br\/wp-json\/wp\/v2\/pages\/4497"}],"collection":[{"href":"https:\/\/www-test.absglobal.com\/br\/wp-json\/wp\/v2\/pages"}],"about":[{"href":"https:\/\/www-test.absglobal.com\/br\/wp-json\/wp\/v2\/types\/page"}],"author":[{"embeddable":true,"href":"https:\/\/www-test.absglobal.com\/br\/wp-json\/wp\/v2\/users\/271"}],"replies":[{"embeddable":true,"href":"https:\/\/www-test.absglobal.com\/br\/wp-json\/wp\/v2\/comments?post=4497"}],"version-history":[{"count":57,"href":"https:\/\/www-test.absglobal.com\/br\/wp-json\/wp\/v2\/pages\/4497\/revisions"}],"predecessor-version":[{"id":5761,"href":"https:\/\/www-test.absglobal.com\/br\/wp-json\/wp\/v2\/pages\/4497\/revisions\/5761"}],"wp:attachment":[{"href":"https:\/\/www-test.absglobal.com\/br\/wp-json\/wp\/v2\/media?parent=4497"}],"curies":[{"name":"wp","href":"https:\/\/api.w.org\/{rel}","templated":true}]}}