{"id":2110,"date":"2020-03-10T11:31:17","date_gmt":"2020-03-10T16:31:17","guid":{"rendered":"http:\/\/cms.genusplc.com\/absglobal\/?page_id=2110"},"modified":"2020-04-06T15:07:11","modified_gmt":"2020-04-06T20:07:11","slug":"performance","status":"publish","type":"page","link":"https:\/\/www-test.absglobal.com\/br\/performance\/","title":{"rendered":"Desempenho reprodutivo"},"content":{"rendered":"\n<p>Desempenho reprodutivo \u00e9 uma das caracter\u00edsticas econ\u00f4micas mais importantes na produ\u00e7\u00e3o pecu\u00e1ria. Produtores de alto lucro s\u00e3o sempre os que apresentam a maior taxa de reprodu\u00e7\u00e3o no rebanho.<\/p>\n\n\n\n<p>\u00c9 importante gerenciar o rebanho de uma maneira que tenha o m\u00e1ximo de f\u00eameas poss\u00edvel nos primeiros 30 dias da esta\u00e7\u00e3o de procria\u00e7\u00e3o. Na ABS Global, gostamos de chamar isso de Mudan\u00e7a de Jogo em 30 Dias.<\/p>\n\n\n\n<p>Essa janela de 30 dias permite aumentar o valor dos bezerros nascido no in\u00edcio da esta\u00e7\u00e3o de parto. Por exemplo, se voc\u00ea tiver uma esta\u00e7\u00e3o de 75 dias para o parto, que \u00e9 um per\u00edodo de tempo aceit\u00e1vel, os bezerros nascidos nos primeiros 30 dias provavelmente superar\u00e3o os bezerros nascidos mais tarde &#8211; seja no desmame, com um ano ou na produ\u00e7\u00e3o.<\/p>\n\n\n\n<p>A insemina\u00e7\u00e3o artificial (IA) combinada com a sincroniza\u00e7\u00e3o, tamb\u00e9m conhecida como IA de Tempo Fico, pode dar a todas as novilhas de reposi\u00e7\u00e3o de um ano a oportunidade de emprenhar no primeiro dia da esta\u00e7\u00e3o de reprodu\u00e7\u00e3o.<\/p>\n\n\n\n<p>Tamb\u00e9m existem muitas ferramentas que ajudam a identificar vacas que n\u00e3o est\u00e3o prenhas ou que emprenharam no final da esta\u00e7\u00e3o de reprodu\u00e7\u00e3o. A remo\u00e7\u00e3o dessas vacas do rebanho ajuda a aumentar o desempenho reprodutivo geral, porque apenas as vacas que podem conceber no in\u00edcio da esta\u00e7\u00e3o de reprodu\u00e7\u00e3o s\u00e3o mantidas.<\/p>\n\n\n\n<p>Ao entender quando e como emprenhar suas vacas, a ABS desenvolveu programas e protocolos para ajudar os criadores de bovinos a obter a mais alta efici\u00eancia no desempenho reprodutivo.<\/p>\n\n\n\n<div style=\"height:50px\" aria-hidden=\"true\" class=\"wp-block-spacer\"><\/div>\n\n\n\n<h2 class=\"is-style-underline wp-block-heading\">Confira algumas das solu\u00e7\u00f5es ABS para desempenho reprodutivo<\/h2>\n\n\n\t\t<section id=\"\" class=\"alignwide section-wrapper section-wrapper-small-fluid block-product-slider\" data-magellan-target=\"\">\n\t\t\t<div class=\"carousel-card-section owl-carousel owl-theme\">\n\t\t\t\t\t\t\t\t\t\t<div class=\"card\">\n\t\t\t\t\t\t\t\t\t\t\t\t\t\t\t<img decoding=\"async\" class=\"card-img\" src=\"https:\/\/www-test.absglobal.com\/br\/wp-content\/uploads\/sites\/16\/2020\/04\/product-sync.jpg?w=823&#038;resize=375,250\" alt=\"Image of medical devices\">\n\t\t\t\t\t\t\t\t\t\t\t\t\t\t<div class=\"card-section\">\n\t\t\t\t\t\t\t\t<h3 class=\"card-title\">SYNC<\/h3>\n\t\t\t\t\t\t\t\t\t\t\t\t\t\t\t\t\t\t\t\t\t\t\t\t\t<p class=\"card-description\">Mais confian\u00e7a na insemina\u00e7\u00e3o do seu rebanho A ABS apresenta o SYNC: uma ferramenta simples e inovadora de gest\u00e3o reprodutiva de IATF. Com ela, o profissional de reprodu\u00e7\u00e3o da sua fazenda ter\u00e1 mais agilidade, seguran\u00e7a e precis\u00e3o na coleta de informa\u00e7\u00f5es. Os relat\u00f3rios detalhados, feitos de forma r\u00e1pida e simples, ser\u00e3o aliados para voc\u00ea aumentar [&hellip;]<\/p>\n\t\t\t\t\t\t\t\t\n\t\t\t\t\t\t\t\t<a href=\"https:\/\/www-test.absglobal.com\/br\/solucoes\/sync\/\" class=\"card-section-button button\">Saber Mais<\/a>\n\t\t\t\t\t\t\t<\/div>\n\t\t\t\t\t\t<\/div>\n\t\t\t\t\t\t\t\t\t\t\t\t<div class=\"card\">\n\t\t\t\t\t\t\t\t\t\t\t\t\t\t\t<img decoding=\"async\" class=\"card-img\" src=\"https:\/\/www-test.absglobal.com\/br\/wp-content\/uploads\/sites\/16\/2020\/04\/iatfmax.jpeg?w=1000&#038;resize=375,250\" alt=\"Image of medical devices\">\n\t\t\t\t\t\t\t\t\t\t\t\t\t\t<div class=\"card-section\">\n\t\t\t\t\t\t\t\t<h3 class=\"card-title\">IATFmax<\/h3>\n\t\t\t\t\t\t\t\t\t\t\t\t\t\t\t\t\t\t\t\t\t\t\t\t\t<p class=\"card-description\">Gra\u00e7as ao trabalho do Grupo IATF, a empresa pode criar, de forma pioneira, o Selo IATF em 2011. E em 2018 apresentou a evolu\u00e7\u00e3o para o IATFMAX, realizando uma \u00faltima atualiza\u00e7\u00e3o neste ano de 2020.Realizamos uma an\u00e1lise robusta dos dados identificando de forma \u00e1gil touros jovens superiores em IATF para agregar valor e aumentar a [&hellip;]<\/p>\n\t\t\t\t\t\t\t\t\n\t\t\t\t\t\t\t\t<a href=\"https:\/\/www-test.absglobal.com\/br\/solucoes\/iatfmax\/\" class=\"card-section-button button\">Saber Mais<\/a>\n\t\t\t\t\t\t\t<\/div>\n\t\t\t\t\t\t<\/div>\n\t\t\t\t\t\t\t\t\t\t\t\t<div class=\"card\">\n\t\t\t\t\t\t\t\t\t\t\t\t\t\t\t<img decoding=\"async\" class=\"card-img\" src=\"https:\/\/www-test.absglobal.com\/br\/wp-content\/uploads\/sites\/16\/2020\/04\/product-fertility-plus-1.jpg?w=1000&#038;resize=375,250\" alt=\"Image of medical devices\">\n\t\t\t\t\t\t\t\t\t\t\t\t\t\t<div class=\"card-section\">\n\t\t\t\t\t\t\t\t<h3 class=\"card-title\">Fertility Plus<\/h3>\n\t\t\t\t\t\t\t\t\t\t\t\t\t\t\t\t\t\t\t\t\t\t\t\t\t<p class=\"card-description\">Mais seguran\u00e7a nos resultados de concep\u00e7\u00e3o na IATF em gado de corte em situa\u00e7\u00f5es de maior desafio. O Fertility Plus \u00e9 uma dose de s\u00eamen heterosp\u00e9rmico, que cont\u00e9m ejaculado de tr\u00eas touros diferentes. O produto oferece maior seguran\u00e7a nos resultados de concep\u00e7\u00e3o na IATF, especialmente em situa\u00e7\u00f5es de maior desafio, tais como: vacas prim\u00edparas, com [&hellip;]<\/p>\n\t\t\t\t\t\t\t\t\n\t\t\t\t\t\t\t\t<a href=\"https:\/\/www-test.absglobal.com\/br\/solucoes\/fertility-plus\/\" class=\"card-section-button button\">Saber Mais<\/a>\n\t\t\t\t\t\t\t<\/div>\n\t\t\t\t\t\t<\/div>\n\t\t\t\t\t\t\t\t\t\t\t\t<div class=\"card\">\n\t\t\t\t\t\t\t\t\t\t\t\t\t\t\t<img decoding=\"async\" class=\"card-img\" src=\"https:\/\/www-test.absglobal.com\/br\/wp-content\/uploads\/sites\/16\/2020\/04\/embrioes.jpeg?w=1000&#038;resize=375,250\" alt=\"Image of medical devices\">\n\t\t\t\t\t\t\t\t\t\t\t\t\t\t<div class=\"card-section\">\n\t\t\t\t\t\t\t\t<h3 class=\"card-title\">Embri\u00f5es<\/h3>\n\t\t\t\t\t\t\t\t\t\t\t\t\t\t\t\t\t\t\t\t\t\t\t\t\t<p class=\"card-description\">Conhe\u00e7a a Linha NEO A combina\u00e7\u00e3o entre ci\u00eancia e tecnologia de ponta que proporciona melhoramento gen\u00e9tico com velocidade e efici\u00eancia. Os embri\u00f5es FIV permitem acelerar o melhoramento gen\u00e9tico bovino e diminuir o intervalo entre gera\u00e7\u00f5es. Ao selecionar a melhor gen\u00e9tica materna (doadoras) e paterna (touros) para a produ\u00e7\u00e3o dos embri\u00f5es, \u00e9 poss\u00edvel obter o melhoramento [&hellip;]<\/p>\n\t\t\t\t\t\t\t\t\n\t\t\t\t\t\t\t\t<a href=\"https:\/\/www-test.absglobal.com\/br\/solucoes\/embrioes-fiv\/\" class=\"card-section-button button\">Saber Mais<\/a>\n\t\t\t\t\t\t\t<\/div>\n\t\t\t\t\t\t<\/div>\n\t\t\t\t\t\t\t\t\t<\/div>\n\t\t<\/section>\n\t\t\n\n\n\t<section id=\"repFinder\" class=\"alignfull rep-finder\" data-magellan-target=\"repFinder\">\n\t\t<div class=\"section-wrapper\">\n\t\t\t\t\t\t\t<h2 class=\"section-title\">Encontre seu Representante ABS<\/h2>\n\t\t\t\n\t\t\t<div class=\"grid-x grid-margin-x align-justify rep-finder-inner\">\n\t\t\t\t<div class=\"cell medium-large-6\">\n\t\t\t\t\t<button class=\"button rep-finder-cta\" id=\"selectRep\" data-open=\"repFinderModal\">Encontre Seu Representante<\/button>\n\t\t\t\t\t<div class=\"rep-finder-selected-rep\" id=\"selectedRep\"><\/div>\n\t\t\t\t<\/div>\n\n\t\t\t\t\t\t\t\t\t<div class=\"cell medium-large-6\">\n\t\t\t\t\t\t<h4>D\u00favidas gerais<\/h4>\n\t\t\t\t\t\t<hr class=\"rep-finder-divider\">\n\t\t\t\t\t\t\t\t\t\t\t\t\t<ul class=\"rep-finder-details\">\n\t\t\t\t\t\t\t\t\t\t\t\t\t\t\t\t\t<li><a href=\"tel:(34) 3319-5400\"><h5><img decoding=\"async\" src=\"https:\/\/www-test.absglobal.com\/br\/wp-content\/themes\/abs\/dist\/assets\/img\/icons\/phone-icon.svg\" alt=\"Phone icon\"> (34) 3319-5400<\/h5><\/a><\/li>\n\t\t\t\t\t\t\t\t\t\t\t\t\t\t\t\t<\/ul>\n\t\t\t\t\t\t\t\t\t\t\t<\/div>\n\t\t\t\t\t\t\t<\/div>\n\t\t<\/div>\n\t<\/section>\n\t","protected":false},"excerpt":{"rendered":"<p>Desempenho reprodutivo \u00e9 uma das caracter\u00edsticas econ\u00f4micas mais importantes na produ\u00e7\u00e3o pecu\u00e1ria. Produtores de alto lucro s\u00e3o sempre os que apresentam a maior taxa de reprodu\u00e7\u00e3o no rebanho. \u00c9 importante gerenciar o rebanho de uma maneira que tenha o m\u00e1ximo de f\u00eameas poss\u00edvel nos primeiros 30 dias da esta\u00e7\u00e3o de procria\u00e7\u00e3o. Na ABS Global, gostamos [&hellip;]<\/p>\n","protected":false},"author":289,"featured_media":0,"parent":0,"menu_order":0,"comment_status":"closed","ping_status":"closed","template":"","meta":{"_acf_changed":false,"content-type":"","footnotes":""},"class_list":["post-2110","page","type-page","status-publish","hentry"],"acf":[],"yoast_head":"<!-- This site is optimized with the Yoast SEO Premium plugin v22.1 (Yoast SEO v25.3) - https:\/\/yoast.com\/wordpress\/plugins\/seo\/ -->\n<title>Desempenho reprodutivo - ABS Global Brasil<\/title>\n<meta name=\"robots\" content=\"index, follow, max-snippet:-1, max-image-preview:large, max-video-preview:-1\" \/>\n<link rel=\"canonical\" href=\"https:\/\/www-test.absglobal.com\/br\/performance\/\" \/>\n<meta property=\"og:locale\" content=\"pt_BR\" \/>\n<meta property=\"og:type\" content=\"article\" \/>\n<meta property=\"og:title\" content=\"Desempenho reprodutivo\" \/>\n<meta property=\"og:description\" content=\"Desempenho reprodutivo \u00e9 uma das caracter\u00edsticas econ\u00f4micas mais importantes na produ\u00e7\u00e3o pecu\u00e1ria. Produtores de alto lucro s\u00e3o sempre os que apresentam a maior taxa de reprodu\u00e7\u00e3o no rebanho. \u00c9 importante gerenciar o rebanho de uma maneira que tenha o m\u00e1ximo de f\u00eameas poss\u00edvel nos primeiros 30 dias da esta\u00e7\u00e3o de procria\u00e7\u00e3o. Na ABS Global, gostamos [&hellip;]\" \/>\n<meta property=\"og:url\" content=\"https:\/\/www-test.absglobal.com\/br\/performance\/\" \/>\n<meta property=\"og:site_name\" content=\"ABS Global Brasil\" \/>\n<meta property=\"article:modified_time\" content=\"2020-04-06T20:07:11+00:00\" \/>\n<meta name=\"twitter:card\" content=\"summary_large_image\" \/>\n<meta name=\"twitter:label1\" content=\"Est. reading time\" \/>\n\t<meta name=\"twitter:data1\" content=\"1 minuto\" \/>\n<script type=\"application\/ld+json\" class=\"yoast-schema-graph\">{\"@context\":\"https:\/\/schema.org\",\"@graph\":[{\"@type\":\"WebPage\",\"@id\":\"https:\/\/www-test.absglobal.com\/br\/performance\/\",\"url\":\"https:\/\/www-test.absglobal.com\/br\/performance\/\",\"name\":\"Desempenho reprodutivo - ABS Global Brasil\",\"isPartOf\":{\"@id\":\"https:\/\/www-test.absglobal.com\/br\/#website\"},\"datePublished\":\"2020-03-10T16:31:17+00:00\",\"dateModified\":\"2020-04-06T20:07:11+00:00\",\"breadcrumb\":{\"@id\":\"https:\/\/www-test.absglobal.com\/br\/performance\/#breadcrumb\"},\"inLanguage\":\"pt-BR\",\"potentialAction\":[{\"@type\":\"ReadAction\",\"target\":[\"https:\/\/www-test.absglobal.com\/br\/performance\/\"]}]},{\"@type\":\"BreadcrumbList\",\"@id\":\"https:\/\/www-test.absglobal.com\/br\/performance\/#breadcrumb\",\"itemListElement\":[{\"@type\":\"ListItem\",\"position\":1,\"name\":\"Home\",\"item\":\"https:\/\/www-test.absglobal.com\/br\/\"},{\"@type\":\"ListItem\",\"position\":2,\"name\":\"Desempenho reprodutivo\"}]},{\"@type\":\"WebSite\",\"@id\":\"https:\/\/www-test.absglobal.com\/br\/#website\",\"url\":\"https:\/\/www-test.absglobal.com\/br\/\",\"name\":\"ABS Global Brasil\",\"description\":\"\",\"publisher\":{\"@id\":\"https:\/\/www-test.absglobal.com\/br\/#organization\"},\"potentialAction\":[{\"@type\":\"SearchAction\",\"target\":{\"@type\":\"EntryPoint\",\"urlTemplate\":\"https:\/\/www-test.absglobal.com\/br\/?s={search_term_string}\"},\"query-input\":{\"@type\":\"PropertyValueSpecification\",\"valueRequired\":true,\"valueName\":\"search_term_string\"}}],\"inLanguage\":\"pt-BR\"},{\"@type\":\"Organization\",\"@id\":\"https:\/\/www-test.absglobal.com\/br\/#organization\",\"name\":\"ABS Global Brasil\",\"url\":\"https:\/\/www-test.absglobal.com\/br\/\",\"logo\":{\"@type\":\"ImageObject\",\"inLanguage\":\"pt-BR\",\"@id\":\"https:\/\/www-test.absglobal.com\/br\/#\/schema\/logo\/image\/\",\"url\":\"https:\/\/www-test.absglobal.com\/br\/wp-content\/uploads\/sites\/16\/2020\/03\/LogoRGB.png\",\"contentUrl\":\"https:\/\/www-test.absglobal.com\/br\/wp-content\/uploads\/sites\/16\/2020\/03\/LogoRGB.png\",\"width\":872,\"height\":1080,\"caption\":\"ABS Global Brasil \"},\"image\":{\"@id\":\"https:\/\/www-test.absglobal.com\/br\/#\/schema\/logo\/image\/\"}}]}<\/script>\n<!-- \/ Yoast SEO Premium plugin. -->","yoast_head_json":{"title":"Desempenho reprodutivo - ABS Global Brasil","robots":{"index":"index","follow":"follow","max-snippet":"max-snippet:-1","max-image-preview":"max-image-preview:large","max-video-preview":"max-video-preview:-1"},"canonical":"https:\/\/www-test.absglobal.com\/br\/performance\/","og_locale":"pt_BR","og_type":"article","og_title":"Desempenho reprodutivo","og_description":"Desempenho reprodutivo \u00e9 uma das caracter\u00edsticas econ\u00f4micas mais importantes na produ\u00e7\u00e3o pecu\u00e1ria. Produtores de alto lucro s\u00e3o sempre os que apresentam a maior taxa de reprodu\u00e7\u00e3o no rebanho. \u00c9 importante gerenciar o rebanho de uma maneira que tenha o m\u00e1ximo de f\u00eameas poss\u00edvel nos primeiros 30 dias da esta\u00e7\u00e3o de procria\u00e7\u00e3o. Na ABS Global, gostamos [&hellip;]","og_url":"https:\/\/www-test.absglobal.com\/br\/performance\/","og_site_name":"ABS Global Brasil","article_modified_time":"2020-04-06T20:07:11+00:00","twitter_card":"summary_large_image","twitter_misc":{"Est. reading time":"1 minuto"},"schema":{"@context":"https:\/\/schema.org","@graph":[{"@type":"WebPage","@id":"https:\/\/www-test.absglobal.com\/br\/performance\/","url":"https:\/\/www-test.absglobal.com\/br\/performance\/","name":"Desempenho reprodutivo - ABS Global Brasil","isPartOf":{"@id":"https:\/\/www-test.absglobal.com\/br\/#website"},"datePublished":"2020-03-10T16:31:17+00:00","dateModified":"2020-04-06T20:07:11+00:00","breadcrumb":{"@id":"https:\/\/www-test.absglobal.com\/br\/performance\/#breadcrumb"},"inLanguage":"pt-BR","potentialAction":[{"@type":"ReadAction","target":["https:\/\/www-test.absglobal.com\/br\/performance\/"]}]},{"@type":"BreadcrumbList","@id":"https:\/\/www-test.absglobal.com\/br\/performance\/#breadcrumb","itemListElement":[{"@type":"ListItem","position":1,"name":"Home","item":"https:\/\/www-test.absglobal.com\/br\/"},{"@type":"ListItem","position":2,"name":"Desempenho reprodutivo"}]},{"@type":"WebSite","@id":"https:\/\/www-test.absglobal.com\/br\/#website","url":"https:\/\/www-test.absglobal.com\/br\/","name":"ABS Global Brasil","description":"","publisher":{"@id":"https:\/\/www-test.absglobal.com\/br\/#organization"},"potentialAction":[{"@type":"SearchAction","target":{"@type":"EntryPoint","urlTemplate":"https:\/\/www-test.absglobal.com\/br\/?s={search_term_string}"},"query-input":{"@type":"PropertyValueSpecification","valueRequired":true,"valueName":"search_term_string"}}],"inLanguage":"pt-BR"},{"@type":"Organization","@id":"https:\/\/www-test.absglobal.com\/br\/#organization","name":"ABS Global Brasil","url":"https:\/\/www-test.absglobal.com\/br\/","logo":{"@type":"ImageObject","inLanguage":"pt-BR","@id":"https:\/\/www-test.absglobal.com\/br\/#\/schema\/logo\/image\/","url":"https:\/\/www-test.absglobal.com\/br\/wp-content\/uploads\/sites\/16\/2020\/03\/LogoRGB.png","contentUrl":"https:\/\/www-test.absglobal.com\/br\/wp-content\/uploads\/sites\/16\/2020\/03\/LogoRGB.png","width":872,"height":1080,"caption":"ABS Global Brasil "},"image":{"@id":"https:\/\/www-test.absglobal.com\/br\/#\/schema\/logo\/image\/"}}]}},"jetpack_sharing_enabled":true,"_links":{"self":[{"href":"https:\/\/www-test.absglobal.com\/br\/wp-json\/wp\/v2\/pages\/2110"}],"collection":[{"href":"https:\/\/www-test.absglobal.com\/br\/wp-json\/wp\/v2\/pages"}],"about":[{"href":"https:\/\/www-test.absglobal.com\/br\/wp-json\/wp\/v2\/types\/page"}],"author":[{"embeddable":true,"href":"https:\/\/www-test.absglobal.com\/br\/wp-json\/wp\/v2\/users\/289"}],"replies":[{"embeddable":true,"href":"https:\/\/www-test.absglobal.com\/br\/wp-json\/wp\/v2\/comments?post=2110"}],"version-history":[{"count":14,"href":"https:\/\/www-test.absglobal.com\/br\/wp-json\/wp\/v2\/pages\/2110\/revisions"}],"predecessor-version":[{"id":3205,"href":"https:\/\/www-test.absglobal.com\/br\/wp-json\/wp\/v2\/pages\/2110\/revisions\/3205"}],"wp:attachment":[{"href":"https:\/\/www-test.absglobal.com\/br\/wp-json\/wp\/v2\/media?parent=2110"}],"curies":[{"name":"wp","href":"https:\/\/api.w.org\/{rel}","templated":true}]}}