{"id":2105,"date":"2020-03-10T11:25:40","date_gmt":"2020-03-10T16:25:40","guid":{"rendered":"http:\/\/cms.genusplc.com\/absglobal\/?page_id=2105"},"modified":"2020-04-15T12:08:29","modified_gmt":"2020-04-15T17:08:29","slug":"cadeia-da-carne","status":"publish","type":"page","link":"https:\/\/www-test.absglobal.com\/br\/cadeia-da-carne\/","title":{"rendered":"Cadeia da Carne"},"content":{"rendered":"\n<p>Do parto ao abate, a jornada da cadeia de suprimentos de carne bovina \u00e9 baseada em tr\u00eas componentes principais: efici\u00eancia, sa\u00fade e gen\u00e9tica.<\/p>\n\n\n\n<p>A distribui\u00e7\u00e3o de trabalho entre produtores, engordadores de animais e frigor\u00edficos \u00e9 um componente essencial para garantir a efici\u00eancia e cada participante pode se concentrar no que faz de melhor. As efici\u00eancias obtidas com essa especializa\u00e7\u00e3o podem impactar fortemente os componentes da alimenta\u00e7\u00e3o e da sa\u00fade, enquanto a gen\u00e9tica s\u00f3 pode ser abordada no in\u00edcio do processo no est\u00e1gio do acasalamento, observando benef\u00edcios em toda cadeia de suprimentos.<\/p>\n\n\n\n<p>Ao conhecer o impacto da gen\u00e9tica na efici\u00eancia, na carca\u00e7a e na qualidade da carne, os frigor\u00edficos e os confinamentos est\u00e3o, agora, considerando a gen\u00e9tica como uma maneira de aumentar a sustentabilidade e a lucratividade em toda a cadeia de suprimentos de carne.<\/p>\n\n\n\n<h2 class=\"wp-block-heading\">A ABS desenvolveu solu\u00e7\u00f5es de corte com toda a cadeia de fornecimento de carne bovina em mente:<\/h2>\n\n\n\t\t<section id=\"\" class=\"alignwide section-wrapper section-wrapper-small-fluid block-product-slider\" data-magellan-target=\"\">\n\t\t\t<div class=\"carousel-card-section owl-carousel owl-theme\">\n\t\t\t\t\t\t\t\t\t\t<div class=\"card\">\n\t\t\t\t\t\t\t\t\t\t\t\t\t\t\t<img decoding=\"async\" class=\"card-img\" src=\"https:\/\/www-test.absglobal.com\/br\/wp-content\/uploads\/sites\/16\/2020\/04\/product-ABSXblack.jpg?w=1000&#038;resize=375,250\" alt=\"Image of medical devices\">\n\t\t\t\t\t\t\t\t\t\t\t\t\t\t<div class=\"card-section\">\n\t\t\t\t\t\t\t\t<h3 class=\"card-title\">ABS XBlack: gen\u00e9tica superior comprovada  para cruzamento industrial<\/h3>\n\t\t\t\t\t\t\t\t\t\t\t\t\t\t\t\t\t\t\t\t\t\t\t\t\t<p class=\"card-description\">Os melhores touros para confinamento e qualidade de carca\u00e7a O \u00edndice econ\u00f4mico que oferece aos pecuaristas de corte um ranking de touros mais lucrativos no cruzamento industrial, focado no desempenho para termina\u00e7\u00e3o em confinamento e qualidade de carca\u00e7a. O ABS XBlack \u00e9 um \u00edndice econ\u00f4mico que oferece aos pecuaristas de corte um ranking de touros [&hellip;]<\/p>\n\t\t\t\t\t\t\t\t\n\t\t\t\t\t\t\t\t<a href=\"https:\/\/www-test.absglobal.com\/br\/solucoes\/abs-xblack\/\" class=\"card-section-button button\">Saber Mais<\/a>\n\t\t\t\t\t\t\t<\/div>\n\t\t\t\t\t\t<\/div>\n\t\t\t\t\t\t\t\t\t\t\t\t<div class=\"card\">\n\t\t\t\t\t\t\t\t\t\t\t\t\t\t\t<img decoding=\"async\" class=\"card-img\" src=\"https:\/\/www-test.absglobal.com\/br\/wp-content\/uploads\/sites\/16\/2020\/02\/beef-infocus-product-page2.jpg?w=1000&#038;resize=375,250\" alt=\"Image of medical devices\">\n\t\t\t\t\t\t\t\t\t\t\t\t\t\t<div class=\"card-section\">\n\t\t\t\t\t\t\t\t<h3 class=\"card-title\">Beef InFocus\u2122<\/h3>\n\t\t\t\t\t\t\t\t\t\t\t\t\t\t\t\t\t\t\t\t\t\t\t\t\t<p class=\"card-description\">Beef InFocus\u2122 desenvolvido por NuEra Genetics\u2122 oferece ao produtor de leite gen\u00e9tica de corte provada e confi\u00e1vel para maximizar qualidade e efici\u00eancia \u00e0 cadeia da carne. MAIS RENTABILIDADE ATRAV\u00c9S DO CORTE NO LEITE Gen\u00e9tica de corte sob medida para rebanhos de leite Os touros Beef InFocus s\u00e3o criados especificamente para vacas de leite, para maximizar [&hellip;]<\/p>\n\t\t\t\t\t\t\t\t\n\t\t\t\t\t\t\t\t<a href=\"https:\/\/www-test.absglobal.com\/br\/solucoes\/beef-infocus\/\" class=\"card-section-button button\">Saber Mais<\/a>\n\t\t\t\t\t\t\t<\/div>\n\t\t\t\t\t\t<\/div>\n\t\t\t\t\t\t\t\t\t\t\t\t<div class=\"card\">\n\t\t\t\t\t\t\t\t\t\t\t\t\t\t\t<img decoding=\"async\" class=\"card-img\" src=\"https:\/\/www-test.absglobal.com\/br\/wp-content\/uploads\/sites\/16\/2020\/02\/nuera-product-page2.jpg?w=1024&#038;resize=375,250\" alt=\"Image of medical devices\">\n\t\t\t\t\t\t\t\t\t\t\t\t\t\t<div class=\"card-section\">\n\t\t\t\t\t\t\t\t<h3 class=\"card-title\">NuEra Genetics\u2122: Uma Nova Era no Melhoramento Gen\u00e9tico da Carne<\/h3>\n\t\t\t\t\t\t\t\t\t\t\t\t\t\t\t\t\t\t\t\t\t\t\t\t\t<p class=\"card-description\">A demanda por carne bovina de qualidade superior est\u00e1 crescendo em todo o mundo. Por isso, a cadeia produtiva busca constante animais saud\u00e1veis, eficientes e rent\u00e1veis para engorda e frigor\u00edfico. Mas por que isso afeta voc\u00ea como produtor? A ind\u00fastria compensa os produtores com base no rendimento do animal criado, independentemente de voc\u00ea ser um [&hellip;]<\/p>\n\t\t\t\t\t\t\t\t\n\t\t\t\t\t\t\t\t<a href=\"https:\/\/www-test.absglobal.com\/br\/solucoes\/nuera-genetics\/\" class=\"card-section-button button\">Saber Mais<\/a>\n\t\t\t\t\t\t\t<\/div>\n\t\t\t\t\t\t<\/div>\n\t\t\t\t\t\t\t\t\t<\/div>\n\t\t<\/section>\n\t\t\n\n\n\t<section id=\"repFinder\" class=\"alignfull rep-finder\" data-magellan-target=\"repFinder\">\n\t\t<div class=\"section-wrapper\">\n\t\t\t\t\t\t\t<h2 class=\"section-title\">Encontre seu Representante ABS<\/h2>\n\t\t\t\n\t\t\t<div class=\"grid-x grid-margin-x align-justify rep-finder-inner\">\n\t\t\t\t<div class=\"cell medium-large-6\">\n\t\t\t\t\t<button class=\"button rep-finder-cta\" id=\"selectRep\" data-open=\"repFinderModal\">Encontre Seu Representante<\/button>\n\t\t\t\t\t<div class=\"rep-finder-selected-rep\" id=\"selectedRep\"><\/div>\n\t\t\t\t<\/div>\n\n\t\t\t\t\t\t\t\t\t<div class=\"cell medium-large-6\">\n\t\t\t\t\t\t<h4>D\u00favidas gerais<\/h4>\n\t\t\t\t\t\t<hr class=\"rep-finder-divider\">\n\t\t\t\t\t\t\t\t\t\t\t\t\t<ul class=\"rep-finder-details\">\n\t\t\t\t\t\t\t\t\t\t\t\t\t\t\t\t\t<li><a href=\"tel:(34) 3319-5400\"><h5><img decoding=\"async\" src=\"https:\/\/www-test.absglobal.com\/br\/wp-content\/themes\/abs\/dist\/assets\/img\/icons\/phone-icon.svg\" alt=\"Phone icon\"> (34) 3319-5400<\/h5><\/a><\/li>\n\t\t\t\t\t\t\t\t\t\t\t\t\t\t\t\t<\/ul>\n\t\t\t\t\t\t\t\t\t\t\t<\/div>\n\t\t\t\t\t\t\t<\/div>\n\t\t<\/div>\n\t<\/section>\n\t","protected":false},"excerpt":{"rendered":"<p>Do parto ao abate, a jornada da cadeia de suprimentos de carne bovina \u00e9 baseada em tr\u00eas componentes principais: efici\u00eancia, sa\u00fade e gen\u00e9tica. A distribui\u00e7\u00e3o de trabalho entre produtores, engordadores de animais e frigor\u00edficos \u00e9 um componente essencial para garantir a efici\u00eancia e cada participante pode se concentrar no que faz de melhor. As efici\u00eancias [&hellip;]<\/p>\n","protected":false},"author":289,"featured_media":0,"parent":0,"menu_order":0,"comment_status":"closed","ping_status":"closed","template":"","meta":{"_acf_changed":false,"content-type":"","footnotes":""},"class_list":["post-2105","page","type-page","status-publish","hentry"],"acf":[],"yoast_head":"<!-- This site is optimized with the Yoast SEO Premium plugin v22.1 (Yoast SEO v25.3) - https:\/\/yoast.com\/wordpress\/plugins\/seo\/ -->\n<title>Cadeia da Carne - ABS Global Brasil<\/title>\n<meta name=\"robots\" content=\"index, follow, max-snippet:-1, max-image-preview:large, max-video-preview:-1\" \/>\n<link rel=\"canonical\" href=\"https:\/\/www-test.absglobal.com\/br\/cadeia-da-carne\/\" \/>\n<meta property=\"og:locale\" content=\"pt_BR\" \/>\n<meta property=\"og:type\" content=\"article\" \/>\n<meta property=\"og:title\" content=\"Cadeia da Carne\" \/>\n<meta property=\"og:description\" content=\"Do parto ao abate, a jornada da cadeia de suprimentos de carne bovina \u00e9 baseada em tr\u00eas componentes principais: efici\u00eancia, sa\u00fade e gen\u00e9tica. A distribui\u00e7\u00e3o de trabalho entre produtores, engordadores de animais e frigor\u00edficos \u00e9 um componente essencial para garantir a efici\u00eancia e cada participante pode se concentrar no que faz de melhor. As efici\u00eancias [&hellip;]\" \/>\n<meta property=\"og:url\" content=\"https:\/\/www-test.absglobal.com\/br\/cadeia-da-carne\/\" \/>\n<meta property=\"og:site_name\" content=\"ABS Global Brasil\" \/>\n<meta property=\"article:modified_time\" content=\"2020-04-15T17:08:29+00:00\" \/>\n<meta name=\"twitter:card\" content=\"summary_large_image\" \/>\n<meta name=\"twitter:label1\" content=\"Est. reading time\" \/>\n\t<meta name=\"twitter:data1\" content=\"1 minuto\" \/>\n<script type=\"application\/ld+json\" class=\"yoast-schema-graph\">{\"@context\":\"https:\/\/schema.org\",\"@graph\":[{\"@type\":\"WebPage\",\"@id\":\"https:\/\/www-test.absglobal.com\/br\/cadeia-da-carne\/\",\"url\":\"https:\/\/www-test.absglobal.com\/br\/cadeia-da-carne\/\",\"name\":\"Cadeia da Carne - ABS Global Brasil\",\"isPartOf\":{\"@id\":\"https:\/\/www-test.absglobal.com\/br\/#website\"},\"datePublished\":\"2020-03-10T16:25:40+00:00\",\"dateModified\":\"2020-04-15T17:08:29+00:00\",\"breadcrumb\":{\"@id\":\"https:\/\/www-test.absglobal.com\/br\/cadeia-da-carne\/#breadcrumb\"},\"inLanguage\":\"pt-BR\",\"potentialAction\":[{\"@type\":\"ReadAction\",\"target\":[\"https:\/\/www-test.absglobal.com\/br\/cadeia-da-carne\/\"]}]},{\"@type\":\"BreadcrumbList\",\"@id\":\"https:\/\/www-test.absglobal.com\/br\/cadeia-da-carne\/#breadcrumb\",\"itemListElement\":[{\"@type\":\"ListItem\",\"position\":1,\"name\":\"Home\",\"item\":\"https:\/\/www-test.absglobal.com\/br\/\"},{\"@type\":\"ListItem\",\"position\":2,\"name\":\"Cadeia da Carne\"}]},{\"@type\":\"WebSite\",\"@id\":\"https:\/\/www-test.absglobal.com\/br\/#website\",\"url\":\"https:\/\/www-test.absglobal.com\/br\/\",\"name\":\"ABS Global Brasil\",\"description\":\"\",\"publisher\":{\"@id\":\"https:\/\/www-test.absglobal.com\/br\/#organization\"},\"potentialAction\":[{\"@type\":\"SearchAction\",\"target\":{\"@type\":\"EntryPoint\",\"urlTemplate\":\"https:\/\/www-test.absglobal.com\/br\/?s={search_term_string}\"},\"query-input\":{\"@type\":\"PropertyValueSpecification\",\"valueRequired\":true,\"valueName\":\"search_term_string\"}}],\"inLanguage\":\"pt-BR\"},{\"@type\":\"Organization\",\"@id\":\"https:\/\/www-test.absglobal.com\/br\/#organization\",\"name\":\"ABS Global Brasil\",\"url\":\"https:\/\/www-test.absglobal.com\/br\/\",\"logo\":{\"@type\":\"ImageObject\",\"inLanguage\":\"pt-BR\",\"@id\":\"https:\/\/www-test.absglobal.com\/br\/#\/schema\/logo\/image\/\",\"url\":\"https:\/\/www-test.absglobal.com\/br\/wp-content\/uploads\/sites\/16\/2020\/03\/LogoRGB.png\",\"contentUrl\":\"https:\/\/www-test.absglobal.com\/br\/wp-content\/uploads\/sites\/16\/2020\/03\/LogoRGB.png\",\"width\":872,\"height\":1080,\"caption\":\"ABS Global Brasil \"},\"image\":{\"@id\":\"https:\/\/www-test.absglobal.com\/br\/#\/schema\/logo\/image\/\"}}]}<\/script>\n<!-- \/ Yoast SEO Premium plugin. -->","yoast_head_json":{"title":"Cadeia da Carne - ABS Global Brasil","robots":{"index":"index","follow":"follow","max-snippet":"max-snippet:-1","max-image-preview":"max-image-preview:large","max-video-preview":"max-video-preview:-1"},"canonical":"https:\/\/www-test.absglobal.com\/br\/cadeia-da-carne\/","og_locale":"pt_BR","og_type":"article","og_title":"Cadeia da Carne","og_description":"Do parto ao abate, a jornada da cadeia de suprimentos de carne bovina \u00e9 baseada em tr\u00eas componentes principais: efici\u00eancia, sa\u00fade e gen\u00e9tica. A distribui\u00e7\u00e3o de trabalho entre produtores, engordadores de animais e frigor\u00edficos \u00e9 um componente essencial para garantir a efici\u00eancia e cada participante pode se concentrar no que faz de melhor. As efici\u00eancias [&hellip;]","og_url":"https:\/\/www-test.absglobal.com\/br\/cadeia-da-carne\/","og_site_name":"ABS Global Brasil","article_modified_time":"2020-04-15T17:08:29+00:00","twitter_card":"summary_large_image","twitter_misc":{"Est. reading time":"1 minuto"},"schema":{"@context":"https:\/\/schema.org","@graph":[{"@type":"WebPage","@id":"https:\/\/www-test.absglobal.com\/br\/cadeia-da-carne\/","url":"https:\/\/www-test.absglobal.com\/br\/cadeia-da-carne\/","name":"Cadeia da Carne - ABS Global Brasil","isPartOf":{"@id":"https:\/\/www-test.absglobal.com\/br\/#website"},"datePublished":"2020-03-10T16:25:40+00:00","dateModified":"2020-04-15T17:08:29+00:00","breadcrumb":{"@id":"https:\/\/www-test.absglobal.com\/br\/cadeia-da-carne\/#breadcrumb"},"inLanguage":"pt-BR","potentialAction":[{"@type":"ReadAction","target":["https:\/\/www-test.absglobal.com\/br\/cadeia-da-carne\/"]}]},{"@type":"BreadcrumbList","@id":"https:\/\/www-test.absglobal.com\/br\/cadeia-da-carne\/#breadcrumb","itemListElement":[{"@type":"ListItem","position":1,"name":"Home","item":"https:\/\/www-test.absglobal.com\/br\/"},{"@type":"ListItem","position":2,"name":"Cadeia da Carne"}]},{"@type":"WebSite","@id":"https:\/\/www-test.absglobal.com\/br\/#website","url":"https:\/\/www-test.absglobal.com\/br\/","name":"ABS Global Brasil","description":"","publisher":{"@id":"https:\/\/www-test.absglobal.com\/br\/#organization"},"potentialAction":[{"@type":"SearchAction","target":{"@type":"EntryPoint","urlTemplate":"https:\/\/www-test.absglobal.com\/br\/?s={search_term_string}"},"query-input":{"@type":"PropertyValueSpecification","valueRequired":true,"valueName":"search_term_string"}}],"inLanguage":"pt-BR"},{"@type":"Organization","@id":"https:\/\/www-test.absglobal.com\/br\/#organization","name":"ABS Global Brasil","url":"https:\/\/www-test.absglobal.com\/br\/","logo":{"@type":"ImageObject","inLanguage":"pt-BR","@id":"https:\/\/www-test.absglobal.com\/br\/#\/schema\/logo\/image\/","url":"https:\/\/www-test.absglobal.com\/br\/wp-content\/uploads\/sites\/16\/2020\/03\/LogoRGB.png","contentUrl":"https:\/\/www-test.absglobal.com\/br\/wp-content\/uploads\/sites\/16\/2020\/03\/LogoRGB.png","width":872,"height":1080,"caption":"ABS Global Brasil "},"image":{"@id":"https:\/\/www-test.absglobal.com\/br\/#\/schema\/logo\/image\/"}}]}},"jetpack_sharing_enabled":true,"_links":{"self":[{"href":"https:\/\/www-test.absglobal.com\/br\/wp-json\/wp\/v2\/pages\/2105"}],"collection":[{"href":"https:\/\/www-test.absglobal.com\/br\/wp-json\/wp\/v2\/pages"}],"about":[{"href":"https:\/\/www-test.absglobal.com\/br\/wp-json\/wp\/v2\/types\/page"}],"author":[{"embeddable":true,"href":"https:\/\/www-test.absglobal.com\/br\/wp-json\/wp\/v2\/users\/289"}],"replies":[{"embeddable":true,"href":"https:\/\/www-test.absglobal.com\/br\/wp-json\/wp\/v2\/comments?post=2105"}],"version-history":[{"count":14,"href":"https:\/\/www-test.absglobal.com\/br\/wp-json\/wp\/v2\/pages\/2105\/revisions"}],"predecessor-version":[{"id":3424,"href":"https:\/\/www-test.absglobal.com\/br\/wp-json\/wp\/v2\/pages\/2105\/revisions\/3424"}],"wp:attachment":[{"href":"https:\/\/www-test.absglobal.com\/br\/wp-json\/wp\/v2\/media?parent=2105"}],"curies":[{"name":"wp","href":"https:\/\/api.w.org\/{rel}","templated":true}]}}