{"id":1745,"date":"2020-02-24T10:43:15","date_gmt":"2020-02-24T15:43:15","guid":{"rendered":"http:\/\/cms.genusplc.com\/absglobal\/?page_id=1745"},"modified":"2020-04-17T07:48:12","modified_gmt":"2020-04-17T12:48:12","slug":"avaliacao-genetica","status":"publish","type":"page","link":"https:\/\/www-test.absglobal.com\/br\/avaliacao-genetica\/","title":{"rendered":"Avalia\u00e7\u00e3o Gen\u00e9tica"},"content":{"rendered":"\n<h2 class=\"wp-block-heading\">Valida\u00e7\u00e3o, orienta\u00e7\u00e3o e intelig\u00eancia para o progresso gen\u00e9tico<\/h2>\n\n\n\n<div style=\"height:50px\" aria-hidden=\"true\" class=\"wp-block-spacer\"><\/div>\n\n\n\n<p>Por mais que gostar\u00edamos, o progresso gen\u00e9tico n\u00e3o pode ser visto da noite para o dia. Por esse motivo, pode ser dif\u00edcil ver a melhoria no seu rebanho no dia a dia.<\/p>\n\n\n\n<p>A avalia\u00e7\u00e3o gen\u00e9tica \u00e9 uma maneira de validar que a gen\u00e9tica est\u00e1 se movendo na dire\u00e7\u00e3o correta. Esse processo \u00e9 feito analisando o pedigree de um animal ou sua informa\u00e7\u00e3o gen\u00f4mica. Essa \u00e9 a maneira de assegurar que a pr\u00f3xima gera\u00e7\u00e3o seja melhor que a anterior, quando comparadas com os tra\u00e7os determinados no seu plano gen\u00e9tico inicial.<\/p>\n\n\n\n<p>Saber que nem todas as vacas s\u00e3o criadas da mesma forma tamb\u00e9m nos permite ajud\u00e1-lo a classificar seus animais do melhor para o pior. Isso pode ajud\u00e1-lo a selecionar o rebanho e identificar quais f\u00eameas ser\u00e3o usadas para criar sua pr\u00f3xima gera\u00e7\u00e3o.<\/p>\n\n\n\n<p>Seja avaliando seu rebanho por conta pr\u00f3pria ou contando com um consultor gen\u00e9tico, a avalia\u00e7\u00e3o gen\u00e9tica \u00e9 uma etapa crucial para mant\u00ea-lo no caminho de seus objetivos gen\u00e9ticos.<\/p>\n\n\n\n<div style=\"height:50px\" aria-hidden=\"true\" class=\"wp-block-spacer\"><\/div>\n\n\n\n<h2 class=\"is-style-underline wp-block-heading\">Solu\u00e7\u00f5es ABS para avalia\u00e7\u00e3o gen\u00e9tica incluem:<\/h2>\n\n\n\t\t<section id=\"\" class=\"alignwide section-wrapper section-wrapper-small-fluid block-product-slider\" data-magellan-target=\"\">\n\t\t\t<div class=\"carousel-card-section owl-carousel owl-theme\">\n\t\t\t\t\t\t\t\t\t\t<div class=\"card\">\n\t\t\t\t\t\t\t\t\t\t\t\t\t\t\t<img decoding=\"async\" class=\"card-img\" src=\"https:\/\/www-test.absglobal.com\/br\/wp-content\/uploads\/sites\/16\/2020\/02\/product-gms.jpg?w=1000&#038;resize=375,250\" alt=\"Image of medical devices\">\n\t\t\t\t\t\t\t\t\t\t\t\t\t\t<div class=\"card-section\">\n\t\t\t\t\t\t\t\t<h3 class=\"card-title\">GMS 2.0<\/h3>\n\t\t\t\t\t\t\t\t\t\t\t\t\t\t\t\t\t\t\t\t\t\t\t\t\t<p class=\"card-description\">A gen\u00e9tica est\u00e1 aperfei\u00e7oando.Seu programa de acasalamento deve fazer o mesmo. Desde 1968, o Genetic Management System\u00ae&nbsp;(GMS\u00ae) tem providenciado um abrangente sistema que otimiza o progresso gen\u00e9tico e simplifica o processo de cria\u00e7\u00e3o de animais. Desde o primeiro acasalamento pr\u00f3ximo a 50 anos atr\u00e1s, GMS processou mais de 80 milh\u00f5es de recomenda\u00e7\u00f5es de acasalamento, mais [&hellip;]<\/p>\n\t\t\t\t\t\t\t\t\n\t\t\t\t\t\t\t\t<a href=\"https:\/\/www-test.absglobal.com\/br\/solucoes\/gms\/\" class=\"card-section-button button\">Saber Mais<\/a>\n\t\t\t\t\t\t\t<\/div>\n\t\t\t\t\t\t<\/div>\n\t\t\t\t\t\t\t\t\t\t\t\t<div class=\"card\">\n\t\t\t\t\t\t\t\t\t\t\t\t\t\t\t<img decoding=\"async\" class=\"card-img\" src=\"https:\/\/www-test.absglobal.com\/br\/wp-content\/uploads\/sites\/16\/2020\/04\/product-gplan.jpg?w=1000&#038;resize=375,250\" alt=\"Image of medical devices\">\n\t\t\t\t\t\t\t\t\t\t\t\t\t\t<div class=\"card-section\">\n\t\t\t\t\t\t\t\t<h3 class=\"card-title\">GPlan<\/h3>\n\t\t\t\t\t\t\t\t\t\t\t\t\t\t\t\t\t\t\t\t\t\t\t\t\t<p class=\"card-description\">A ABS lan\u00e7a o GPlan, programa de indica\u00e7\u00e3o de touros Girolando que prioriza a produ\u00e7\u00e3o leiteira em sistemas tropicais. O GPlan \u00e9 o seu novo parceiro na tomada de decis\u00f5es importantes que influenciar\u00e3o os resultados das pr\u00f3ximas gera\u00e7\u00f5es. O programa visa otimizar o uso da gen\u00e9tica atrav\u00e9s de avalia\u00e7\u00f5es de produ\u00e7\u00e3o, conforma\u00e7\u00e3o e manejo, com [&hellip;]<\/p>\n\t\t\t\t\t\t\t\t\n\t\t\t\t\t\t\t\t<a href=\"https:\/\/www-test.absglobal.com\/br\/solucoes\/gplan\/\" class=\"card-section-button button\">Saber Mais<\/a>\n\t\t\t\t\t\t\t<\/div>\n\t\t\t\t\t\t<\/div>\n\t\t\t\t\t\t\t\t\t\t\t\t<div class=\"card\">\n\t\t\t\t\t\t\t\t\t\t\t\t\t\t\t<img decoding=\"async\" class=\"card-img\" src=\"https:\/\/www-test.absglobal.com\/br\/wp-content\/uploads\/sites\/16\/2020\/02\/product-genetic-audit-1.jpg?w=1000&#038;resize=375,250\" alt=\"Image of medical devices\">\n\t\t\t\t\t\t\t\t\t\t\t\t\t\t<div class=\"card-section\">\n\t\t\t\t\t\t\t\t<h3 class=\"card-title\">Auditoria Gen\u00e9tica<\/h3>\n\t\t\t\t\t\t\t\t\t\t\t\t\t\t\t\t\t\t\t\t\t\t\t\t\t<p class=\"card-description\">A mais nova ferramenta no portf\u00f3lio de servi\u00e7os gen\u00e9ticos &#8211; a Auditoria Gen\u00e9tica ABS &#8211; complementa perfeitamente o GMS 2.0 para obter o maior retorno do seu investimento gen\u00e9tico. Semelhante a uma an\u00e1lise completa, esta auditoria anual fornece uma vis\u00e3o geral da gen\u00e9tica de seu rebanho. Com essa linha de base, voc\u00ea pode fazer compara\u00e7\u00f5es [&hellip;]<\/p>\n\t\t\t\t\t\t\t\t\n\t\t\t\t\t\t\t\t<a href=\"https:\/\/www-test.absglobal.com\/br\/solucoes\/genetic-audit\/\" class=\"card-section-button button\">Saber Mais<\/a>\n\t\t\t\t\t\t\t<\/div>\n\t\t\t\t\t\t<\/div>\n\t\t\t\t\t\t\t\t\t<\/div>\n\t\t<\/section>\n\t\t\n\n\n\t<section id=\"repFinder\" class=\"alignfull rep-finder\" data-magellan-target=\"repFinder\">\n\t\t<div class=\"section-wrapper\">\n\t\t\t\t\t\t\t<h2 class=\"section-title\">Encontre seu Representante ABS<\/h2>\n\t\t\t\n\t\t\t<div class=\"grid-x grid-margin-x align-justify rep-finder-inner\">\n\t\t\t\t<div class=\"cell medium-large-6\">\n\t\t\t\t\t<button class=\"button rep-finder-cta\" id=\"selectRep\" data-open=\"repFinderModal\">Encontre Seu Representante<\/button>\n\t\t\t\t\t<div class=\"rep-finder-selected-rep\" id=\"selectedRep\"><\/div>\n\t\t\t\t<\/div>\n\n\t\t\t\t\t\t\t\t\t<div class=\"cell medium-large-6\">\n\t\t\t\t\t\t<h4>D\u00favidas gerais<\/h4>\n\t\t\t\t\t\t<hr class=\"rep-finder-divider\">\n\t\t\t\t\t\t\t\t\t\t\t\t\t<ul class=\"rep-finder-details\">\n\t\t\t\t\t\t\t\t\t\t\t\t\t\t\t\t\t<li><a href=\"tel:(34) 3319-5400\"><h5><img decoding=\"async\" src=\"https:\/\/www-test.absglobal.com\/br\/wp-content\/themes\/abs\/dist\/assets\/img\/icons\/phone-icon.svg\" alt=\"Phone icon\"> (34) 3319-5400<\/h5><\/a><\/li>\n\t\t\t\t\t\t\t\t\t\t\t\t\t\t\t\t<\/ul>\n\t\t\t\t\t\t\t\t\t\t\t<\/div>\n\t\t\t\t\t\t\t<\/div>\n\t\t<\/div>\n\t<\/section>\n\t","protected":false},"excerpt":{"rendered":"<p>Valida\u00e7\u00e3o, orienta\u00e7\u00e3o e intelig\u00eancia para o progresso gen\u00e9tico Por mais que gostar\u00edamos, o progresso gen\u00e9tico n\u00e3o pode ser visto da noite para o dia. Por esse motivo, pode ser dif\u00edcil ver a melhoria no seu rebanho no dia a dia. A avalia\u00e7\u00e3o gen\u00e9tica \u00e9 uma maneira de validar que a gen\u00e9tica est\u00e1 se movendo na [&hellip;]<\/p>\n","protected":false},"author":289,"featured_media":0,"parent":0,"menu_order":0,"comment_status":"closed","ping_status":"closed","template":"","meta":{"_acf_changed":false,"content-type":"","footnotes":""},"class_list":["post-1745","page","type-page","status-publish","hentry"],"acf":[],"yoast_head":"<!-- This site is optimized with the Yoast SEO Premium plugin v22.1 (Yoast SEO v25.3) - https:\/\/yoast.com\/wordpress\/plugins\/seo\/ -->\n<title>Avalia\u00e7\u00e3o Gen\u00e9tica - ABS Global Brasil<\/title>\n<meta name=\"robots\" content=\"index, follow, max-snippet:-1, max-image-preview:large, max-video-preview:-1\" \/>\n<link rel=\"canonical\" href=\"https:\/\/www-test.absglobal.com\/br\/avaliacao-genetica\/\" \/>\n<meta property=\"og:locale\" content=\"pt_BR\" \/>\n<meta property=\"og:type\" content=\"article\" \/>\n<meta property=\"og:title\" content=\"Avalia\u00e7\u00e3o Gen\u00e9tica\" \/>\n<meta property=\"og:description\" content=\"Valida\u00e7\u00e3o, orienta\u00e7\u00e3o e intelig\u00eancia para o progresso gen\u00e9tico Por mais que gostar\u00edamos, o progresso gen\u00e9tico n\u00e3o pode ser visto da noite para o dia. Por esse motivo, pode ser dif\u00edcil ver a melhoria no seu rebanho no dia a dia. A avalia\u00e7\u00e3o gen\u00e9tica \u00e9 uma maneira de validar que a gen\u00e9tica est\u00e1 se movendo na [&hellip;]\" \/>\n<meta property=\"og:url\" content=\"https:\/\/www-test.absglobal.com\/br\/avaliacao-genetica\/\" \/>\n<meta property=\"og:site_name\" content=\"ABS Global Brasil\" \/>\n<meta property=\"article:modified_time\" content=\"2020-04-17T12:48:12+00:00\" \/>\n<meta name=\"twitter:card\" content=\"summary_large_image\" \/>\n<meta name=\"twitter:label1\" content=\"Est. reading time\" \/>\n\t<meta name=\"twitter:data1\" content=\"1 minuto\" \/>\n<script type=\"application\/ld+json\" class=\"yoast-schema-graph\">{\"@context\":\"https:\/\/schema.org\",\"@graph\":[{\"@type\":\"WebPage\",\"@id\":\"https:\/\/www-test.absglobal.com\/br\/avaliacao-genetica\/\",\"url\":\"https:\/\/www-test.absglobal.com\/br\/avaliacao-genetica\/\",\"name\":\"Avalia\u00e7\u00e3o Gen\u00e9tica - ABS Global Brasil\",\"isPartOf\":{\"@id\":\"https:\/\/www-test.absglobal.com\/br\/#website\"},\"datePublished\":\"2020-02-24T15:43:15+00:00\",\"dateModified\":\"2020-04-17T12:48:12+00:00\",\"breadcrumb\":{\"@id\":\"https:\/\/www-test.absglobal.com\/br\/avaliacao-genetica\/#breadcrumb\"},\"inLanguage\":\"pt-BR\",\"potentialAction\":[{\"@type\":\"ReadAction\",\"target\":[\"https:\/\/www-test.absglobal.com\/br\/avaliacao-genetica\/\"]}]},{\"@type\":\"BreadcrumbList\",\"@id\":\"https:\/\/www-test.absglobal.com\/br\/avaliacao-genetica\/#breadcrumb\",\"itemListElement\":[{\"@type\":\"ListItem\",\"position\":1,\"name\":\"Home\",\"item\":\"https:\/\/www-test.absglobal.com\/br\/\"},{\"@type\":\"ListItem\",\"position\":2,\"name\":\"Avalia\u00e7\u00e3o Gen\u00e9tica\"}]},{\"@type\":\"WebSite\",\"@id\":\"https:\/\/www-test.absglobal.com\/br\/#website\",\"url\":\"https:\/\/www-test.absglobal.com\/br\/\",\"name\":\"ABS Global Brasil\",\"description\":\"\",\"publisher\":{\"@id\":\"https:\/\/www-test.absglobal.com\/br\/#organization\"},\"potentialAction\":[{\"@type\":\"SearchAction\",\"target\":{\"@type\":\"EntryPoint\",\"urlTemplate\":\"https:\/\/www-test.absglobal.com\/br\/?s={search_term_string}\"},\"query-input\":{\"@type\":\"PropertyValueSpecification\",\"valueRequired\":true,\"valueName\":\"search_term_string\"}}],\"inLanguage\":\"pt-BR\"},{\"@type\":\"Organization\",\"@id\":\"https:\/\/www-test.absglobal.com\/br\/#organization\",\"name\":\"ABS Global Brasil\",\"url\":\"https:\/\/www-test.absglobal.com\/br\/\",\"logo\":{\"@type\":\"ImageObject\",\"inLanguage\":\"pt-BR\",\"@id\":\"https:\/\/www-test.absglobal.com\/br\/#\/schema\/logo\/image\/\",\"url\":\"https:\/\/www-test.absglobal.com\/br\/wp-content\/uploads\/sites\/16\/2020\/03\/LogoRGB.png\",\"contentUrl\":\"https:\/\/www-test.absglobal.com\/br\/wp-content\/uploads\/sites\/16\/2020\/03\/LogoRGB.png\",\"width\":872,\"height\":1080,\"caption\":\"ABS Global Brasil \"},\"image\":{\"@id\":\"https:\/\/www-test.absglobal.com\/br\/#\/schema\/logo\/image\/\"}}]}<\/script>\n<!-- \/ Yoast SEO Premium plugin. -->","yoast_head_json":{"title":"Avalia\u00e7\u00e3o Gen\u00e9tica - ABS Global Brasil","robots":{"index":"index","follow":"follow","max-snippet":"max-snippet:-1","max-image-preview":"max-image-preview:large","max-video-preview":"max-video-preview:-1"},"canonical":"https:\/\/www-test.absglobal.com\/br\/avaliacao-genetica\/","og_locale":"pt_BR","og_type":"article","og_title":"Avalia\u00e7\u00e3o Gen\u00e9tica","og_description":"Valida\u00e7\u00e3o, orienta\u00e7\u00e3o e intelig\u00eancia para o progresso gen\u00e9tico Por mais que gostar\u00edamos, o progresso gen\u00e9tico n\u00e3o pode ser visto da noite para o dia. Por esse motivo, pode ser dif\u00edcil ver a melhoria no seu rebanho no dia a dia. A avalia\u00e7\u00e3o gen\u00e9tica \u00e9 uma maneira de validar que a gen\u00e9tica est\u00e1 se movendo na [&hellip;]","og_url":"https:\/\/www-test.absglobal.com\/br\/avaliacao-genetica\/","og_site_name":"ABS Global Brasil","article_modified_time":"2020-04-17T12:48:12+00:00","twitter_card":"summary_large_image","twitter_misc":{"Est. reading time":"1 minuto"},"schema":{"@context":"https:\/\/schema.org","@graph":[{"@type":"WebPage","@id":"https:\/\/www-test.absglobal.com\/br\/avaliacao-genetica\/","url":"https:\/\/www-test.absglobal.com\/br\/avaliacao-genetica\/","name":"Avalia\u00e7\u00e3o Gen\u00e9tica - ABS Global Brasil","isPartOf":{"@id":"https:\/\/www-test.absglobal.com\/br\/#website"},"datePublished":"2020-02-24T15:43:15+00:00","dateModified":"2020-04-17T12:48:12+00:00","breadcrumb":{"@id":"https:\/\/www-test.absglobal.com\/br\/avaliacao-genetica\/#breadcrumb"},"inLanguage":"pt-BR","potentialAction":[{"@type":"ReadAction","target":["https:\/\/www-test.absglobal.com\/br\/avaliacao-genetica\/"]}]},{"@type":"BreadcrumbList","@id":"https:\/\/www-test.absglobal.com\/br\/avaliacao-genetica\/#breadcrumb","itemListElement":[{"@type":"ListItem","position":1,"name":"Home","item":"https:\/\/www-test.absglobal.com\/br\/"},{"@type":"ListItem","position":2,"name":"Avalia\u00e7\u00e3o Gen\u00e9tica"}]},{"@type":"WebSite","@id":"https:\/\/www-test.absglobal.com\/br\/#website","url":"https:\/\/www-test.absglobal.com\/br\/","name":"ABS Global Brasil","description":"","publisher":{"@id":"https:\/\/www-test.absglobal.com\/br\/#organization"},"potentialAction":[{"@type":"SearchAction","target":{"@type":"EntryPoint","urlTemplate":"https:\/\/www-test.absglobal.com\/br\/?s={search_term_string}"},"query-input":{"@type":"PropertyValueSpecification","valueRequired":true,"valueName":"search_term_string"}}],"inLanguage":"pt-BR"},{"@type":"Organization","@id":"https:\/\/www-test.absglobal.com\/br\/#organization","name":"ABS Global Brasil","url":"https:\/\/www-test.absglobal.com\/br\/","logo":{"@type":"ImageObject","inLanguage":"pt-BR","@id":"https:\/\/www-test.absglobal.com\/br\/#\/schema\/logo\/image\/","url":"https:\/\/www-test.absglobal.com\/br\/wp-content\/uploads\/sites\/16\/2020\/03\/LogoRGB.png","contentUrl":"https:\/\/www-test.absglobal.com\/br\/wp-content\/uploads\/sites\/16\/2020\/03\/LogoRGB.png","width":872,"height":1080,"caption":"ABS Global Brasil "},"image":{"@id":"https:\/\/www-test.absglobal.com\/br\/#\/schema\/logo\/image\/"}}]}},"jetpack_sharing_enabled":true,"_links":{"self":[{"href":"https:\/\/www-test.absglobal.com\/br\/wp-json\/wp\/v2\/pages\/1745"}],"collection":[{"href":"https:\/\/www-test.absglobal.com\/br\/wp-json\/wp\/v2\/pages"}],"about":[{"href":"https:\/\/www-test.absglobal.com\/br\/wp-json\/wp\/v2\/types\/page"}],"author":[{"embeddable":true,"href":"https:\/\/www-test.absglobal.com\/br\/wp-json\/wp\/v2\/users\/289"}],"replies":[{"embeddable":true,"href":"https:\/\/www-test.absglobal.com\/br\/wp-json\/wp\/v2\/comments?post=1745"}],"version-history":[{"count":19,"href":"https:\/\/www-test.absglobal.com\/br\/wp-json\/wp\/v2\/pages\/1745\/revisions"}],"predecessor-version":[{"id":3444,"href":"https:\/\/www-test.absglobal.com\/br\/wp-json\/wp\/v2\/pages\/1745\/revisions\/3444"}],"wp:attachment":[{"href":"https:\/\/www-test.absglobal.com\/br\/wp-json\/wp\/v2\/media?parent=1745"}],"curies":[{"name":"wp","href":"https:\/\/api.w.org\/{rel}","templated":true}]}}